{"id":2549,"date":"2019-08-21T10:25:27","date_gmt":"2019-08-21T17:25:27","guid":{"rendered":"http:\/\/brandsstore.org\/?page_id=2549"},"modified":"2024-09-23T11:12:23","modified_gmt":"2024-09-23T18:12:23","slug":"returns-and-refunds","status":"publish","type":"page","link":"https:\/\/tpmadalina42.supserv.cozmoslabs.com\/en\/returns-and-refunds\/","title":{"rendered":"Return and Refund"},"content":{"rendered":"<div class=\"wp-block-cover alignfull is-light\"><span aria-hidden=\"true\" class=\"wp-block-cover__background has-background-dim-0 has-background-dim\"><\/span><img fetchpriority=\"high\" decoding=\"async\" width=\"1920\" height=\"730\" class=\"wp-block-cover__image-background wp-image-9634\" alt=\"\" src=\"https:\/\/35.176.211.177\/wp-content\/uploads\/2019\/09\/conditions-title-bg-scaled.jpg\" style=\"object-position:60% 21%\" data-object-fit=\"cover\" data-object-position=\"60% 21%\" srcset=\"https:\/\/tpmadalina42.supserv.cozmoslabs.com\/wp-content\/uploads\/2019\/09\/conditions-title-bg-scaled.jpg 1920w, https:\/\/tpmadalina42.supserv.cozmoslabs.com\/wp-content\/uploads\/2019\/09\/conditions-title-bg-scaled-416x158.jpg 416w, https:\/\/tpmadalina42.supserv.cozmoslabs.com\/wp-content\/uploads\/2019\/09\/conditions-title-bg-300x114.jpg 300w, https:\/\/tpmadalina42.supserv.cozmoslabs.com\/wp-content\/uploads\/2019\/09\/conditions-title-bg-768x292.jpg 768w, https:\/\/tpmadalina42.supserv.cozmoslabs.com\/wp-content\/uploads\/2019\/09\/conditions-title-bg-1024x389.jpg 1024w\" sizes=\"(max-width: 1920px) 100vw, 1920px\" \/><div class=\"wp-block-cover__inner-container is-layout-flow wp-block-cover-is-layout-flow\">\n<p class=\"has-text-align-center has-very-dark-gray-color has-text-color has-huge-font-size\">Return and Refund<\/p>\n<\/div><\/div>\n\n\n\n<div style=\"height:60px\" aria-hidden=\"true\" class=\"wp-block-spacer\"><\/div>\n\n\n\n<div class=\"wp-block-columns has-2-columns is-layout-flex wp-container-core-columns-is-layout-1 wp-block-columns-is-layout-flex\">\n<div class=\"wp-block-column is-layout-flow wp-block-column-is-layout-flow\">\n<p>Fill out the form within 14 (fourteen) days of receiving the parcel and wait for an email from our customer service.<br>We will send you instructions and a return address to prepare the return. Returns after the 14-day period will be refused.<\/p>\n\n\n\n<p><strong>Change of mind of the customer<\/strong>: The cost of returns due to the customer's change of mind will be borne by the customer and should always be returned with an active tracking number.<\/p>\n\n\n\n<p>The sender is responsible for customs duties. If you are sending a shipment from the USA to Europe or from Europe to the USA, please select \"The sender is responsible for customs duties\".<\/p>\n\n\n\n<p>All returns must be returned via UPS, DHL or FedEx. Due to the long delivery times, we do not accept returns with local postal services.<\/p>\n\n\n\n<p><strong>Defective or incorrect items<\/strong>If you come across defective or incorrectly shipped items, we will provide you with a return label so that you can return the defective\/incorrect item to us.<\/p>\n\n\n\n<p><strong>Conditional return conditions<\/strong>Please note that all returns are subject to a quality inspection upon arrival. If we refuse the return due to damage or for any other reason (if the products have been worn, washed or show signs of use), we reserve the right to refuse a refund for this return. In the event of a refused return, the order will be returned to the buyer and all additional shipping costs will be borne by the buyer.<\/p>\n\n\n\n<p><strong>Reimbursement:<\/strong> Returns are made in the form of a refund of the fee to the payment method originally used during the payment process.<\/p>\n\n\n\n<p>Please allow 5 to 7 working days from the day we receive the returned parcel for the amount to appear in your account. However, the processing times depend on your bank. You will receive a confirmation email after a return has been processed.<\/p>\n\n\n\n<h4 class=\"wp-block-heading\"><strong>What you need to put in the parcel:<\/strong><\/h4>\n\n\n\n<p>Attach a copy of the <strong>Order number<\/strong> in the parcel. If no number is found later, we do not guarantee the refund of the returned goods.<\/p>\n\n\n\n<p>The products must be returned intact and with the original packaging. The full return conditions can be found in the General Terms and Conditions of this Website.<\/p>\n<\/div>\n\n\n\n<div class=\"wp-block-column is-layout-flow wp-block-column-is-layout-flow\"><p>[contact-form-7 id=&#8220;7915&#8243; title=&#8220;Returns&#8220;]<\/p>\n<\/div>\n<\/div>","protected":false},"excerpt":{"rendered":"<p>F\u00fcllen Sie das Formular aus innerhalb von 14 (vierzehn) Tagen nach Erhalt das Paket&nbsp; und warten Sie auf eine E-Mail von unserem Kundenservice.Wir senden Ihnen Anweisungen und eine R\u00fccksendeadresse zur Vorbereitung der R\u00fccksendung. R\u00fccksendungen nach Ablauf der 14-t\u00e4gigen Frist werden abgelehnt. \u00c4nderung der Meinung des Kunden: Die Kosten f\u00fcr R\u00fccksendungen, die auf die \u00c4nderung der [&hellip;]<\/p>","protected":false},"author":2,"featured_media":0,"parent":0,"menu_order":0,"comment_status":"closed","ping_status":"closed","template":"template-fullwidth.php","meta":{"footnotes":""},"class_list":["post-2549","page","type-page","status-publish","hentry"],"_links":{"self":[{"href":"https:\/\/tpmadalina42.supserv.cozmoslabs.com\/en\/wp-json\/wp\/v2\/pages\/2549","targetHints":{"allow":["GET"]}}],"collection":[{"href":"https:\/\/tpmadalina42.supserv.cozmoslabs.com\/en\/wp-json\/wp\/v2\/pages"}],"about":[{"href":"https:\/\/tpmadalina42.supserv.cozmoslabs.com\/en\/wp-json\/wp\/v2\/types\/page"}],"author":[{"embeddable":true,"href":"https:\/\/tpmadalina42.supserv.cozmoslabs.com\/en\/wp-json\/wp\/v2\/users\/2"}],"replies":[{"embeddable":true,"href":"https:\/\/tpmadalina42.supserv.cozmoslabs.com\/en\/wp-json\/wp\/v2\/comments?post=2549"}],"version-history":[{"count":14,"href":"https:\/\/tpmadalina42.supserv.cozmoslabs.com\/en\/wp-json\/wp\/v2\/pages\/2549\/revisions"}],"predecessor-version":[{"id":289529,"href":"https:\/\/tpmadalina42.supserv.cozmoslabs.com\/en\/wp-json\/wp\/v2\/pages\/2549\/revisions\/289529"}],"wp:attachment":[{"href":"https:\/\/tpmadalina42.supserv.cozmoslabs.com\/en\/wp-json\/wp\/v2\/media?parent=2549"}],"curies":[{"name":"wp","href":"https:\/\/api.w.org\/{rel}","templated":true}]}}