{"id":2549,"date":"2019-08-21T10:25:27","date_gmt":"2019-08-21T17:25:27","guid":{"rendered":"http:\/\/brandsstore.org\/?page_id=2549"},"modified":"2024-09-23T11:12:23","modified_gmt":"2024-09-23T18:12:23","slug":"returns-and-refunds","status":"publish","type":"page","link":"https:\/\/tpmadalina42.supserv.cozmoslabs.com\/fi\/palautukset-ja-hyvitykset\/","title":{"rendered":"Palautusk\u00e4yt\u00e4nt\u00f6"},"content":{"rendered":"<div class=\"wp-block-cover alignfull is-light\"><span aria-hidden=\"true\" class=\"wp-block-cover__background has-background-dim-0 has-background-dim\"><\/span><img fetchpriority=\"high\" decoding=\"async\" width=\"1920\" height=\"730\" class=\"wp-block-cover__image-background wp-image-9634\" alt=\"\" src=\"https:\/\/35.176.211.177\/wp-content\/uploads\/2019\/09\/conditions-title-bg-scaled.jpg\" style=\"object-position:60% 21%\" data-object-fit=\"cover\" data-object-position=\"60% 21%\" srcset=\"https:\/\/tpmadalina42.supserv.cozmoslabs.com\/wp-content\/uploads\/2019\/09\/conditions-title-bg-scaled.jpg 1920w, https:\/\/tpmadalina42.supserv.cozmoslabs.com\/wp-content\/uploads\/2019\/09\/conditions-title-bg-scaled-416x158.jpg 416w, https:\/\/tpmadalina42.supserv.cozmoslabs.com\/wp-content\/uploads\/2019\/09\/conditions-title-bg-300x114.jpg 300w, https:\/\/tpmadalina42.supserv.cozmoslabs.com\/wp-content\/uploads\/2019\/09\/conditions-title-bg-768x292.jpg 768w, https:\/\/tpmadalina42.supserv.cozmoslabs.com\/wp-content\/uploads\/2019\/09\/conditions-title-bg-1024x389.jpg 1024w\" sizes=\"(max-width: 1920px) 100vw, 1920px\" \/><div class=\"wp-block-cover__inner-container is-layout-flow wp-block-cover-is-layout-flow\">\n<p class=\"has-text-align-center has-very-dark-gray-color has-text-color has-huge-font-size\">Palautusk\u00e4yt\u00e4nt\u00f6<\/p>\n<\/div><\/div>\n\n\n\n<div style=\"height:60px\" aria-hidden=\"true\" class=\"wp-block-spacer\"><\/div>\n\n\n\n<div class=\"wp-block-columns has-2-columns is-layout-flex wp-container-core-columns-is-layout-1 wp-block-columns-is-layout-flex\">\n<div class=\"wp-block-column is-layout-flow wp-block-column-is-layout-flow\">\n<p>T\u00e4yt\u00e4 lomake 14 (nelj\u00e4ntoista) p\u00e4iv\u00e4n kuluessa paketin vastaanottamisesta ja odota s\u00e4hk\u00f6postiviesti\u00e4 asiakaspalvelustamme.<br>L\u00e4het\u00e4mme sinulle ohjeet ja palautusosoitteen palautuksen valmistelua varten. 14 p\u00e4iv\u00e4n jakson j\u00e4lkeen tehdyt palautukset hyl\u00e4t\u00e4\u00e4n.<\/p>\n\n\n\n<p><strong>Asiakkaan mielen muuttaminen<\/strong>: Asiakkaan mielenmuutoksesta johtuvat palautuskustannukset j\u00e4\u00e4v\u00e4t asiakkaan maksettavaksi ja ne tulee aina palauttaa aktiivisella seurantanumerolla.<\/p>\n\n\n\n<p>L\u00e4hett\u00e4j\u00e4 vastaa tullimaksuista. Siksi, jos l\u00e4het\u00e4t l\u00e4hetyst\u00e4 Yhdysvalloista Eurooppaan tai Euroopasta Yhdysvaltoihin, valitse &quot;L\u00e4hett\u00e4j\u00e4 maksaa tullimaksut&quot;.<\/p>\n\n\n\n<p>Kaikki palautukset on l\u00e4hetett\u00e4v\u00e4 takaisin UPS:n, DHL:n tai FedExin kautta. Pitkien toimitusaikojen vuoksi emme ota vastaan palautuksia paikallisten postipalvelujen tarjoajien kautta.<\/p>\n\n\n\n<p><strong>Vialliset tai v\u00e4\u00e4r\u00e4t tuotteet<\/strong>: Jos kohtaat viallisia tai v\u00e4\u00e4rin toimitettuja tuotteita, toimitamme sinulle palautuslipun, jotta voit l\u00e4hett\u00e4\u00e4 viallisen\/virheellisen tuotteen takaisin meille.<\/p>\n\n\n\n<p><strong>Ehdollinen palautusk\u00e4yt\u00e4nt\u00f6<\/strong>: Huomaa, ett\u00e4 kaikille palautuksille suoritetaan laaduntarkastus saapumisen yhteydess\u00e4. Jos hylk\u00e4\u00e4mme palautuksen vaurion tai muun syyn vuoksi (jos tuotteet ovat k\u00e4ytettyj\u00e4, pesty tai niiss\u00e4 on kulumisen merkkej\u00e4), pid\u00e4t\u00e4mme oikeuden kielt\u00e4yty\u00e4 palauttamasta palautusta. Mik\u00e4li palautus ev\u00e4t\u00e4\u00e4n, tilaus palautetaan ostajalle ja ostaja maksaa mahdolliset ylim\u00e4\u00e4r\u00e4iset toimituskulut.<\/p>\n\n\n\n<p><strong>Palauttaa:<\/strong> Palautus tapahtuu maksun palautuksena alkuper\u00e4iselle kassalla k\u00e4ytetylle maksutavalle.<\/p>\n\n\n\n<p>Odota 5\u20137 arkip\u00e4iv\u00e4\u00e4 palautuksen vastaanottamisesta, kunnes summa n\u00e4kyy tilill\u00e4si. K\u00e4sittelyajat riippuvat kuitenkin pankistasi. Saat vahvistuss\u00e4hk\u00f6postin palautuksen k\u00e4sittelyn j\u00e4lkeen.<\/p>\n\n\n\n<h4 class=\"wp-block-heading\"><strong>Mit\u00e4 sinun tulee laittaa pakettiin:<\/strong><\/h4>\n\n\n\n<p>Liit\u00e4 mukaan kopio <strong>Tilausnumero<\/strong> pakettiin. Jos numeroa ei my\u00f6hemmin l\u00f6ydy, emme takaa palautusta palautetuille tuotteille.<\/p>\n\n\n\n<p>Tuotteet tulee palauttaa ehjin\u00e4 ja alkuper\u00e4ispakkauksessaan. Katso t\u00e4ydelliset palautusk\u00e4yt\u00e4nn\u00f6t t\u00e4m\u00e4n sivuston k\u00e4ytt\u00f6ehdoista.<\/p>\n<\/div>\n\n\n\n<div class=\"wp-block-column is-layout-flow wp-block-column-is-layout-flow\"><p>[contact-form-7 id=&#8220;7915&#8243; title=&#8220;Returns&#8220;]<\/p>\n<\/div>\n<\/div>","protected":false},"excerpt":{"rendered":"<p>F\u00fcllen Sie das Formular aus innerhalb von 14 (vierzehn) Tagen nach Erhalt das Paket&nbsp; und warten Sie auf eine E-Mail von unserem Kundenservice.Wir senden Ihnen Anweisungen und eine R\u00fccksendeadresse zur Vorbereitung der R\u00fccksendung. R\u00fccksendungen nach Ablauf der 14-t\u00e4gigen Frist werden abgelehnt. \u00c4nderung der Meinung des Kunden: Die Kosten f\u00fcr R\u00fccksendungen, die auf die \u00c4nderung der [&hellip;]<\/p>","protected":false},"author":2,"featured_media":0,"parent":0,"menu_order":0,"comment_status":"closed","ping_status":"closed","template":"template-fullwidth.php","meta":{"footnotes":""},"class_list":["post-2549","page","type-page","status-publish","hentry"],"_links":{"self":[{"href":"https:\/\/tpmadalina42.supserv.cozmoslabs.com\/fi\/wp-json\/wp\/v2\/pages\/2549","targetHints":{"allow":["GET"]}}],"collection":[{"href":"https:\/\/tpmadalina42.supserv.cozmoslabs.com\/fi\/wp-json\/wp\/v2\/pages"}],"about":[{"href":"https:\/\/tpmadalina42.supserv.cozmoslabs.com\/fi\/wp-json\/wp\/v2\/types\/page"}],"author":[{"embeddable":true,"href":"https:\/\/tpmadalina42.supserv.cozmoslabs.com\/fi\/wp-json\/wp\/v2\/users\/2"}],"replies":[{"embeddable":true,"href":"https:\/\/tpmadalina42.supserv.cozmoslabs.com\/fi\/wp-json\/wp\/v2\/comments?post=2549"}],"version-history":[{"count":14,"href":"https:\/\/tpmadalina42.supserv.cozmoslabs.com\/fi\/wp-json\/wp\/v2\/pages\/2549\/revisions"}],"predecessor-version":[{"id":289529,"href":"https:\/\/tpmadalina42.supserv.cozmoslabs.com\/fi\/wp-json\/wp\/v2\/pages\/2549\/revisions\/289529"}],"wp:attachment":[{"href":"https:\/\/tpmadalina42.supserv.cozmoslabs.com\/fi\/wp-json\/wp\/v2\/media?parent=2549"}],"curies":[{"name":"wp","href":"https:\/\/api.w.org\/{rel}","templated":true}]}}