{"id":123694,"date":"2024-07-23T05:48:47","date_gmt":"2024-07-23T12:48:47","guid":{"rendered":"https:\/\/glandine.com\/product\/roccobarocco-knielanges-etuikleid-mit-nieten-in-beige\/"},"modified":"2024-11-29T11:51:08","modified_gmt":"2024-11-29T10:51:08","slug":"roccobarocco-knielanges-etuikleid-mit-nieten-in-beige","status":"publish","type":"product","link":"https:\/\/tpmadalina42.supserv.cozmoslabs.com\/fi\/tuote-2\/roccobarocco-knielanges-etuikleid-mit-nieten-in-beige\/","title":{"rendered":"Roccobarocco polvipituinen tuppimekko beigen v\u00e4risill\u00e4 napeilla"},"content":{"rendered":"<p>Pirist\u00e4 vaatekaappiasi t\u00e4ll\u00e4 Roccobaroccon upealla uudella tunnisteilla varustetulla vaihtomekolla. Polvipituinen leikkaus ja hihaton muotoilu antavat sille tyylikk\u00e4\u00e4n, ajattoman siluetin, joka sopii t\u00e4ydellisesti erilaisiin tilaisuuksiin. Neuloilla koristellussa mekossa on tyylik\u00e4s kaula-aukko ja vy\u00f6t\u00e4r\u00f6ll\u00e4 solmiot imartelevan istuvuuden takaamiseksi. Alkuper\u00e4isten merkint\u00f6jen ja merkkilaukun mukana mekko huokuu ylellisyytt\u00e4 ja hienostuneisuutta.<\/p>\n<ul>\n<li>V\u00e4ri: beige<\/li>\n<li>Materiaali: viskoosi<\/li>\n<li>Alkuper\u00e4maa: IT<\/li>\n<\/ul>","protected":false},"excerpt":{"rendered":"<p>Peppen Sie Ihre Garderobe mit diesem atemberaubenden New-with-Tags Etuikleid von Roccobarocco auf. Der knielange Schnitt und das \u00e4rmellose Design verleihen ihm eine schicke, zeitlose Silhouette, perfekt f\u00fcr verschiedene Anl\u00e4sse. Das mit Nieten verzierte Kleid hat einen eleganten Rundhalsausschnitt und l\u00e4sst sich in der Taille binden, um eine schmeichelhafte Passform zu gew\u00e4hrleisten. Das Kleid wird von [&hellip;]<\/p>","protected":false},"featured_media":123688,"template":"","meta":[],"product_brand":[1751],"product_cat":[1637,1659,1623],"product_tag":[],"class_list":{"0":"post-123694","1":"product","2":"type-product","3":"status-publish","4":"has-post-thumbnail","6":"product_brand-roccobarocco","7":"product_cat-frauen-kleidung","8":"product_cat-kleider","9":"product_cat-kleidung","11":"first","12":"instock","13":"sale","14":"taxable","15":"shipping-taxable","16":"purchasable","17":"product-type-variable"},"_links":{"self":[{"href":"https:\/\/tpmadalina42.supserv.cozmoslabs.com\/fi\/wp-json\/wp\/v2\/product\/123694","targetHints":{"allow":["GET"]}}],"collection":[{"href":"https:\/\/tpmadalina42.supserv.cozmoslabs.com\/fi\/wp-json\/wp\/v2\/product"}],"about":[{"href":"https:\/\/tpmadalina42.supserv.cozmoslabs.com\/fi\/wp-json\/wp\/v2\/types\/product"}],"wp:featuredmedia":[{"embeddable":true,"href":"https:\/\/tpmadalina42.supserv.cozmoslabs.com\/fi\/wp-json\/wp\/v2\/media\/123688"}],"wp:attachment":[{"href":"https:\/\/tpmadalina42.supserv.cozmoslabs.com\/fi\/wp-json\/wp\/v2\/media?parent=123694"}],"wp:term":[{"taxonomy":"product_brand","embeddable":true,"href":"https:\/\/tpmadalina42.supserv.cozmoslabs.com\/fi\/wp-json\/wp\/v2\/product_brand?post=123694"},{"taxonomy":"product_cat","embeddable":true,"href":"https:\/\/tpmadalina42.supserv.cozmoslabs.com\/fi\/wp-json\/wp\/v2\/product_cat?post=123694"},{"taxonomy":"product_tag","embeddable":true,"href":"https:\/\/tpmadalina42.supserv.cozmoslabs.com\/fi\/wp-json\/wp\/v2\/product_tag?post=123694"}],"curies":[{"name":"wp","href":"https:\/\/api.w.org\/{rel}","templated":true}]}}