{"id":124595,"date":"2024-07-23T06:32:39","date_gmt":"2024-07-23T13:32:39","guid":{"rendered":"https:\/\/glandine.com\/product\/dolce-gabbana-gelbes-minikleid-aus-spitze-mit-kristallverzierung\/"},"modified":"2024-11-29T12:01:46","modified_gmt":"2024-11-29T11:01:46","slug":"dolce-gabbana-gelbes-minikleid-aus-spitze-mit-kristallverzierung","status":"publish","type":"product","link":"https:\/\/tpmadalina42.supserv.cozmoslabs.com\/fi\/tuote-2\/dolce-gabbana-gelbes-minikleid-aus-spitze-mit-kristallverzierung\/","title":{"rendered":"Dolce &amp; Gabbana Gelbes Minikleid aus Spitze mit Kristallverzierung"},"content":{"rendered":"<p>G\u00f6nnen Sie sich den Inbegriff hochmodischer Eleganz mit diesem umwerfenden gelben, mit Kristallen verzierten Minikleid aus Spitze von Dolce &amp; Gabbana. Perfekt f\u00fcr Gala-Events oder exklusive Partys, ist dieses Meisterst\u00fcck ein Symbol f\u00fcr luxuri\u00f6sen Stil und Handwerkskunst. Es ist mit einem Kragen in gelben und klaren Kristallen sowie Perlen verziert und hat eine glamour\u00f6se Etuikleid-Silhouette mit 3\/4-\u00c4rmeln. Das in Italien sorgf\u00e4ltig gefertigte Kleid verf\u00fcgt \u00fcber einen durchgehenden Rei\u00dfverschluss am R\u00fccken und ein bequemes Stretch-Seidenfutter f\u00fcr eine perfekte Passform. Die kniehohe L\u00e4nge verleiht diesem klassischen Spitzendesign einen modernen Charme und macht es zu einer seltenen und einzigartigen Erg\u00e4nzung in der Sammlung eines jeden Modekenners.<\/p>\n<ul>\n<li>V\u00e4ri: Keltainen<\/li>\n<li>Material: 62% Metall, 30% Seide, 8% Nylon<\/li>\n<li>Futter: 96% Seide, 4% Elastan Stretch<\/li>\n<li>\u00c4u\u00dfere Anwendung: 71% Glas, 29% Messing<\/li>\n<li>Alkuper\u00e4maa: IT<\/li>\n<\/ul>","protected":false},"excerpt":{"rendered":"<p>G\u00f6nnen Sie sich den Inbegriff hochmodischer Eleganz mit diesem umwerfenden gelben, mit Kristallen verzierten Minikleid aus Spitze von Dolce &amp; Gabbana. Perfekt f\u00fcr Gala-Events oder exklusive Partys, ist dieses Meisterst\u00fcck ein Symbol f\u00fcr luxuri\u00f6sen Stil und Handwerkskunst. Es ist mit einem Kragen in gelben und klaren Kristallen sowie Perlen verziert und hat eine glamour\u00f6se Etuikleid-Silhouette [&hellip;]<\/p>","protected":false},"featured_media":124587,"template":"","meta":[],"product_brand":[1620],"product_cat":[1637,1659,1623],"product_tag":[],"class_list":{"0":"post-124595","1":"product","2":"type-product","3":"status-publish","4":"has-post-thumbnail","6":"product_brand-dolce-gabbana","7":"product_cat-frauen-kleidung","8":"product_cat-kleider","9":"product_cat-kleidung","11":"first","12":"instock","13":"sale","14":"taxable","15":"shipping-taxable","16":"purchasable","17":"product-type-variable"},"_links":{"self":[{"href":"https:\/\/tpmadalina42.supserv.cozmoslabs.com\/fi\/wp-json\/wp\/v2\/product\/124595","targetHints":{"allow":["GET"]}}],"collection":[{"href":"https:\/\/tpmadalina42.supserv.cozmoslabs.com\/fi\/wp-json\/wp\/v2\/product"}],"about":[{"href":"https:\/\/tpmadalina42.supserv.cozmoslabs.com\/fi\/wp-json\/wp\/v2\/types\/product"}],"wp:featuredmedia":[{"embeddable":true,"href":"https:\/\/tpmadalina42.supserv.cozmoslabs.com\/fi\/wp-json\/wp\/v2\/media\/124587"}],"wp:attachment":[{"href":"https:\/\/tpmadalina42.supserv.cozmoslabs.com\/fi\/wp-json\/wp\/v2\/media?parent=124595"}],"wp:term":[{"taxonomy":"product_brand","embeddable":true,"href":"https:\/\/tpmadalina42.supserv.cozmoslabs.com\/fi\/wp-json\/wp\/v2\/product_brand?post=124595"},{"taxonomy":"product_cat","embeddable":true,"href":"https:\/\/tpmadalina42.supserv.cozmoslabs.com\/fi\/wp-json\/wp\/v2\/product_cat?post=124595"},{"taxonomy":"product_tag","embeddable":true,"href":"https:\/\/tpmadalina42.supserv.cozmoslabs.com\/fi\/wp-json\/wp\/v2\/product_tag?post=124595"}],"curies":[{"name":"wp","href":"https:\/\/api.w.org\/{rel}","templated":true}]}}