{"id":124606,"date":"2024-07-23T06:33:10","date_gmt":"2024-07-23T13:33:10","guid":{"rendered":"https:\/\/glandine.com\/product\/dolce-gabbana-elegantes-florales-bubble-kleid-mit-rollkragen\/"},"modified":"2024-11-29T12:01:53","modified_gmt":"2024-11-29T11:01:53","slug":"dolce-gabbana-elegantes-florales-bubble-kleid-mit-rollkragen","status":"publish","type":"product","link":"https:\/\/tpmadalina42.supserv.cozmoslabs.com\/fi\/tuote-2\/dolce-gabbana-elegantes-florales-bubble-kleid-mit-rollkragen\/","title":{"rendered":"Dolce &amp; Gabbana Tyylik\u00e4s kukkakuplamekko, jossa villapaita"},"content":{"rendered":"<p>Treten Sie ins Rampenlicht mit diesem atemberaubenden \u00e4rmellosen Neckholder-Kleid von Dolce &amp; Gabbana. Mit seinem lebhaften, mehrfarbigen Blumendruck strahlt es Raffinesse aus und ist ein echter Hingucker. Die luxuri\u00f6se Kombination aus Polyester, Seide und Wolle sorgt f\u00fcr eine strukturierte und dennoch bequeme Passform, perfekt f\u00fcr jede gehobene Veranstaltung. Dieses in Italien gefertigte Meisterwerk verf\u00fcgt \u00fcber einen glatten Rei\u00dfverschluss am R\u00fccken, der seine Eleganz noch unterstreicht. Die Original-Etiketten und eine Tasche mit Rei\u00dfverschluss sorgen f\u00fcr Authentizit\u00e4t und hochwertige Qualit\u00e4t.<\/p>\n<ul>\n<li>V\u00e4ri: Moniv\u00e4rinen<\/li>\n<li>Material: 75% Polyester, 10% Seide, 15% Wolle<\/li>\n<li>Alkuper\u00e4maa: IT<\/li>\n<li>Yksityiskohdat logosta<\/li>\n<li>Valmistettu Italiassa<\/li>\n<\/ul>","protected":false},"excerpt":{"rendered":"<p>Treten Sie ins Rampenlicht mit diesem atemberaubenden \u00e4rmellosen Neckholder-Kleid von Dolce &amp; Gabbana. Mit seinem lebhaften, mehrfarbigen Blumendruck strahlt es Raffinesse aus und ist ein echter Hingucker. Die luxuri\u00f6se Kombination aus Polyester, Seide und Wolle sorgt f\u00fcr eine strukturierte und dennoch bequeme Passform, perfekt f\u00fcr jede gehobene Veranstaltung. Dieses in Italien gefertigte Meisterwerk verf\u00fcgt \u00fcber [&hellip;]<\/p>","protected":false},"featured_media":124600,"template":"","meta":[],"product_brand":[1620],"product_cat":[1637,1659,1623],"product_tag":[],"class_list":{"0":"post-124606","1":"product","2":"type-product","3":"status-publish","4":"has-post-thumbnail","6":"product_brand-dolce-gabbana","7":"product_cat-frauen-kleidung","8":"product_cat-kleider","9":"product_cat-kleidung","11":"first","12":"instock","13":"sale","14":"taxable","15":"shipping-taxable","16":"purchasable","17":"product-type-variable"},"_links":{"self":[{"href":"https:\/\/tpmadalina42.supserv.cozmoslabs.com\/fi\/wp-json\/wp\/v2\/product\/124606","targetHints":{"allow":["GET"]}}],"collection":[{"href":"https:\/\/tpmadalina42.supserv.cozmoslabs.com\/fi\/wp-json\/wp\/v2\/product"}],"about":[{"href":"https:\/\/tpmadalina42.supserv.cozmoslabs.com\/fi\/wp-json\/wp\/v2\/types\/product"}],"wp:featuredmedia":[{"embeddable":true,"href":"https:\/\/tpmadalina42.supserv.cozmoslabs.com\/fi\/wp-json\/wp\/v2\/media\/124600"}],"wp:attachment":[{"href":"https:\/\/tpmadalina42.supserv.cozmoslabs.com\/fi\/wp-json\/wp\/v2\/media?parent=124606"}],"wp:term":[{"taxonomy":"product_brand","embeddable":true,"href":"https:\/\/tpmadalina42.supserv.cozmoslabs.com\/fi\/wp-json\/wp\/v2\/product_brand?post=124606"},{"taxonomy":"product_cat","embeddable":true,"href":"https:\/\/tpmadalina42.supserv.cozmoslabs.com\/fi\/wp-json\/wp\/v2\/product_cat?post=124606"},{"taxonomy":"product_tag","embeddable":true,"href":"https:\/\/tpmadalina42.supserv.cozmoslabs.com\/fi\/wp-json\/wp\/v2\/product_tag?post=124606"}],"curies":[{"name":"wp","href":"https:\/\/api.w.org\/{rel}","templated":true}]}}