{"id":124926,"date":"2024-07-23T06:49:46","date_gmt":"2024-07-23T13:49:46","guid":{"rendered":"https:\/\/glandine.com\/product\/costume-national-elegantes-einfarbiges-aermelloses-top-mit-goldenen-akzenten\/"},"modified":"2024-11-29T12:07:47","modified_gmt":"2024-11-29T11:07:47","slug":"costume-national-elegantes-einfarbiges-aermelloses-top-mit-goldenen-akzenten","status":"publish","type":"product","link":"https:\/\/tpmadalina42.supserv.cozmoslabs.com\/fi\/tuote-2\/costume-national-elegantes-einfarbiges-aermelloses-top-mit-goldenen-akzenten\/","title":{"rendered":"Costume National Elegantes einfarbiges \u00e4rmelloses Top mit goldenen Akzenten"},"content":{"rendered":"<p>G\u00f6nnen Sie sich italienische Eleganz mit diesem umwerfenden \u00e4rmellosen Oberteil von Costume National. Mit seiner raffinierten monochromen Farbgebung und den auff\u00e4lligen goldenen Akzenten ist dieses St\u00fcck ein Beweis f\u00fcr zeitgen\u00f6ssischen Stil und Luxus. Es ist aus feinstem 100% Lyocel-Gewebe gefertigt und verspricht einen weichen Griff und eine bequeme Passform. Dieses Oberteil l\u00e4sst sich perfekt mit Ihrer Lieblingsjeans oder Ihrem Lieblingsrock kombinieren und wertet jedes Ensemble mit seinen stilvollen Logodetails auf. Besitzen Sie ein St\u00fcck des schicken Modegef\u00fchls von Costume National mit diesem Must-Have, komplett mit Originaletiketten und der charakteristischen Store-Bag der Marke.<\/p>\n<ul>\n<li>Farbe: Schwarz, Wei\u00df, Gold<\/li>\n<li>Material: 100% Lyocel<\/li>\n<li>Alkuper\u00e4maa: Italia<\/li>\n<\/ul>","protected":false},"excerpt":{"rendered":"<p>G\u00f6nnen Sie sich italienische Eleganz mit diesem umwerfenden \u00e4rmellosen Oberteil von Costume National. Mit seiner raffinierten monochromen Farbgebung und den auff\u00e4lligen goldenen Akzenten ist dieses St\u00fcck ein Beweis f\u00fcr zeitgen\u00f6ssischen Stil und Luxus. Es ist aus feinstem 100% Lyocel-Gewebe gefertigt und verspricht einen weichen Griff und eine bequeme Passform. Dieses Oberteil l\u00e4sst sich perfekt mit [&hellip;]<\/p>","protected":false},"featured_media":124919,"template":"","meta":[],"product_brand":[1790],"product_cat":[1637,1623,1714],"product_tag":[],"class_list":{"0":"post-124926","1":"product","2":"type-product","3":"status-publish","4":"has-post-thumbnail","6":"product_brand-costume-national","7":"product_cat-frauen-kleidung","8":"product_cat-kleidung","9":"product_cat-oberteile-t-shirts","11":"first","12":"instock","13":"sale","14":"taxable","15":"shipping-taxable","16":"purchasable","17":"product-type-variable"},"_links":{"self":[{"href":"https:\/\/tpmadalina42.supserv.cozmoslabs.com\/fi\/wp-json\/wp\/v2\/product\/124926","targetHints":{"allow":["GET"]}}],"collection":[{"href":"https:\/\/tpmadalina42.supserv.cozmoslabs.com\/fi\/wp-json\/wp\/v2\/product"}],"about":[{"href":"https:\/\/tpmadalina42.supserv.cozmoslabs.com\/fi\/wp-json\/wp\/v2\/types\/product"}],"wp:featuredmedia":[{"embeddable":true,"href":"https:\/\/tpmadalina42.supserv.cozmoslabs.com\/fi\/wp-json\/wp\/v2\/media\/124919"}],"wp:attachment":[{"href":"https:\/\/tpmadalina42.supserv.cozmoslabs.com\/fi\/wp-json\/wp\/v2\/media?parent=124926"}],"wp:term":[{"taxonomy":"product_brand","embeddable":true,"href":"https:\/\/tpmadalina42.supserv.cozmoslabs.com\/fi\/wp-json\/wp\/v2\/product_brand?post=124926"},{"taxonomy":"product_cat","embeddable":true,"href":"https:\/\/tpmadalina42.supserv.cozmoslabs.com\/fi\/wp-json\/wp\/v2\/product_cat?post=124926"},{"taxonomy":"product_tag","embeddable":true,"href":"https:\/\/tpmadalina42.supserv.cozmoslabs.com\/fi\/wp-json\/wp\/v2\/product_tag?post=124926"}],"curies":[{"name":"wp","href":"https:\/\/api.w.org\/{rel}","templated":true}]}}