{"id":124939,"date":"2024-07-23T06:50:19","date_gmt":"2024-07-23T13:50:19","guid":{"rendered":"https:\/\/glandine.com\/product\/costume-national-schickes-aermelloses-graues-top-mit-blauer-verzierung\/"},"modified":"2024-11-29T12:07:54","modified_gmt":"2024-11-29T11:07:54","slug":"costume-national-schickes-aermelloses-graues-top-mit-blauer-verzierung","status":"publish","type":"product","link":"https:\/\/tpmadalina42.supserv.cozmoslabs.com\/fi\/tuote-2\/costume-national-schickes-aermelloses-graues-top-mit-blauer-verzierung\/","title":{"rendered":"Costume National Schickes \u00e4rmelloses graues Top mit blauer Verzierung"},"content":{"rendered":"<p>Schwelgen Sie in italienischer Eleganz mit diesem schicken \u00e4rmellosen T-Shirt von Costume National. Mit seinen grauen und blauen Akzenten strahlt dieses Oberteil Raffinesse aus und ist eine vielseitige Erg\u00e4nzung Ihrer Garderobe. Es ist aus einer Mischung von Materialien gefertigt, die sowohl Komfort als auch Strapazierf\u00e4higkeit garantieren. Dieses St\u00fcck ist ideal, um einen Statement-Look zu kreieren, der von unaufdringlichem Luxus zeugt.<\/p>\n<ul>\n<li>V\u00e4ri: Harmaa<\/li>\n<li>Material: 60% Viskose, 20% Leinen, 20% Polyester<\/li>\n<li>Alkuper\u00e4maa: Italia<\/li>\n<li>Logon yksityiskohdat<\/li>\n<li>Inklusive Original-Etiketten und Tragetasche<\/li>\n<\/ul>","protected":false},"excerpt":{"rendered":"<p>Schwelgen Sie in italienischer Eleganz mit diesem schicken \u00e4rmellosen T-Shirt von Costume National. Mit seinen grauen und blauen Akzenten strahlt dieses Oberteil Raffinesse aus und ist eine vielseitige Erg\u00e4nzung Ihrer Garderobe. Es ist aus einer Mischung von Materialien gefertigt, die sowohl Komfort als auch Strapazierf\u00e4higkeit garantieren. Dieses St\u00fcck ist ideal, um einen Statement-Look zu kreieren, [&hellip;]<\/p>","protected":false},"featured_media":124933,"template":"","meta":[],"product_brand":[1790],"product_cat":[1637,1623,1714],"product_tag":[],"class_list":{"0":"post-124939","1":"product","2":"type-product","3":"status-publish","4":"has-post-thumbnail","6":"product_brand-costume-national","7":"product_cat-frauen-kleidung","8":"product_cat-kleidung","9":"product_cat-oberteile-t-shirts","11":"first","12":"instock","13":"sale","14":"taxable","15":"shipping-taxable","16":"purchasable","17":"product-type-variable"},"_links":{"self":[{"href":"https:\/\/tpmadalina42.supserv.cozmoslabs.com\/fi\/wp-json\/wp\/v2\/product\/124939","targetHints":{"allow":["GET"]}}],"collection":[{"href":"https:\/\/tpmadalina42.supserv.cozmoslabs.com\/fi\/wp-json\/wp\/v2\/product"}],"about":[{"href":"https:\/\/tpmadalina42.supserv.cozmoslabs.com\/fi\/wp-json\/wp\/v2\/types\/product"}],"wp:featuredmedia":[{"embeddable":true,"href":"https:\/\/tpmadalina42.supserv.cozmoslabs.com\/fi\/wp-json\/wp\/v2\/media\/124933"}],"wp:attachment":[{"href":"https:\/\/tpmadalina42.supserv.cozmoslabs.com\/fi\/wp-json\/wp\/v2\/media?parent=124939"}],"wp:term":[{"taxonomy":"product_brand","embeddable":true,"href":"https:\/\/tpmadalina42.supserv.cozmoslabs.com\/fi\/wp-json\/wp\/v2\/product_brand?post=124939"},{"taxonomy":"product_cat","embeddable":true,"href":"https:\/\/tpmadalina42.supserv.cozmoslabs.com\/fi\/wp-json\/wp\/v2\/product_cat?post=124939"},{"taxonomy":"product_tag","embeddable":true,"href":"https:\/\/tpmadalina42.supserv.cozmoslabs.com\/fi\/wp-json\/wp\/v2\/product_tag?post=124939"}],"curies":[{"name":"wp","href":"https:\/\/api.w.org\/{rel}","templated":true}]}}