{"id":124964,"date":"2024-07-23T06:51:16","date_gmt":"2024-07-23T13:51:16","guid":{"rendered":"https:\/\/glandine.com\/product\/costume-national-schickes-weisses-t-shirt-mit-v-ausschnitt-und-motivdruck\/"},"modified":"2024-11-29T12:08:08","modified_gmt":"2024-11-29T11:08:08","slug":"costume-national-schickes-weisses-t-shirt-mit-v-ausschnitt-und-motivdruck","status":"publish","type":"product","link":"https:\/\/tpmadalina42.supserv.cozmoslabs.com\/fi\/tuote-2\/costume-national-chic-valkoinen-t-paita-jossa-on-v-paeaentie-ja-motiivipainatus\/","title":{"rendered":"Costume National Tyylik\u00e4s valkoinen T-paita, jossa on V-p\u00e4\u00e4ntie ja kuviopainatus."},"content":{"rendered":"<p>T\u00e4m\u00e4 huomiota her\u00e4tt\u00e4v\u00e4 V-p\u00e4\u00e4ntie T-paita Costume National:lt\u00e4 tekee sinusta todellisen p\u00e4\u00e4n k\u00e4\u00e4nt\u00e4j\u00e4n. Yksityiskohtiin kiinnitettyyn toppiin on kuvioitu elinvoimainen, moniv\u00e4rinen kuvio, joka sopii t\u00e4ydellisesti lis\u00e4\u00e4m\u00e4\u00e4n v\u00e4ril\u00e4iski\u00e4 vaatekaappiisi. Se on valmistettu Italiassa ja heijastaa merkin sitoutumista poikkeukselliseen laatuun ja tyyliin.<\/p>\n<ul>\n<li>V\u00e4ri: Valkoinen<\/li>\n<li>Materiaali: 100% polyesteri<\/li>\n<li>Alkuper\u00e4maa: IT<\/li>\n<li>Merkki: Costume National<\/li>\n<li>Alkuper\u00e4iset tarrat ja s\u00e4ilytyspussi mukana<\/li>\n<\/ul>","protected":false},"excerpt":{"rendered":"<p>Mit diesem auff\u00e4lligen T-Shirt mit V-Ausschnitt von Costume National sind Sie ein echter Hingucker. Das mit viel Liebe zum Detail gefertigte Oberteil besticht durch einen lebendigen, mehrfarbigen Motivdruck, der perfekt ist, um einen Farbtupfer in Ihre Garderobe zu bringen. Es wird in Italien hergestellt und spiegelt das Engagement der Marke f\u00fcr au\u00dfergew\u00f6hnliche Qualit\u00e4t und Stil [&hellip;]<\/p>","protected":false},"featured_media":124958,"template":"","meta":[],"product_brand":[1790],"product_cat":[1637,1623,1714],"product_tag":[],"class_list":{"0":"post-124964","1":"product","2":"type-product","3":"status-publish","4":"has-post-thumbnail","6":"product_brand-costume-national","7":"product_cat-frauen-kleidung","8":"product_cat-kleidung","9":"product_cat-oberteile-t-shirts","11":"first","12":"instock","13":"sale","14":"taxable","15":"shipping-taxable","16":"purchasable","17":"product-type-variable"},"_links":{"self":[{"href":"https:\/\/tpmadalina42.supserv.cozmoslabs.com\/fi\/wp-json\/wp\/v2\/product\/124964","targetHints":{"allow":["GET"]}}],"collection":[{"href":"https:\/\/tpmadalina42.supserv.cozmoslabs.com\/fi\/wp-json\/wp\/v2\/product"}],"about":[{"href":"https:\/\/tpmadalina42.supserv.cozmoslabs.com\/fi\/wp-json\/wp\/v2\/types\/product"}],"wp:featuredmedia":[{"embeddable":true,"href":"https:\/\/tpmadalina42.supserv.cozmoslabs.com\/fi\/wp-json\/wp\/v2\/media\/124958"}],"wp:attachment":[{"href":"https:\/\/tpmadalina42.supserv.cozmoslabs.com\/fi\/wp-json\/wp\/v2\/media?parent=124964"}],"wp:term":[{"taxonomy":"product_brand","embeddable":true,"href":"https:\/\/tpmadalina42.supserv.cozmoslabs.com\/fi\/wp-json\/wp\/v2\/product_brand?post=124964"},{"taxonomy":"product_cat","embeddable":true,"href":"https:\/\/tpmadalina42.supserv.cozmoslabs.com\/fi\/wp-json\/wp\/v2\/product_cat?post=124964"},{"taxonomy":"product_tag","embeddable":true,"href":"https:\/\/tpmadalina42.supserv.cozmoslabs.com\/fi\/wp-json\/wp\/v2\/product_tag?post=124964"}],"curies":[{"name":"wp","href":"https:\/\/api.w.org\/{rel}","templated":true}]}}