{"id":124984,"date":"2024-07-23T06:52:21","date_gmt":"2024-07-23T13:52:21","guid":{"rendered":"https:\/\/glandine.com\/product\/costume-national-elegante-tunika-mit-v-ausschnitt-und-motivdruck\/"},"modified":"2024-11-29T12:08:22","modified_gmt":"2024-11-29T11:08:22","slug":"costume-national-elegante-tunika-mit-v-ausschnitt-und-motivdruck","status":"publish","type":"product","link":"https:\/\/tpmadalina42.supserv.cozmoslabs.com\/fi\/tuote-2\/costume-national-elegante-tunika-mit-v-ausschnitt-und-motivdruck\/","title":{"rendered":"Costume National Tyylik\u00e4s tunika, jossa on V-p\u00e4\u00e4ntie ja kuviopainatus"},"content":{"rendered":"<p>Entdecken Sie die perfekte Mischung aus Stil und Komfort mit dieser exquisiten Tunika mit V-Ausschnitt von Costume National. Das Oberteil mit schickem Motivdruck ist ein echter Hingucker und wertet jede Garderobe auf. Es wurde in Italien gefertigt und verspricht Luxus und Langlebigkeit.<\/p>\n<ul>\n<li>V\u00e4ri: Harmaa<\/li>\n<li>Material: 85% Viskose, 15% Nylon<\/li>\n<li>Alkuper\u00e4maa: IT<\/li>\n<li>Merkki: Costume National<\/li>\n<\/ul>\n<p>Diese Tunika wird von den Originaletiketten und einer Tasche der Marke Costume National begleitet und ist ein Beweis f\u00fcr modische Eleganz.<\/p>","protected":false},"excerpt":{"rendered":"<p>Entdecken Sie die perfekte Mischung aus Stil und Komfort mit dieser exquisiten Tunika mit V-Ausschnitt von Costume National. Das Oberteil mit schickem Motivdruck ist ein echter Hingucker und wertet jede Garderobe auf. Es wurde in Italien gefertigt und verspricht Luxus und Langlebigkeit. Farbe: Gray Material: 85% Viskose, 15% Nylon Herkunftsland: IT Marke: Costume National Diese [&hellip;]<\/p>","protected":false},"featured_media":124978,"template":"","meta":[],"product_brand":[1790],"product_cat":[1637,1623,1714],"product_tag":[],"class_list":{"0":"post-124984","1":"product","2":"type-product","3":"status-publish","4":"has-post-thumbnail","6":"product_brand-costume-national","7":"product_cat-frauen-kleidung","8":"product_cat-kleidung","9":"product_cat-oberteile-t-shirts","11":"first","12":"instock","13":"sale","14":"taxable","15":"shipping-taxable","16":"purchasable","17":"product-type-variable"},"_links":{"self":[{"href":"https:\/\/tpmadalina42.supserv.cozmoslabs.com\/fi\/wp-json\/wp\/v2\/product\/124984","targetHints":{"allow":["GET"]}}],"collection":[{"href":"https:\/\/tpmadalina42.supserv.cozmoslabs.com\/fi\/wp-json\/wp\/v2\/product"}],"about":[{"href":"https:\/\/tpmadalina42.supserv.cozmoslabs.com\/fi\/wp-json\/wp\/v2\/types\/product"}],"wp:featuredmedia":[{"embeddable":true,"href":"https:\/\/tpmadalina42.supserv.cozmoslabs.com\/fi\/wp-json\/wp\/v2\/media\/124978"}],"wp:attachment":[{"href":"https:\/\/tpmadalina42.supserv.cozmoslabs.com\/fi\/wp-json\/wp\/v2\/media?parent=124984"}],"wp:term":[{"taxonomy":"product_brand","embeddable":true,"href":"https:\/\/tpmadalina42.supserv.cozmoslabs.com\/fi\/wp-json\/wp\/v2\/product_brand?post=124984"},{"taxonomy":"product_cat","embeddable":true,"href":"https:\/\/tpmadalina42.supserv.cozmoslabs.com\/fi\/wp-json\/wp\/v2\/product_cat?post=124984"},{"taxonomy":"product_tag","embeddable":true,"href":"https:\/\/tpmadalina42.supserv.cozmoslabs.com\/fi\/wp-json\/wp\/v2\/product_tag?post=124984"}],"curies":[{"name":"wp","href":"https:\/\/api.w.org\/{rel}","templated":true}]}}