{"id":125039,"date":"2024-07-23T06:55:13","date_gmt":"2024-07-23T13:55:13","guid":{"rendered":"https:\/\/glandine.com\/product\/costume-national-elegante-leichte-strickjacke-mit-tiefem-v-ausschnitt\/"},"modified":"2024-11-29T12:09:17","modified_gmt":"2024-11-29T11:09:17","slug":"costume-national-elegante-leichte-strickjacke-mit-tiefem-v-ausschnitt","status":"publish","type":"product","link":"https:\/\/tpmadalina42.supserv.cozmoslabs.com\/fi\/tuote-2\/costume-national-elegante-leichte-strickjacke-mit-tiefem-v-ausschnitt\/","title":{"rendered":"Costume National Elegante leichte Strickjacke mit tiefem V-Ausschnitt"},"content":{"rendered":"<p>G\u00f6nnen Sie sich den Luxus und Komfort dieser exquisiten, leichten Strickjacke von Costume National. Das Modell mit tiefem V-Ausschnitt und dezentem Logodetail strahlt zeitlose Eleganz und raffinierten Charme aus. Sie eignet sich perfekt zum \u00dcberziehen oder als schickes Einzelst\u00fcck und wird mit den Original-Etiketten und einer Markentasche geliefert, die Echtheit und Premiumqualit\u00e4t garantieren.<\/p>\n<ul>\n<li>Material: 40% Alpakawolle, 30% Wolle, 25% PA<\/li>\n<li>V\u00e4ri: Harmaa<\/li>\n<li>Alkuper\u00e4maa: IT<\/li>\n<\/ul>","protected":false},"excerpt":{"rendered":"<p>G\u00f6nnen Sie sich den Luxus und Komfort dieser exquisiten, leichten Strickjacke von Costume National. Das Modell mit tiefem V-Ausschnitt und dezentem Logodetail strahlt zeitlose Eleganz und raffinierten Charme aus. Sie eignet sich perfekt zum \u00dcberziehen oder als schickes Einzelst\u00fcck und wird mit den Original-Etiketten und einer Markentasche geliefert, die Echtheit und Premiumqualit\u00e4t garantieren. Material: 40% [&hellip;]<\/p>","protected":false},"featured_media":125031,"template":"","meta":[],"product_brand":[1790],"product_cat":[1637,1623],"product_tag":[],"class_list":{"0":"post-125039","1":"product","2":"type-product","3":"status-publish","4":"has-post-thumbnail","6":"product_brand-costume-national","7":"product_cat-frauen-kleidung","8":"product_cat-kleidung","10":"first","11":"instock","12":"sale","13":"taxable","14":"shipping-taxable","15":"purchasable","16":"product-type-variable"},"_links":{"self":[{"href":"https:\/\/tpmadalina42.supserv.cozmoslabs.com\/fi\/wp-json\/wp\/v2\/product\/125039","targetHints":{"allow":["GET"]}}],"collection":[{"href":"https:\/\/tpmadalina42.supserv.cozmoslabs.com\/fi\/wp-json\/wp\/v2\/product"}],"about":[{"href":"https:\/\/tpmadalina42.supserv.cozmoslabs.com\/fi\/wp-json\/wp\/v2\/types\/product"}],"wp:featuredmedia":[{"embeddable":true,"href":"https:\/\/tpmadalina42.supserv.cozmoslabs.com\/fi\/wp-json\/wp\/v2\/media\/125031"}],"wp:attachment":[{"href":"https:\/\/tpmadalina42.supserv.cozmoslabs.com\/fi\/wp-json\/wp\/v2\/media?parent=125039"}],"wp:term":[{"taxonomy":"product_brand","embeddable":true,"href":"https:\/\/tpmadalina42.supserv.cozmoslabs.com\/fi\/wp-json\/wp\/v2\/product_brand?post=125039"},{"taxonomy":"product_cat","embeddable":true,"href":"https:\/\/tpmadalina42.supserv.cozmoslabs.com\/fi\/wp-json\/wp\/v2\/product_cat?post=125039"},{"taxonomy":"product_tag","embeddable":true,"href":"https:\/\/tpmadalina42.supserv.cozmoslabs.com\/fi\/wp-json\/wp\/v2\/product_tag?post=125039"}],"curies":[{"name":"wp","href":"https:\/\/api.w.org\/{rel}","templated":true}]}}