{"id":125169,"date":"2024-07-23T07:02:28","date_gmt":"2024-07-23T14:02:28","guid":{"rendered":"https:\/\/glandine.com\/product\/costume-national-schicker-gelber-cordminirock\/"},"modified":"2024-11-29T12:10:52","modified_gmt":"2024-11-29T11:10:52","slug":"costume-national-schicker-gelber-cordminirock","status":"publish","type":"product","link":"https:\/\/tpmadalina42.supserv.cozmoslabs.com\/fi\/tuote-2\/costume-national-schicker-gelber-cordminirock\/","title":{"rendered":"Costume National Schicker gelber Cordminirock"},"content":{"rendered":"<p>Zeigen Sie sich von Ihrer lebendigen Seite mit diesem umwerfenden, brandneuen Minirock <strong>von Costume National<\/strong>, der Ihrer Garderobe einen farblichen und stilvollen Akzent verleiht. Dieser auff\u00e4llige gelbe Rock verk\u00f6rpert eine frische Interpretation des klassischen Korddesigns, das mit einem modernen Twist kombiniert wird. Der Rei\u00dfverschluss an der Vorderseite und die dezenten Logodetails dienen als geschmackvolle Verzierungen und machen diesen Rock zu einer vielseitigen Wahl f\u00fcr verschiedene Anl\u00e4sse. Der Rock wird mit den Originalanh\u00e4ngern und einer Markentasche geliefert, um die Echtheit und Qualit\u00e4t zu gew\u00e4hrleisten.<\/p>\n<ul>\n<li>Material: 97% Baumwolle, 3% Elastan<\/li>\n<li>V\u00e4ri: Keltainen<\/li>\n<li>Alkuper\u00e4maa: IT<\/li>\n<\/ul>","protected":false},"excerpt":{"rendered":"<p>Zeigen Sie sich von Ihrer lebendigen Seite mit diesem umwerfenden, brandneuen Minirock von Costume National, der Ihrer Garderobe einen farblichen und stilvollen Akzent verleiht. Dieser auff\u00e4llige gelbe Rock verk\u00f6rpert eine frische Interpretation des klassischen Korddesigns, das mit einem modernen Twist kombiniert wird. Der Rei\u00dfverschluss an der Vorderseite und die dezenten Logodetails dienen als geschmackvolle Verzierungen [&hellip;]<\/p>","protected":false},"featured_media":125164,"template":"","meta":[],"product_brand":[1790],"product_cat":[1637,1623,1699],"product_tag":[],"class_list":{"0":"post-125169","1":"product","2":"type-product","3":"status-publish","4":"has-post-thumbnail","6":"product_brand-costume-national","7":"product_cat-frauen-kleidung","8":"product_cat-kleidung","9":"product_cat-roecke","11":"first","12":"instock","13":"sale","14":"taxable","15":"shipping-taxable","16":"purchasable","17":"product-type-variable"},"_links":{"self":[{"href":"https:\/\/tpmadalina42.supserv.cozmoslabs.com\/fi\/wp-json\/wp\/v2\/product\/125169","targetHints":{"allow":["GET"]}}],"collection":[{"href":"https:\/\/tpmadalina42.supserv.cozmoslabs.com\/fi\/wp-json\/wp\/v2\/product"}],"about":[{"href":"https:\/\/tpmadalina42.supserv.cozmoslabs.com\/fi\/wp-json\/wp\/v2\/types\/product"}],"wp:featuredmedia":[{"embeddable":true,"href":"https:\/\/tpmadalina42.supserv.cozmoslabs.com\/fi\/wp-json\/wp\/v2\/media\/125164"}],"wp:attachment":[{"href":"https:\/\/tpmadalina42.supserv.cozmoslabs.com\/fi\/wp-json\/wp\/v2\/media?parent=125169"}],"wp:term":[{"taxonomy":"product_brand","embeddable":true,"href":"https:\/\/tpmadalina42.supserv.cozmoslabs.com\/fi\/wp-json\/wp\/v2\/product_brand?post=125169"},{"taxonomy":"product_cat","embeddable":true,"href":"https:\/\/tpmadalina42.supserv.cozmoslabs.com\/fi\/wp-json\/wp\/v2\/product_cat?post=125169"},{"taxonomy":"product_tag","embeddable":true,"href":"https:\/\/tpmadalina42.supserv.cozmoslabs.com\/fi\/wp-json\/wp\/v2\/product_tag?post=125169"}],"curies":[{"name":"wp","href":"https:\/\/api.w.org\/{rel}","templated":true}]}}