{"id":125243,"date":"2024-07-23T07:06:05","date_gmt":"2024-07-23T14:06:05","guid":{"rendered":"https:\/\/glandine.com\/product\/costume-national-schicker-karierter-minirock-fuer-eleganz-zwischen-tag-und-nacht\/"},"modified":"2024-11-29T12:11:39","modified_gmt":"2024-11-29T11:11:39","slug":"costume-national-schicker-karierter-minirock-fuer-eleganz-zwischen-tag-und-nacht","status":"publish","type":"product","link":"https:\/\/tpmadalina42.supserv.cozmoslabs.com\/fi\/tuote-2\/costume-national-schicker-karierter-minirock-fuer-eleganz-zwischen-tag-und-nacht\/","title":{"rendered":"Costume National Schicker karierter Minirock f\u00fcr Eleganz zwischen Tag und Nacht"},"content":{"rendered":"<p>Mit diesem makellosen grau karierten Minirock von Costume National sind Sie stilvoll unterwegs. Der Rock eignet sich perfekt, um jedem Outfit einen gehobenen Touch zu verleihen und geht nahtlos von einem Tag im B\u00fcro in einen Abend beim Ausgehen \u00fcber. Er ist aus einer Mischung gefertigt, die sowohl Komfort als auch Strapazierf\u00e4higkeit gew\u00e4hrleistet, und zeichnet sich durch ein auff\u00e4lliges Karomuster und einen eleganten Rei\u00dfverschluss aus. Verstehen Sie Eleganz mit dem exquisiten Touch von Costume National.<\/p>\n<ul>\n<li>Material: 96% Baumwolle, 4% Elastan<\/li>\n<li>V\u00e4ri: Harmaa<\/li>\n<li>Alkuper\u00e4maa: IT<\/li>\n<li>Modell: Mini-Rock<\/li>\n<li>Karo-Muster<\/li>\n<li>vetoketju<\/li>\n<li>Logon yksityiskohdat<\/li>\n<\/ul>","protected":false},"excerpt":{"rendered":"<p>Mit diesem makellosen grau karierten Minirock von Costume National sind Sie stilvoll unterwegs. Der Rock eignet sich perfekt, um jedem Outfit einen gehobenen Touch zu verleihen und geht nahtlos von einem Tag im B\u00fcro in einen Abend beim Ausgehen \u00fcber. Er ist aus einer Mischung gefertigt, die sowohl Komfort als auch Strapazierf\u00e4higkeit gew\u00e4hrleistet, und zeichnet [&hellip;]<\/p>","protected":false},"featured_media":125236,"template":"","meta":[],"product_brand":[1790],"product_cat":[1637,1623,1699],"product_tag":[],"class_list":{"0":"post-125243","1":"product","2":"type-product","3":"status-publish","4":"has-post-thumbnail","6":"product_brand-costume-national","7":"product_cat-frauen-kleidung","8":"product_cat-kleidung","9":"product_cat-roecke","11":"first","12":"instock","13":"sale","14":"taxable","15":"shipping-taxable","16":"purchasable","17":"product-type-variable"},"_links":{"self":[{"href":"https:\/\/tpmadalina42.supserv.cozmoslabs.com\/fi\/wp-json\/wp\/v2\/product\/125243","targetHints":{"allow":["GET"]}}],"collection":[{"href":"https:\/\/tpmadalina42.supserv.cozmoslabs.com\/fi\/wp-json\/wp\/v2\/product"}],"about":[{"href":"https:\/\/tpmadalina42.supserv.cozmoslabs.com\/fi\/wp-json\/wp\/v2\/types\/product"}],"wp:featuredmedia":[{"embeddable":true,"href":"https:\/\/tpmadalina42.supserv.cozmoslabs.com\/fi\/wp-json\/wp\/v2\/media\/125236"}],"wp:attachment":[{"href":"https:\/\/tpmadalina42.supserv.cozmoslabs.com\/fi\/wp-json\/wp\/v2\/media?parent=125243"}],"wp:term":[{"taxonomy":"product_brand","embeddable":true,"href":"https:\/\/tpmadalina42.supserv.cozmoslabs.com\/fi\/wp-json\/wp\/v2\/product_brand?post=125243"},{"taxonomy":"product_cat","embeddable":true,"href":"https:\/\/tpmadalina42.supserv.cozmoslabs.com\/fi\/wp-json\/wp\/v2\/product_cat?post=125243"},{"taxonomy":"product_tag","embeddable":true,"href":"https:\/\/tpmadalina42.supserv.cozmoslabs.com\/fi\/wp-json\/wp\/v2\/product_tag?post=125243"}],"curies":[{"name":"wp","href":"https:\/\/api.w.org\/{rel}","templated":true}]}}