{"id":125629,"date":"2024-07-23T07:25:43","date_gmt":"2024-07-23T14:25:43","guid":{"rendered":"https:\/\/glandine.com\/product\/dolce-gabbana-elegante-schwarze-designerjacke-mit-pailletten\/"},"modified":"2024-11-29T12:17:38","modified_gmt":"2024-11-29T11:17:38","slug":"dolce-gabbana-elegante-schwarze-designerjacke-mit-pailletten","status":"publish","type":"product","link":"https:\/\/tpmadalina42.supserv.cozmoslabs.com\/fi\/tuote-2\/dolce-gabbana-elegante-schwarze-designerjacke-mit-pailletten\/","title":{"rendered":"Dolce &amp; Gabbana Elegantti musta design-takki paljeteilla"},"content":{"rendered":"<p>Entdecken Sie den Inbegriff von luxuri\u00f6ser Oberbekleidung mit dieser exquisiten schwarzen Paillettenjacke aus dem renommierten Haus Dolce &amp; Gabbana. Die aus einer Mischung hochwertiger Materialien gefertigte Jacke besticht durch ihre schillernden Pailletten, die das Licht einfangen und die Blicke auf sich ziehen, was sie zu einem herausragenden St\u00fcck direkt vom Laufsteg macht. Die Liebe zum Detail zeigt sich in den abgesteppten \u00c4rmeln und dem warmen Innenfutter, die sowohl Stil als auch Komfort garantieren. Die Silhouette der Jacke wird durch einen durchgehenden Rei\u00dfverschluss, mehrere funktionelle Rei\u00dfverschlusstaschen und Metalldetails mit Logogravur f\u00fcr den unverwechselbaren Designer-Touch akzentuiert. Ob f\u00fcr einen besonderen Anlass oder um Ihren Alltagsstil aufzuwerten, diese Jacke verspricht italienischen Luxus und Handwerkskunst.<\/p>\n<ul>\n<li>V\u00e4ri: Musta<\/li>\n<li>Material: 35% Ziegenleder, 30% Lana-Wolle, 20% Glas, 10% Kunststoff, 5% Wolle<\/li>\n<li>Futter: 42% Rayon, 42% Acetat, 16% Ziegenleder<\/li>\n<li>Alkuper\u00e4maa: Italia<\/li>\n<\/ul>","protected":false},"excerpt":{"rendered":"<p>Entdecken Sie den Inbegriff von luxuri\u00f6ser Oberbekleidung mit dieser exquisiten schwarzen Paillettenjacke aus dem renommierten Haus Dolce &amp; Gabbana. Die aus einer Mischung hochwertiger Materialien gefertigte Jacke besticht durch ihre schillernden Pailletten, die das Licht einfangen und die Blicke auf sich ziehen, was sie zu einem herausragenden St\u00fcck direkt vom Laufsteg macht. Die Liebe zum [&hellip;]<\/p>","protected":false},"featured_media":125621,"template":"","meta":[],"product_brand":[1620],"product_cat":[1633,1669,1623],"product_tag":[],"class_list":{"0":"post-125629","1":"product","2":"type-product","3":"status-publish","4":"has-post-thumbnail","6":"product_brand-dolce-gabbana","7":"product_cat-maenner-kleidung","8":"product_cat-jacken","9":"product_cat-kleidung","11":"first","12":"instock","13":"sale","14":"taxable","15":"shipping-taxable","16":"purchasable","17":"product-type-variable"},"_links":{"self":[{"href":"https:\/\/tpmadalina42.supserv.cozmoslabs.com\/fi\/wp-json\/wp\/v2\/product\/125629","targetHints":{"allow":["GET"]}}],"collection":[{"href":"https:\/\/tpmadalina42.supserv.cozmoslabs.com\/fi\/wp-json\/wp\/v2\/product"}],"about":[{"href":"https:\/\/tpmadalina42.supserv.cozmoslabs.com\/fi\/wp-json\/wp\/v2\/types\/product"}],"wp:featuredmedia":[{"embeddable":true,"href":"https:\/\/tpmadalina42.supserv.cozmoslabs.com\/fi\/wp-json\/wp\/v2\/media\/125621"}],"wp:attachment":[{"href":"https:\/\/tpmadalina42.supserv.cozmoslabs.com\/fi\/wp-json\/wp\/v2\/media?parent=125629"}],"wp:term":[{"taxonomy":"product_brand","embeddable":true,"href":"https:\/\/tpmadalina42.supserv.cozmoslabs.com\/fi\/wp-json\/wp\/v2\/product_brand?post=125629"},{"taxonomy":"product_cat","embeddable":true,"href":"https:\/\/tpmadalina42.supserv.cozmoslabs.com\/fi\/wp-json\/wp\/v2\/product_cat?post=125629"},{"taxonomy":"product_tag","embeddable":true,"href":"https:\/\/tpmadalina42.supserv.cozmoslabs.com\/fi\/wp-json\/wp\/v2\/product_tag?post=125629"}],"curies":[{"name":"wp","href":"https:\/\/api.w.org\/{rel}","templated":true}]}}