{"id":125639,"date":"2024-07-23T07:26:18","date_gmt":"2024-07-23T14:26:18","guid":{"rendered":"https:\/\/glandine.com\/product\/dolce-gabbana-eleganter-beigefarbener-formeller-wollmantel\/"},"modified":"2024-11-29T12:17:44","modified_gmt":"2024-11-29T11:17:44","slug":"dolce-gabbana-eleganter-beigefarbener-formeller-wollmantel","status":"publish","type":"product","link":"https:\/\/tpmadalina42.supserv.cozmoslabs.com\/fi\/tuote-2\/dolce-gabbana-eleganter-beigefarbener-formeller-wollmantel\/","title":{"rendered":"Dolce &amp; Gabbana Eleganter Beigefarbener formeller Wollmantel"},"content":{"rendered":"<p>Entdecken Sie den Inbegriff von Eleganz mit diesem atemberaubenden <strong>Dolce &amp; Gabbana<\/strong> Exclusive Formal Coat. Dieser beigefarbene Zweireiher ist ein Beweis f\u00fcr exquisite Schneiderkunst und Raffinesse und sorgt f\u00fcr einen eleganten Look bei jeder formellen Veranstaltung. Dieser in Italien gefertigte Mantel verspricht unvergleichliche Qualit\u00e4t und Komfort, mit einer luxuri\u00f6sen Wollmischung, die sowohl W\u00e4rme als auch Stil bietet. Perfekt f\u00fcr den anspruchsvollen Gentleman, der klassisches Design und Liebe zum Detail sch\u00e4tzt.<\/p>\n<ul>\n<li>V\u00e4ri: beige<\/li>\n<li>Passform: Normal<\/li>\n<li>Modell: Zweireihiger Mantel<\/li>\n<li>Taschen: Drei au\u00dfen und vier innen<\/li>\n<li>Verschluss: 3-Knopf-Front<\/li>\n<li>Logon yksityiskohdat<\/li>\n<li>Material: 93% Wolle, 7% Nylon<\/li>\n<li>Vuori: 100% viskoosi<\/li>\n<li>Alkuper\u00e4maa: Italia<\/li>\n<\/ul>","protected":false},"excerpt":{"rendered":"<p>Entdecken Sie den Inbegriff von Eleganz mit diesem atemberaubenden Dolce &amp; Gabbana Exclusive Formal Coat. Dieser beigefarbene Zweireiher ist ein Beweis f\u00fcr exquisite Schneiderkunst und Raffinesse und sorgt f\u00fcr einen eleganten Look bei jeder formellen Veranstaltung. Dieser in Italien gefertigte Mantel verspricht unvergleichliche Qualit\u00e4t und Komfort, mit einer luxuri\u00f6sen Wollmischung, die sowohl W\u00e4rme als auch [&hellip;]<\/p>","protected":false},"featured_media":125632,"template":"","meta":[],"product_brand":[1620],"product_cat":[1633,1669,1623],"product_tag":[],"class_list":{"0":"post-125639","1":"product","2":"type-product","3":"status-publish","4":"has-post-thumbnail","6":"product_brand-dolce-gabbana","7":"product_cat-maenner-kleidung","8":"product_cat-jacken","9":"product_cat-kleidung","11":"first","12":"instock","13":"sale","14":"taxable","15":"shipping-taxable","16":"purchasable","17":"product-type-variable"},"_links":{"self":[{"href":"https:\/\/tpmadalina42.supserv.cozmoslabs.com\/fi\/wp-json\/wp\/v2\/product\/125639","targetHints":{"allow":["GET"]}}],"collection":[{"href":"https:\/\/tpmadalina42.supserv.cozmoslabs.com\/fi\/wp-json\/wp\/v2\/product"}],"about":[{"href":"https:\/\/tpmadalina42.supserv.cozmoslabs.com\/fi\/wp-json\/wp\/v2\/types\/product"}],"wp:featuredmedia":[{"embeddable":true,"href":"https:\/\/tpmadalina42.supserv.cozmoslabs.com\/fi\/wp-json\/wp\/v2\/media\/125632"}],"wp:attachment":[{"href":"https:\/\/tpmadalina42.supserv.cozmoslabs.com\/fi\/wp-json\/wp\/v2\/media?parent=125639"}],"wp:term":[{"taxonomy":"product_brand","embeddable":true,"href":"https:\/\/tpmadalina42.supserv.cozmoslabs.com\/fi\/wp-json\/wp\/v2\/product_brand?post=125639"},{"taxonomy":"product_cat","embeddable":true,"href":"https:\/\/tpmadalina42.supserv.cozmoslabs.com\/fi\/wp-json\/wp\/v2\/product_cat?post=125639"},{"taxonomy":"product_tag","embeddable":true,"href":"https:\/\/tpmadalina42.supserv.cozmoslabs.com\/fi\/wp-json\/wp\/v2\/product_tag?post=125639"}],"curies":[{"name":"wp","href":"https:\/\/api.w.org\/{rel}","templated":true}]}}