{"id":126351,"date":"2024-07-23T08:04:10","date_gmt":"2024-07-23T15:04:10","guid":{"rendered":"https:\/\/glandine.com\/product\/ermanno-scervino-elegantes-sonnenkleid-mit-blumenmuster-fuer-soirees-am-meer\/"},"modified":"2024-11-29T12:26:25","modified_gmt":"2024-11-29T11:26:25","slug":"ermanno-scervino-elegantes-sonnenkleid-mit-blumenmuster-fuer-soirees-am-meer","status":"publish","type":"product","link":"https:\/\/tpmadalina42.supserv.cozmoslabs.com\/fi\/tuote-2\/ermanno-scervino-elegantes-sonnenkleid-mit-blumenmuster-fuer-soirees-am-meer\/","title":{"rendered":"Ermanno Scervino Elegantes Sonnenkleid mit Blumenmuster f\u00fcr Soirees am Meer"},"content":{"rendered":"<p>G\u00f6nnen Sie sich den Inbegriff von sommerlicher Eleganz mit diesem auff\u00e4lligen Ermanno Scervino Floral Beach Dress. Gefertigt aus luxuri\u00f6ser 100% Baumwolle, kombiniert dieses atemberaubende Strandkleid Komfort mit High-End-Mode. Das \u00e4rmellose Kleid in frischem Blau und Wei\u00df, das die Essenz von Meeresbrisen und sonnigem Himmel einf\u00e4ngt, wird in der Taille mit zarten B\u00e4ndern zusammengehalten und bietet eine schmeichelhafte Silhouette. Dieses Kleid eignet sich perfekt f\u00fcr Strandausfl\u00fcge oder l\u00e4ssige Sommerfeste und ist eine vielseitige Erg\u00e4nzung f\u00fcr jede Garderobe.<\/p>\n<ul>\n<li>Materiaali: 100% puuvilla<\/li>\n<li>V\u00e4ri: Sininen, Valkoinen<\/li>\n<li>Alkuper\u00e4maa: IT<\/li>\n<li>Modell: Sonnenkleid<\/li>\n<li>Design: \u00dcber dem Knie Rock, B\u00e4nder in der Taille, \u00c4rmellos<\/li>\n<\/ul>","protected":false},"excerpt":{"rendered":"<p>G\u00f6nnen Sie sich den Inbegriff von sommerlicher Eleganz mit diesem auff\u00e4lligen Ermanno Scervino Floral Beach Dress. Gefertigt aus luxuri\u00f6ser 100% Baumwolle, kombiniert dieses atemberaubende Strandkleid Komfort mit High-End-Mode. Das \u00e4rmellose Kleid in frischem Blau und Wei\u00df, das die Essenz von Meeresbrisen und sonnigem Himmel einf\u00e4ngt, wird in der Taille mit zarten B\u00e4ndern zusammengehalten und bietet [&hellip;]<\/p>","protected":false},"featured_media":126345,"template":"","meta":[],"product_brand":[1831],"product_cat":[1637,1659,1623],"product_tag":[],"class_list":{"0":"post-126351","1":"product","2":"type-product","3":"status-publish","4":"has-post-thumbnail","6":"product_brand-ermanno-scervino","7":"product_cat-frauen-kleidung","8":"product_cat-kleider","9":"product_cat-kleidung","11":"first","12":"instock","13":"sale","14":"taxable","15":"shipping-taxable","16":"purchasable","17":"product-type-variable"},"_links":{"self":[{"href":"https:\/\/tpmadalina42.supserv.cozmoslabs.com\/fi\/wp-json\/wp\/v2\/product\/126351","targetHints":{"allow":["GET"]}}],"collection":[{"href":"https:\/\/tpmadalina42.supserv.cozmoslabs.com\/fi\/wp-json\/wp\/v2\/product"}],"about":[{"href":"https:\/\/tpmadalina42.supserv.cozmoslabs.com\/fi\/wp-json\/wp\/v2\/types\/product"}],"wp:featuredmedia":[{"embeddable":true,"href":"https:\/\/tpmadalina42.supserv.cozmoslabs.com\/fi\/wp-json\/wp\/v2\/media\/126345"}],"wp:attachment":[{"href":"https:\/\/tpmadalina42.supserv.cozmoslabs.com\/fi\/wp-json\/wp\/v2\/media?parent=126351"}],"wp:term":[{"taxonomy":"product_brand","embeddable":true,"href":"https:\/\/tpmadalina42.supserv.cozmoslabs.com\/fi\/wp-json\/wp\/v2\/product_brand?post=126351"},{"taxonomy":"product_cat","embeddable":true,"href":"https:\/\/tpmadalina42.supserv.cozmoslabs.com\/fi\/wp-json\/wp\/v2\/product_cat?post=126351"},{"taxonomy":"product_tag","embeddable":true,"href":"https:\/\/tpmadalina42.supserv.cozmoslabs.com\/fi\/wp-json\/wp\/v2\/product_tag?post=126351"}],"curies":[{"name":"wp","href":"https:\/\/api.w.org\/{rel}","templated":true}]}}