{"id":126593,"date":"2024-07-23T08:11:12","date_gmt":"2024-07-23T15:11:12","guid":{"rendered":"https:\/\/glandine.com\/product\/dolce-gabbana-elegantes-graues-woll-stretch-kleid-weste\/"},"modified":"2024-11-29T12:28:44","modified_gmt":"2024-11-29T11:28:44","slug":"dolce-gabbana-elegantes-graues-woll-stretch-kleid-weste","status":"publish","type":"product","link":"https:\/\/tpmadalina42.supserv.cozmoslabs.com\/fi\/tuote-2\/dolce-gabbana-elegantes-graues-woll-stretch-kleid-weste\/","title":{"rendered":"Dolce &amp; Gabbana Elegantes Graues Woll-Stretch-Kleid Weste"},"content":{"rendered":"<p>Verstr\u00f6men Sie stilvolle Eleganz mit dieser exquisiten 100% authentischen Stretch-Kleidungsweste aus der MainLine-Kollektion von Dolce &amp; Gabbana. Das stromlinienf\u00f6rmige, einreihige Design, gepaart mit einem verstellbaren Taillengurt im R\u00fccken, bietet eine makellose Passform, w\u00e4hrend die luxuri\u00f6se Mischung aus Wolle und Elastan sowohl Komfort als auch Stil gew\u00e4hrleistet. Diese in Italien gefertigte Weste ist die perfekte Erg\u00e4nzung f\u00fcr Ihre Garderobe.<\/p>\n<ul>\n<li>Material: 98% Wolle, 2% Elastan<\/li>\n<li>V\u00e4ri: Harmaa<\/li>\n<li>Alkuper\u00e4maa: IT<\/li>\n<li>Durchgehender Knopfverschluss vorne<\/li>\n<li>Logon yksityiskohdat<\/li>\n<\/ul>","protected":false},"excerpt":{"rendered":"<p>Verstr\u00f6men Sie stilvolle Eleganz mit dieser exquisiten 100% authentischen Stretch-Kleidungsweste aus der MainLine-Kollektion von Dolce &amp; Gabbana. Das stromlinienf\u00f6rmige, einreihige Design, gepaart mit einem verstellbaren Taillengurt im R\u00fccken, bietet eine makellose Passform, w\u00e4hrend die luxuri\u00f6se Mischung aus Wolle und Elastan sowohl Komfort als auch Stil gew\u00e4hrleistet. Diese in Italien gefertigte Weste ist die perfekte Erg\u00e4nzung [&hellip;]<\/p>","protected":false},"featured_media":126585,"template":"","meta":[],"product_brand":[1620],"product_cat":[1633,1623,1720],"product_tag":[],"class_list":{"0":"post-126593","1":"product","2":"type-product","3":"status-publish","4":"has-post-thumbnail","6":"product_brand-dolce-gabbana","7":"product_cat-maenner-kleidung","8":"product_cat-kleidung","9":"product_cat-schutzwesten-maenner-kleidung","11":"first","12":"instock","13":"sale","14":"taxable","15":"shipping-taxable","16":"purchasable","17":"product-type-variable"},"_links":{"self":[{"href":"https:\/\/tpmadalina42.supserv.cozmoslabs.com\/fi\/wp-json\/wp\/v2\/product\/126593","targetHints":{"allow":["GET"]}}],"collection":[{"href":"https:\/\/tpmadalina42.supserv.cozmoslabs.com\/fi\/wp-json\/wp\/v2\/product"}],"about":[{"href":"https:\/\/tpmadalina42.supserv.cozmoslabs.com\/fi\/wp-json\/wp\/v2\/types\/product"}],"wp:featuredmedia":[{"embeddable":true,"href":"https:\/\/tpmadalina42.supserv.cozmoslabs.com\/fi\/wp-json\/wp\/v2\/media\/126585"}],"wp:attachment":[{"href":"https:\/\/tpmadalina42.supserv.cozmoslabs.com\/fi\/wp-json\/wp\/v2\/media?parent=126593"}],"wp:term":[{"taxonomy":"product_brand","embeddable":true,"href":"https:\/\/tpmadalina42.supserv.cozmoslabs.com\/fi\/wp-json\/wp\/v2\/product_brand?post=126593"},{"taxonomy":"product_cat","embeddable":true,"href":"https:\/\/tpmadalina42.supserv.cozmoslabs.com\/fi\/wp-json\/wp\/v2\/product_cat?post=126593"},{"taxonomy":"product_tag","embeddable":true,"href":"https:\/\/tpmadalina42.supserv.cozmoslabs.com\/fi\/wp-json\/wp\/v2\/product_tag?post=126593"}],"curies":[{"name":"wp","href":"https:\/\/api.w.org\/{rel}","templated":true}]}}