{"id":127334,"date":"2024-07-23T08:36:05","date_gmt":"2024-07-23T15:36:05","guid":{"rendered":"https:\/\/glandine.com\/product\/dolce-gabbana-elegante-schwarze-pelz-leder-flache-sneaker-stiefel\/"},"modified":"2024-11-29T12:38:14","modified_gmt":"2024-11-29T11:38:14","slug":"dolce-gabbana-elegante-schwarze-pelz-leder-flache-sneaker-stiefel","status":"publish","type":"product","link":"https:\/\/tpmadalina42.supserv.cozmoslabs.com\/fi\/tuote-2\/dolce-gabbana-elegante-schwarze-pelz-leder-flache-sneaker-stiefel\/","title":{"rendered":"Dolce &amp; Gabbana tyylikk\u00e4\u00e4t mustat turkisnahkaiset, litte\u00e4t lenkkarit"},"content":{"rendered":"<p>Erleben Sie Luxus mit diesen umwerfenden flachen Sneaker-Stiefeln von Dolce &amp; Gabbana, die eine perfekte Mischung aus Komfort und High-End-Mode darstellen. Diese kniehohen Stiefel sind brandneu, werden mit Originaletiketten geliefert und geh\u00f6ren zur exklusiven MainLine Kollektion. Sie wurden mit viel Liebe zum Detail gefertigt und verk\u00f6rpern den Chic und die Raffinesse, die f\u00fcr die \u00c4sthetik von Dolce &amp; Gabbana stehen.<\/p>\n<ul>\n<li>V\u00e4ri: Musta<\/li>\n<li>Material: 98% Xiangao-Pelz, 2% Leder<\/li>\n<li>Pohja: kumia<\/li>\n<li>Logon yksityiskohdat<\/li>\n<li>Valmistettu Italiassa<\/li>\n<li>Alkuper\u00e4maa: IT<\/li>\n<\/ul>","protected":false},"excerpt":{"rendered":"<p>Erleben Sie Luxus mit diesen umwerfenden flachen Sneaker-Stiefeln von Dolce &amp; Gabbana, die eine perfekte Mischung aus Komfort und High-End-Mode darstellen. Diese kniehohen Stiefel sind brandneu, werden mit Originaletiketten geliefert und geh\u00f6ren zur exklusiven MainLine Kollektion. Sie wurden mit viel Liebe zum Detail gefertigt und verk\u00f6rpern den Chic und die Raffinesse, die f\u00fcr die \u00c4sthetik [&hellip;]<\/p>","protected":false},"featured_media":127328,"template":"","meta":[],"product_brand":[1620],"product_cat":[1635,1624,1655],"product_tag":[],"class_list":{"0":"post-127334","1":"product","2":"type-product","3":"status-publish","4":"has-post-thumbnail","6":"product_brand-dolce-gabbana","7":"product_cat-frauen-schuhe","8":"product_cat-schuhe","9":"product_cat-stiefel-frauen-schuhe","11":"first","12":"instock","13":"sale","14":"taxable","15":"shipping-taxable","16":"purchasable","17":"product-type-variable"},"_links":{"self":[{"href":"https:\/\/tpmadalina42.supserv.cozmoslabs.com\/fi\/wp-json\/wp\/v2\/product\/127334","targetHints":{"allow":["GET"]}}],"collection":[{"href":"https:\/\/tpmadalina42.supserv.cozmoslabs.com\/fi\/wp-json\/wp\/v2\/product"}],"about":[{"href":"https:\/\/tpmadalina42.supserv.cozmoslabs.com\/fi\/wp-json\/wp\/v2\/types\/product"}],"wp:featuredmedia":[{"embeddable":true,"href":"https:\/\/tpmadalina42.supserv.cozmoslabs.com\/fi\/wp-json\/wp\/v2\/media\/127328"}],"wp:attachment":[{"href":"https:\/\/tpmadalina42.supserv.cozmoslabs.com\/fi\/wp-json\/wp\/v2\/media?parent=127334"}],"wp:term":[{"taxonomy":"product_brand","embeddable":true,"href":"https:\/\/tpmadalina42.supserv.cozmoslabs.com\/fi\/wp-json\/wp\/v2\/product_brand?post=127334"},{"taxonomy":"product_cat","embeddable":true,"href":"https:\/\/tpmadalina42.supserv.cozmoslabs.com\/fi\/wp-json\/wp\/v2\/product_cat?post=127334"},{"taxonomy":"product_tag","embeddable":true,"href":"https:\/\/tpmadalina42.supserv.cozmoslabs.com\/fi\/wp-json\/wp\/v2\/product_tag?post=127334"}],"curies":[{"name":"wp","href":"https:\/\/api.w.org\/{rel}","templated":true}]}}