{"id":127460,"date":"2024-07-23T08:40:29","date_gmt":"2024-07-23T15:40:29","guid":{"rendered":"https:\/\/glandine.com\/product\/dolce-gabbana-eleganter-hochtaillierter-rock-aus-gebluemtem-brokat\/"},"modified":"2024-11-29T12:39:28","modified_gmt":"2024-11-29T11:39:28","slug":"dolce-gabbana-eleganter-hochtaillierter-rock-aus-gebluemtem-brokat","status":"publish","type":"product","link":"https:\/\/tpmadalina42.supserv.cozmoslabs.com\/fi\/tuote-2\/dolce-gabbana-eleganter-hochtaillierter-rock-aus-gebluemtem-brokat\/","title":{"rendered":"Dolce &amp; Gabbana Eleganter hochtaillierter Rock aus gebl\u00fcmtem Brokat"},"content":{"rendered":"<p>Dieser atemberaubende Rock von <strong>Dolce &amp; Gabbana<\/strong> ist der Inbegriff von italienischem Luxus. Mit seinem raffinierten schwarz-wei\u00dfen Blumenbrokatmuster und der exquisiten Stammbaum-Stickerei ist dieses St\u00fcck ein Zeugnis f\u00fcr hohe modische Handwerkskunst. Die elegante L\u00e4nge unterhalb des Knies gepaart mit dem hohen Taillenschnitt schafft eine zeitlose Silhouette, perfekt f\u00fcr jeden gehobenen Anlass. Der Rock ist aus einer Mischung aus Baumwolle, Viskose und Seide gefertigt und f\u00fcr maximalen Komfort mit reiner Seide gef\u00fcttert. Er ist mit einem eleganten R\u00fcckenrei\u00dfverschluss und einer dezenten Logogravur versehen.<\/p>\n<ul>\n<li>V\u00e4ri: musta\/valkoinen<\/li>\n<li>Material: 54% Baumwolle, 24% Viskose, 12% Seide<\/li>\n<li>Sis\u00e4vuori: 100% silkki<\/li>\n<li>Stickerei: 55% Polyurethan, 45% Polyester<\/li>\n<li>Takana vetoketju<\/li>\n<li>Hardware mit Logogravur<\/li>\n<li>Valmistettu Italiassa<\/li>\n<\/ul>","protected":false},"excerpt":{"rendered":"<p>Dieser atemberaubende Rock von Dolce &amp; Gabbana ist der Inbegriff von italienischem Luxus. Mit seinem raffinierten schwarz-wei\u00dfen Blumenbrokatmuster und der exquisiten Stammbaum-Stickerei ist dieses St\u00fcck ein Zeugnis f\u00fcr hohe modische Handwerkskunst. Die elegante L\u00e4nge unterhalb des Knies gepaart mit dem hohen Taillenschnitt schafft eine zeitlose Silhouette, perfekt f\u00fcr jeden gehobenen Anlass. Der Rock ist aus [&hellip;]<\/p>","protected":false},"featured_media":127452,"template":"","meta":[],"product_brand":[1620],"product_cat":[1637,1623,1699],"product_tag":[],"class_list":{"0":"post-127460","1":"product","2":"type-product","3":"status-publish","4":"has-post-thumbnail","6":"product_brand-dolce-gabbana","7":"product_cat-frauen-kleidung","8":"product_cat-kleidung","9":"product_cat-roecke","11":"first","12":"instock","13":"sale","14":"taxable","15":"shipping-taxable","16":"purchasable","17":"product-type-variable"},"_links":{"self":[{"href":"https:\/\/tpmadalina42.supserv.cozmoslabs.com\/fi\/wp-json\/wp\/v2\/product\/127460","targetHints":{"allow":["GET"]}}],"collection":[{"href":"https:\/\/tpmadalina42.supserv.cozmoslabs.com\/fi\/wp-json\/wp\/v2\/product"}],"about":[{"href":"https:\/\/tpmadalina42.supserv.cozmoslabs.com\/fi\/wp-json\/wp\/v2\/types\/product"}],"wp:featuredmedia":[{"embeddable":true,"href":"https:\/\/tpmadalina42.supserv.cozmoslabs.com\/fi\/wp-json\/wp\/v2\/media\/127452"}],"wp:attachment":[{"href":"https:\/\/tpmadalina42.supserv.cozmoslabs.com\/fi\/wp-json\/wp\/v2\/media?parent=127460"}],"wp:term":[{"taxonomy":"product_brand","embeddable":true,"href":"https:\/\/tpmadalina42.supserv.cozmoslabs.com\/fi\/wp-json\/wp\/v2\/product_brand?post=127460"},{"taxonomy":"product_cat","embeddable":true,"href":"https:\/\/tpmadalina42.supserv.cozmoslabs.com\/fi\/wp-json\/wp\/v2\/product_cat?post=127460"},{"taxonomy":"product_tag","embeddable":true,"href":"https:\/\/tpmadalina42.supserv.cozmoslabs.com\/fi\/wp-json\/wp\/v2\/product_tag?post=127460"}],"curies":[{"name":"wp","href":"https:\/\/api.w.org\/{rel}","templated":true}]}}