{"id":128043,"date":"2024-07-23T09:00:34","date_gmt":"2024-07-23T16:00:34","guid":{"rendered":"https:\/\/glandine.com\/product\/dolce-gabbana-elegantes-maxikleid-aus-seidenspitze-mit-korsett\/"},"modified":"2024-11-29T12:46:03","modified_gmt":"2024-11-29T11:46:03","slug":"dolce-gabbana-elegantes-maxikleid-aus-seidenspitze-mit-korsett","status":"publish","type":"product","link":"https:\/\/tpmadalina42.supserv.cozmoslabs.com\/fi\/tuote-2\/dolce-gabbana-elegantes-maxikleid-aus-seidenspitze-mit-korsett\/","title":{"rendered":"Dolce &amp; Gabbana Elegantes Maxikleid aus Seidenspitze mit Korsett"},"content":{"rendered":"<p>G\u00f6nnen Sie sich die luxuri\u00f6se Eleganz dieses <strong>Dolce &amp; Gabbana<\/strong> Seiden-Spitzen-Korsett-Maxi-Kleid. Exquisite Handwerkskunst ist in jedem Detail dieser wundersch\u00f6nen, brandneue Kleid mit Tags evident. Seine schmeichelhafte Korsett-Silhouette ist mit einem atemberaubenden schwarzen Blumen-Spitzen-Overlay auf einem makellosen wei\u00dfen Hintergrund verziert. Perfekt f\u00fcr gehobene Anl\u00e4sse, verf\u00fcgt dieses Kleid \u00fcber einen sicheren Rei\u00dfverschluss am R\u00fccken, ein st\u00fctzendes Innenkorsett und ein Stretch-Seidenfutter f\u00fcr ultimativen Komfort. Mit seiner \u00fcberlegenen Qualit\u00e4t und seinem einzigartigen Design ist dieses Kleid ein echtes Beispiel f\u00fcr italienische High Fashion und Exklusivit\u00e4t. Eine unverzichtbare Erg\u00e4nzung f\u00fcr Ihre anspruchsvolle Garderobe.<\/p>\n<ul>\n<li>V\u00e4ri: musta\/valkoinen<\/li>\n<li>Materiaali: 100% silkki<\/li>\n<li>Futter: 96% Seide, 4% Elastan<\/li>\n<li>Alkuper\u00e4maa: IT<\/li>\n<li>Valmistettu Italiassa<\/li>\n<li>Logon yksityiskohdat<\/li>\n<\/ul>","protected":false},"excerpt":{"rendered":"<p>G\u00f6nnen Sie sich die luxuri\u00f6se Eleganz dieses Dolce &amp; Gabbana Seiden-Spitzen-Korsett-Maxi-Kleid. Exquisite Handwerkskunst ist in jedem Detail dieser wundersch\u00f6nen, brandneue Kleid mit Tags evident. Seine schmeichelhafte Korsett-Silhouette ist mit einem atemberaubenden schwarzen Blumen-Spitzen-Overlay auf einem makellosen wei\u00dfen Hintergrund verziert. Perfekt f\u00fcr gehobene Anl\u00e4sse, verf\u00fcgt dieses Kleid \u00fcber einen sicheren Rei\u00dfverschluss am R\u00fccken, ein st\u00fctzendes Innenkorsett [&hellip;]<\/p>","protected":false},"featured_media":128035,"template":"","meta":[],"product_brand":[1620],"product_cat":[1637,1659,1623],"product_tag":[],"class_list":{"0":"post-128043","1":"product","2":"type-product","3":"status-publish","4":"has-post-thumbnail","6":"product_brand-dolce-gabbana","7":"product_cat-frauen-kleidung","8":"product_cat-kleider","9":"product_cat-kleidung","11":"first","12":"instock","13":"sale","14":"taxable","15":"shipping-taxable","16":"purchasable","17":"product-type-variable"},"_links":{"self":[{"href":"https:\/\/tpmadalina42.supserv.cozmoslabs.com\/fi\/wp-json\/wp\/v2\/product\/128043","targetHints":{"allow":["GET"]}}],"collection":[{"href":"https:\/\/tpmadalina42.supserv.cozmoslabs.com\/fi\/wp-json\/wp\/v2\/product"}],"about":[{"href":"https:\/\/tpmadalina42.supserv.cozmoslabs.com\/fi\/wp-json\/wp\/v2\/types\/product"}],"wp:featuredmedia":[{"embeddable":true,"href":"https:\/\/tpmadalina42.supserv.cozmoslabs.com\/fi\/wp-json\/wp\/v2\/media\/128035"}],"wp:attachment":[{"href":"https:\/\/tpmadalina42.supserv.cozmoslabs.com\/fi\/wp-json\/wp\/v2\/media?parent=128043"}],"wp:term":[{"taxonomy":"product_brand","embeddable":true,"href":"https:\/\/tpmadalina42.supserv.cozmoslabs.com\/fi\/wp-json\/wp\/v2\/product_brand?post=128043"},{"taxonomy":"product_cat","embeddable":true,"href":"https:\/\/tpmadalina42.supserv.cozmoslabs.com\/fi\/wp-json\/wp\/v2\/product_cat?post=128043"},{"taxonomy":"product_tag","embeddable":true,"href":"https:\/\/tpmadalina42.supserv.cozmoslabs.com\/fi\/wp-json\/wp\/v2\/product_tag?post=128043"}],"curies":[{"name":"wp","href":"https:\/\/api.w.org\/{rel}","templated":true}]}}