{"id":128101,"date":"2024-07-23T09:02:34","date_gmt":"2024-07-23T16:02:34","guid":{"rendered":"https:\/\/glandine.com\/product\/dolce-gabbana-elegantes-lila-gebluemtes-maxikleid-aus-spitze\/"},"modified":"2024-11-29T12:46:36","modified_gmt":"2024-11-29T11:46:36","slug":"dolce-gabbana-elegantes-lila-gebluemtes-maxikleid-aus-spitze","status":"publish","type":"product","link":"https:\/\/tpmadalina42.supserv.cozmoslabs.com\/fi\/tuote-2\/dolce-gabbana-elegantes-lila-gebluemtes-maxikleid-aus-spitze\/","title":{"rendered":"Dolce &amp; Gabbana Elegantes lila gebl\u00fcmtes Maxikleid aus Spitze"},"content":{"rendered":"<p>Tauchen Sie ein in eine Welt des Luxus mit diesem exquisiten lang\u00e4rmeligen Bodycon-Maxi-Kleid von Dolce &amp; Gabbana. Das aufwendige Design aus violetter, floraler Spitze umschmeichelt elegant Ihre Silhouette, w\u00e4hrend der bodenlange Stil ein raffiniertes Flair bietet, das perfekt f\u00fcr jedes High-End-Event ist. Mit italienischer Handwerkskunst und detailorientierter Verarbeitung ist dieses Kleid der Inbegriff von High Fashion und Exklusivit\u00e4t. Sind Sie bereit, sich von Ihrer glamour\u00f6sen Seite zu zeigen und bei Ihrer n\u00e4chsten Soir\u00e9e die Blicke auf sich zu ziehen?<\/p>\n<ul>\n<li>V\u00e4ri: violetti<\/li>\n<li>Material: 35% Rayon, 35% Viskose, 20% Baumwolle, 5% Nylon, 5% Seide<\/li>\n<li>Innenfutter: 76% Seide, 16% Baumwolle, 4% Elasthan, 4% Nylon<\/li>\n<li>Innenliegendes Tank-Top mit Rei\u00dfverschluss<\/li>\n<li>Takana vetoketju<\/li>\n<li>Logon yksityiskohdat<\/li>\n<li>Valmistettu Italiassa<\/li>\n<li>Eritt\u00e4in eksklusiivinen ja laadukas ty\u00f6<\/li>\n<\/ul>","protected":false},"excerpt":{"rendered":"<p>Tauchen Sie ein in eine Welt des Luxus mit diesem exquisiten lang\u00e4rmeligen Bodycon-Maxi-Kleid von Dolce &amp; Gabbana. Das aufwendige Design aus violetter, floraler Spitze umschmeichelt elegant Ihre Silhouette, w\u00e4hrend der bodenlange Stil ein raffiniertes Flair bietet, das perfekt f\u00fcr jedes High-End-Event ist. Mit italienischer Handwerkskunst und detailorientierter Verarbeitung ist dieses Kleid der Inbegriff von High [&hellip;]<\/p>","protected":false},"featured_media":128093,"template":"","meta":[],"product_brand":[1620],"product_cat":[1637,1659,1623],"product_tag":[],"class_list":{"0":"post-128101","1":"product","2":"type-product","3":"status-publish","4":"has-post-thumbnail","6":"product_brand-dolce-gabbana","7":"product_cat-frauen-kleidung","8":"product_cat-kleider","9":"product_cat-kleidung","11":"first","12":"instock","13":"sale","14":"taxable","15":"shipping-taxable","16":"purchasable","17":"product-type-variable"},"_links":{"self":[{"href":"https:\/\/tpmadalina42.supserv.cozmoslabs.com\/fi\/wp-json\/wp\/v2\/product\/128101","targetHints":{"allow":["GET"]}}],"collection":[{"href":"https:\/\/tpmadalina42.supserv.cozmoslabs.com\/fi\/wp-json\/wp\/v2\/product"}],"about":[{"href":"https:\/\/tpmadalina42.supserv.cozmoslabs.com\/fi\/wp-json\/wp\/v2\/types\/product"}],"wp:featuredmedia":[{"embeddable":true,"href":"https:\/\/tpmadalina42.supserv.cozmoslabs.com\/fi\/wp-json\/wp\/v2\/media\/128093"}],"wp:attachment":[{"href":"https:\/\/tpmadalina42.supserv.cozmoslabs.com\/fi\/wp-json\/wp\/v2\/media?parent=128101"}],"wp:term":[{"taxonomy":"product_brand","embeddable":true,"href":"https:\/\/tpmadalina42.supserv.cozmoslabs.com\/fi\/wp-json\/wp\/v2\/product_brand?post=128101"},{"taxonomy":"product_cat","embeddable":true,"href":"https:\/\/tpmadalina42.supserv.cozmoslabs.com\/fi\/wp-json\/wp\/v2\/product_cat?post=128101"},{"taxonomy":"product_tag","embeddable":true,"href":"https:\/\/tpmadalina42.supserv.cozmoslabs.com\/fi\/wp-json\/wp\/v2\/product_tag?post=128101"}],"curies":[{"name":"wp","href":"https:\/\/api.w.org\/{rel}","templated":true}]}}