{"id":128197,"date":"2024-07-23T09:06:09","date_gmt":"2024-07-23T16:06:09","guid":{"rendered":"https:\/\/glandine.com\/product\/dolce-gabbana-elegantes-gebluemtes-ricamo-maxikleid\/"},"modified":"2024-11-29T12:49:07","modified_gmt":"2024-11-29T11:49:07","slug":"dolce-gabbana-elegantes-gebluemtes-ricamo-maxikleid","status":"publish","type":"product","link":"https:\/\/tpmadalina42.supserv.cozmoslabs.com\/fi\/tuote-2\/dolce-gabbana-elegantes-gebluemtes-ricamo-maxikleid\/","title":{"rendered":"Dolce &amp; Gabbana Elegantes gebl\u00fcmtes Ricamo Maxikleid"},"content":{"rendered":"<p>Treten Sie ein in die Welt von Luxus und Eleganz mit diesem atemberaubenden, bodenlangen Kleid von <strong>Dolce &amp; Gabbana<\/strong>. Mit seiner aufwendigen Blumenstickerei und der schlichten schwarzen Farbe ist dieses Kleid perfekt f\u00fcr alle, die sich einen schicken, zeitlosen Look w\u00fcnschen. Die 3\/4-\u00c4rmel verleihen ihm einen Hauch von Raffinesse und machen es ideal f\u00fcr gehobene Anl\u00e4sse oder einen stilvollen Ausgehabend.<\/p>\n<ul>\n<li>Materiaali: 95% puuvilla, 5% elastaani<\/li>\n<li>V\u00e4ri: Musta<\/li>\n<li>Alkuper\u00e4maa: IT<\/li>\n<li>Takana vetoketju<\/li>\n<li>Logon yksityiskohdat<\/li>\n<li>Valmistettu Italiassa<\/li>\n<\/ul>","protected":false},"excerpt":{"rendered":"<p>Treten Sie ein in die Welt von Luxus und Eleganz mit diesem atemberaubenden, bodenlangen Kleid von Dolce &amp; Gabbana. Mit seiner aufwendigen Blumenstickerei und der schlichten schwarzen Farbe ist dieses Kleid perfekt f\u00fcr alle, die sich einen schicken, zeitlosen Look w\u00fcnschen. Die 3\/4-\u00c4rmel verleihen ihm einen Hauch von Raffinesse und machen es ideal f\u00fcr gehobene [&hellip;]<\/p>","protected":false},"featured_media":128189,"template":"","meta":[],"product_brand":[1620],"product_cat":[1637,1659,1623],"product_tag":[],"class_list":{"0":"post-128197","1":"product","2":"type-product","3":"status-publish","4":"has-post-thumbnail","6":"product_brand-dolce-gabbana","7":"product_cat-frauen-kleidung","8":"product_cat-kleider","9":"product_cat-kleidung","11":"first","12":"instock","13":"sale","14":"taxable","15":"shipping-taxable","16":"purchasable","17":"product-type-variable"},"_links":{"self":[{"href":"https:\/\/tpmadalina42.supserv.cozmoslabs.com\/fi\/wp-json\/wp\/v2\/product\/128197","targetHints":{"allow":["GET"]}}],"collection":[{"href":"https:\/\/tpmadalina42.supserv.cozmoslabs.com\/fi\/wp-json\/wp\/v2\/product"}],"about":[{"href":"https:\/\/tpmadalina42.supserv.cozmoslabs.com\/fi\/wp-json\/wp\/v2\/types\/product"}],"wp:featuredmedia":[{"embeddable":true,"href":"https:\/\/tpmadalina42.supserv.cozmoslabs.com\/fi\/wp-json\/wp\/v2\/media\/128189"}],"wp:attachment":[{"href":"https:\/\/tpmadalina42.supserv.cozmoslabs.com\/fi\/wp-json\/wp\/v2\/media?parent=128197"}],"wp:term":[{"taxonomy":"product_brand","embeddable":true,"href":"https:\/\/tpmadalina42.supserv.cozmoslabs.com\/fi\/wp-json\/wp\/v2\/product_brand?post=128197"},{"taxonomy":"product_cat","embeddable":true,"href":"https:\/\/tpmadalina42.supserv.cozmoslabs.com\/fi\/wp-json\/wp\/v2\/product_cat?post=128197"},{"taxonomy":"product_tag","embeddable":true,"href":"https:\/\/tpmadalina42.supserv.cozmoslabs.com\/fi\/wp-json\/wp\/v2\/product_tag?post=128197"}],"curies":[{"name":"wp","href":"https:\/\/api.w.org\/{rel}","templated":true}]}}