{"id":128208,"date":"2024-07-23T09:06:35","date_gmt":"2024-07-23T16:06:35","guid":{"rendered":"https:\/\/glandine.com\/product\/dolce-gabbana-elegantes-braunes-samt-kristall-kleid\/"},"modified":"2024-11-29T12:49:51","modified_gmt":"2024-11-29T11:49:51","slug":"dolce-gabbana-elegantes-braunes-samt-kristall-kleid","status":"publish","type":"product","link":"https:\/\/tpmadalina42.supserv.cozmoslabs.com\/fi\/tuote-2\/dolce-gabbana-elegantes-braunes-samt-kristall-kleid\/","title":{"rendered":"Dolce &amp; Gabbana Elegantes Braunes Samt-Kristall-Kleid"},"content":{"rendered":"<p>Schwelgen Sie in der Opulenz von Dolce &amp; Gabbana mit diesem atemberaubenden Kleid aus braunem Samt, das mit klaren Kristallen und wei\u00dfen Perlen verziert ist. Das mit viel Liebe zum Detail gefertigte, bodenlange Etuikleid ist wie geschaffen f\u00fcr einen gro\u00dfen Auftritt. Das mit luxuri\u00f6ser Seide gef\u00fctterte Kleid ist der Inbegriff italienischer Handwerkskunst und perfekt f\u00fcr die glamour\u00f6sesten Abende.<\/p>\n<ul>\n<li>V\u00e4ri: Ruskea<\/li>\n<li>Material: 55% Rayon, 15% Glas, 10% Baumwolle, 10% Cupro, 5% Polyester, 5% Seide<\/li>\n<li>Futter: 96% Seide, 4% Elastan<\/li>\n<li>Alkuper\u00e4maa: Italia<\/li>\n<li>Logon yksityiskohdat<\/li>\n<li>Takana vetoketju<\/li>\n<\/ul>","protected":false},"excerpt":{"rendered":"<p>Schwelgen Sie in der Opulenz von Dolce &amp; Gabbana mit diesem atemberaubenden Kleid aus braunem Samt, das mit klaren Kristallen und wei\u00dfen Perlen verziert ist. Das mit viel Liebe zum Detail gefertigte, bodenlange Etuikleid ist wie geschaffen f\u00fcr einen gro\u00dfen Auftritt. Das mit luxuri\u00f6ser Seide gef\u00fctterte Kleid ist der Inbegriff italienischer Handwerkskunst und perfekt f\u00fcr [&hellip;]<\/p>","protected":false},"featured_media":128200,"template":"","meta":[],"product_brand":[1620],"product_cat":[1637,1659,1623],"product_tag":[],"class_list":{"0":"post-128208","1":"product","2":"type-product","3":"status-publish","4":"has-post-thumbnail","6":"product_brand-dolce-gabbana","7":"product_cat-frauen-kleidung","8":"product_cat-kleider","9":"product_cat-kleidung","11":"first","12":"instock","13":"sale","14":"taxable","15":"shipping-taxable","16":"purchasable","17":"product-type-variable"},"_links":{"self":[{"href":"https:\/\/tpmadalina42.supserv.cozmoslabs.com\/fi\/wp-json\/wp\/v2\/product\/128208","targetHints":{"allow":["GET"]}}],"collection":[{"href":"https:\/\/tpmadalina42.supserv.cozmoslabs.com\/fi\/wp-json\/wp\/v2\/product"}],"about":[{"href":"https:\/\/tpmadalina42.supserv.cozmoslabs.com\/fi\/wp-json\/wp\/v2\/types\/product"}],"wp:featuredmedia":[{"embeddable":true,"href":"https:\/\/tpmadalina42.supserv.cozmoslabs.com\/fi\/wp-json\/wp\/v2\/media\/128200"}],"wp:attachment":[{"href":"https:\/\/tpmadalina42.supserv.cozmoslabs.com\/fi\/wp-json\/wp\/v2\/media?parent=128208"}],"wp:term":[{"taxonomy":"product_brand","embeddable":true,"href":"https:\/\/tpmadalina42.supserv.cozmoslabs.com\/fi\/wp-json\/wp\/v2\/product_brand?post=128208"},{"taxonomy":"product_cat","embeddable":true,"href":"https:\/\/tpmadalina42.supserv.cozmoslabs.com\/fi\/wp-json\/wp\/v2\/product_cat?post=128208"},{"taxonomy":"product_tag","embeddable":true,"href":"https:\/\/tpmadalina42.supserv.cozmoslabs.com\/fi\/wp-json\/wp\/v2\/product_tag?post=128208"}],"curies":[{"name":"wp","href":"https:\/\/api.w.org\/{rel}","templated":true}]}}