{"id":128219,"date":"2024-07-23T09:06:54","date_gmt":"2024-07-23T16:06:54","guid":{"rendered":"https:\/\/glandine.com\/product\/dolce-gabbana-elegantes-schwarzes-etuikleid-in-voller-laenge\/"},"modified":"2024-11-29T12:50:00","modified_gmt":"2024-11-29T11:50:00","slug":"dolce-gabbana-elegantes-schwarzes-etuikleid-in-voller-laenge","status":"publish","type":"product","link":"https:\/\/tpmadalina42.supserv.cozmoslabs.com\/fi\/tuote-2\/dolce-gabbana-elegantes-schwarzes-etuikleid-in-voller-laenge\/","title":{"rendered":"Dolce &amp; Gabbana Elegantes Schwarzes Etuikleid in voller L\u00e4nge"},"content":{"rendered":"<p>Dieses atemberaubende schwarz-graue Etuikleid von Dolce &amp; Gabbana ist der Inbegriff von Eleganz. Dieses brandneue, bodenlange Kleid ist perfekt f\u00fcr eine gehobene Veranstaltung oder einen eleganten Abend und strahlt mit jedem Stich Luxus und Stil aus. Die hochwertige Stoffmischung sorgt daf\u00fcr, dass Sie den ganzen Abend \u00fcber elegant aussehen und sich wohlf\u00fchlen. Gefertigt in Italien, das f\u00fcr seine hohe Modetradition bekannt ist, werden Sie der Inbegriff des modernen Schickes sein. Der Rei\u00dfverschluss auf der R\u00fcckseite erm\u00f6glicht ein einfaches Tragen, w\u00e4hrend das dezente Logodetail Ihrem Ensemble einen Hauch von Designerflair verleiht.<\/p>\n<ul>\n<li>V\u00e4ri: musta ja harmaa<\/li>\n<li>Material: 55% Rayon, 28% Acetat, 12% Polyester, 5% Nylon<\/li>\n<li>Alkuper\u00e4maa: IT<\/li>\n<\/ul>","protected":false},"excerpt":{"rendered":"<p>Dieses atemberaubende schwarz-graue Etuikleid von Dolce &amp; Gabbana ist der Inbegriff von Eleganz. Dieses brandneue, bodenlange Kleid ist perfekt f\u00fcr eine gehobene Veranstaltung oder einen eleganten Abend und strahlt mit jedem Stich Luxus und Stil aus. Die hochwertige Stoffmischung sorgt daf\u00fcr, dass Sie den ganzen Abend \u00fcber elegant aussehen und sich wohlf\u00fchlen. Gefertigt in Italien, [&hellip;]<\/p>","protected":false},"featured_media":128211,"template":"","meta":[],"product_brand":[1620],"product_cat":[1637,1659,1623],"product_tag":[],"class_list":{"0":"post-128219","1":"product","2":"type-product","3":"status-publish","4":"has-post-thumbnail","6":"product_brand-dolce-gabbana","7":"product_cat-frauen-kleidung","8":"product_cat-kleider","9":"product_cat-kleidung","11":"first","12":"instock","13":"sale","14":"taxable","15":"shipping-taxable","16":"purchasable","17":"product-type-variable"},"_links":{"self":[{"href":"https:\/\/tpmadalina42.supserv.cozmoslabs.com\/fi\/wp-json\/wp\/v2\/product\/128219","targetHints":{"allow":["GET"]}}],"collection":[{"href":"https:\/\/tpmadalina42.supserv.cozmoslabs.com\/fi\/wp-json\/wp\/v2\/product"}],"about":[{"href":"https:\/\/tpmadalina42.supserv.cozmoslabs.com\/fi\/wp-json\/wp\/v2\/types\/product"}],"wp:featuredmedia":[{"embeddable":true,"href":"https:\/\/tpmadalina42.supserv.cozmoslabs.com\/fi\/wp-json\/wp\/v2\/media\/128211"}],"wp:attachment":[{"href":"https:\/\/tpmadalina42.supserv.cozmoslabs.com\/fi\/wp-json\/wp\/v2\/media?parent=128219"}],"wp:term":[{"taxonomy":"product_brand","embeddable":true,"href":"https:\/\/tpmadalina42.supserv.cozmoslabs.com\/fi\/wp-json\/wp\/v2\/product_brand?post=128219"},{"taxonomy":"product_cat","embeddable":true,"href":"https:\/\/tpmadalina42.supserv.cozmoslabs.com\/fi\/wp-json\/wp\/v2\/product_cat?post=128219"},{"taxonomy":"product_tag","embeddable":true,"href":"https:\/\/tpmadalina42.supserv.cozmoslabs.com\/fi\/wp-json\/wp\/v2\/product_tag?post=128219"}],"curies":[{"name":"wp","href":"https:\/\/api.w.org\/{rel}","templated":true}]}}