{"id":128241,"date":"2024-07-23T09:07:39","date_gmt":"2024-07-23T16:07:39","guid":{"rendered":"https:\/\/glandine.com\/product\/dolce-gabbana-elegantes-florales-seidenkleid-in-voller-laenge\/"},"modified":"2024-11-29T12:50:20","modified_gmt":"2024-11-29T11:50:20","slug":"dolce-gabbana-elegantes-florales-seidenkleid-in-voller-laenge","status":"publish","type":"product","link":"https:\/\/tpmadalina42.supserv.cozmoslabs.com\/fi\/tuote-2\/dolce-gabbana-elegantes-florales-seidenkleid-in-voller-laenge\/","title":{"rendered":"Dolce &amp; Gabbana Tyylik\u00e4s t\u00e4yspitk\u00e4 kukkainen silkkimekko"},"content":{"rendered":"<p>Dieses auff\u00e4llige schwarz-wei\u00dfe Etuikleid mit Blumenmuster von Dolce &amp; Gabbana verspr\u00fcht luxuri\u00f6sen Charme und steht ganz im Zeichen der abendlichen Eleganz. Die raffinierte Silhouette aus reiner Seide umschmeichelt anmutig Ihre Kurven, w\u00e4hrend das bodenlange Design einen Hauch von klassischer Raffinesse in jede Gala oder anspruchsvolle Soiree bringt. Mit seiner makellosen italienischen Handwerkskunst ist dieses Kleid eine zeitlose Erg\u00e4nzung f\u00fcr Ihre formelle Garderobe.<\/p>\n<ul>\n<li>Materiaali: 100% silkki<\/li>\n<li>V\u00e4ri: musta\/valkoinen<\/li>\n<li>Alkuper\u00e4maa: IT<\/li>\n<li>Takana vetoketju<\/li>\n<li>Logon yksityiskohdat<\/li>\n<\/ul>","protected":false},"excerpt":{"rendered":"<p>Dieses auff\u00e4llige schwarz-wei\u00dfe Etuikleid mit Blumenmuster von Dolce &amp; Gabbana verspr\u00fcht luxuri\u00f6sen Charme und steht ganz im Zeichen der abendlichen Eleganz. Die raffinierte Silhouette aus reiner Seide umschmeichelt anmutig Ihre Kurven, w\u00e4hrend das bodenlange Design einen Hauch von klassischer Raffinesse in jede Gala oder anspruchsvolle Soiree bringt. Mit seiner makellosen italienischen Handwerkskunst ist dieses Kleid [&hellip;]<\/p>","protected":false},"featured_media":128233,"template":"","meta":[],"product_brand":[1620],"product_cat":[1637,1659,1623],"product_tag":[],"class_list":{"0":"post-128241","1":"product","2":"type-product","3":"status-publish","4":"has-post-thumbnail","6":"product_brand-dolce-gabbana","7":"product_cat-frauen-kleidung","8":"product_cat-kleider","9":"product_cat-kleidung","11":"first","12":"instock","13":"sale","14":"taxable","15":"shipping-taxable","16":"purchasable","17":"product-type-variable"},"_links":{"self":[{"href":"https:\/\/tpmadalina42.supserv.cozmoslabs.com\/fi\/wp-json\/wp\/v2\/product\/128241","targetHints":{"allow":["GET"]}}],"collection":[{"href":"https:\/\/tpmadalina42.supserv.cozmoslabs.com\/fi\/wp-json\/wp\/v2\/product"}],"about":[{"href":"https:\/\/tpmadalina42.supserv.cozmoslabs.com\/fi\/wp-json\/wp\/v2\/types\/product"}],"wp:featuredmedia":[{"embeddable":true,"href":"https:\/\/tpmadalina42.supserv.cozmoslabs.com\/fi\/wp-json\/wp\/v2\/media\/128233"}],"wp:attachment":[{"href":"https:\/\/tpmadalina42.supserv.cozmoslabs.com\/fi\/wp-json\/wp\/v2\/media?parent=128241"}],"wp:term":[{"taxonomy":"product_brand","embeddable":true,"href":"https:\/\/tpmadalina42.supserv.cozmoslabs.com\/fi\/wp-json\/wp\/v2\/product_brand?post=128241"},{"taxonomy":"product_cat","embeddable":true,"href":"https:\/\/tpmadalina42.supserv.cozmoslabs.com\/fi\/wp-json\/wp\/v2\/product_cat?post=128241"},{"taxonomy":"product_tag","embeddable":true,"href":"https:\/\/tpmadalina42.supserv.cozmoslabs.com\/fi\/wp-json\/wp\/v2\/product_tag?post=128241"}],"curies":[{"name":"wp","href":"https:\/\/api.w.org\/{rel}","templated":true}]}}