{"id":128633,"date":"2024-07-23T09:21:39","date_gmt":"2024-07-23T16:21:39","guid":{"rendered":"https:\/\/glandine.com\/product\/andrea-incontri-eleganter-knielanger-faltenrock-aus-seide\/"},"modified":"2024-11-29T12:56:42","modified_gmt":"2024-11-29T11:56:42","slug":"andrea-incontri-eleganter-knielanger-faltenrock-aus-seide","status":"publish","type":"product","link":"https:\/\/tpmadalina42.supserv.cozmoslabs.com\/fi\/tuote-2\/andrea-incontri-eleganter-knielanger-faltenrock-aus-seide\/","title":{"rendered":"Andrea Incontri Tyylik\u00e4s polvipituinen laskostettu silkkihame"},"content":{"rendered":"<p>Hemmottele itse\u00e4si ylellisyyden ja k\u00e4sity\u00f6n ruumiillistuksella t\u00e4ll\u00e4 Andrea Incontrin upealla, upouudella laskoshameella. Yksityiskohtiin suurella huomiolla valmistettu teos on todellinen taideteos, joka tuo italialaista eleganssia suoraan vaatekaappiisi. Polvipituinen leikkaus ja sirot laskokset luovat ajattoman siluetin, kun taas takavetoketju varmistaa saumattoman istuvuuden. Tee ilme mihin tahansa hienostuneeseen tilaisuuteen t\u00e4ll\u00e4 upealla vaaleanruskealla hameella, joka on valmistettu hienoimmasta 100%iger-silkist\u00e4.<\/p>\n<ul>\n<li>V\u00e4ri: Ruskea<\/li>\n<li>Materiaali: 100% silkki<\/li>\n<li>Alkuper\u00e4maa: Italia<\/li>\n<li>Logon yksityiskohdat<\/li>\n<\/ul>","protected":false},"excerpt":{"rendered":"<p>G\u00f6nnen Sie sich den Inbegriff von Luxus und Handwerkskunst mit diesem herrlichen, brandneuen Faltenrock von Andrea Incontri. Das mit viel Liebe zum Detail gefertigte St\u00fcck ist ein wahres Kunstwerk, das italienische Eleganz direkt in Ihren Kleiderschrank bringt. Der knielange Schnitt und die anmutigen Falten sorgen f\u00fcr eine zeitlose Silhouette, w\u00e4hrend der Rei\u00dfverschluss am R\u00fccken eine [&hellip;]<\/p>","protected":false},"featured_media":128625,"template":"","meta":[],"product_brand":[1897],"product_cat":[1637,1623,1699],"product_tag":[],"class_list":{"0":"post-128633","1":"product","2":"type-product","3":"status-publish","4":"has-post-thumbnail","6":"product_brand-andrea-incontri","7":"product_cat-frauen-kleidung","8":"product_cat-kleidung","9":"product_cat-roecke","11":"first","12":"instock","13":"sale","14":"taxable","15":"shipping-taxable","16":"purchasable","17":"product-type-variable"},"_links":{"self":[{"href":"https:\/\/tpmadalina42.supserv.cozmoslabs.com\/fi\/wp-json\/wp\/v2\/product\/128633","targetHints":{"allow":["GET"]}}],"collection":[{"href":"https:\/\/tpmadalina42.supserv.cozmoslabs.com\/fi\/wp-json\/wp\/v2\/product"}],"about":[{"href":"https:\/\/tpmadalina42.supserv.cozmoslabs.com\/fi\/wp-json\/wp\/v2\/types\/product"}],"wp:featuredmedia":[{"embeddable":true,"href":"https:\/\/tpmadalina42.supserv.cozmoslabs.com\/fi\/wp-json\/wp\/v2\/media\/128625"}],"wp:attachment":[{"href":"https:\/\/tpmadalina42.supserv.cozmoslabs.com\/fi\/wp-json\/wp\/v2\/media?parent=128633"}],"wp:term":[{"taxonomy":"product_brand","embeddable":true,"href":"https:\/\/tpmadalina42.supserv.cozmoslabs.com\/fi\/wp-json\/wp\/v2\/product_brand?post=128633"},{"taxonomy":"product_cat","embeddable":true,"href":"https:\/\/tpmadalina42.supserv.cozmoslabs.com\/fi\/wp-json\/wp\/v2\/product_cat?post=128633"},{"taxonomy":"product_tag","embeddable":true,"href":"https:\/\/tpmadalina42.supserv.cozmoslabs.com\/fi\/wp-json\/wp\/v2\/product_tag?post=128633"}],"curies":[{"name":"wp","href":"https:\/\/api.w.org\/{rel}","templated":true}]}}