{"id":128821,"date":"2024-07-23T09:28:25","date_gmt":"2024-07-23T16:28:25","guid":{"rendered":"https:\/\/glandine.com\/product\/vika-gazinskaya-elegante-blaue-tunika-bluse-aus-baumwolle\/"},"modified":"2024-11-29T12:59:19","modified_gmt":"2024-11-29T11:59:19","slug":"vika-gazinskaya-elegante-blaue-tunika-bluse-aus-baumwolle","status":"publish","type":"product","link":"https:\/\/tpmadalina42.supserv.cozmoslabs.com\/fi\/tuote-2\/vika-gazinskaya-elegante-blaue-tunika-bluse-aus-baumwolle\/","title":{"rendered":"Vika Gazinskaya Elegante blaue Tunika-Bluse aus Baumwolle"},"content":{"rendered":"<p>Entdecken Sie den Inbegriff von Eleganz mit unserer exklusiven blauen Bluse von Vika Gazinskaya. Diese Tunika ist aus feinster 100%iger Baumwolle gefertigt und besticht durch ihr k\u00fcnstlerisches Flair, das jede Garderobe erg\u00e4nzt. Sie ist mit aufwendigen Details und dem ikonischen Logo der Designerin verziert und ist ein vielseitiges St\u00fcck, das ein Statement setzt.<\/p>\n<ul>\n<li>Materiaali: 100% puuvilla<\/li>\n<li>V\u00e4ri: Sininen<\/li>\n<li>Alkuper\u00e4maa: IT<\/li>\n<li>Durchgehender Knopfverschluss vorne<\/li>\n<li>Lange \u00c4rmel<\/li>\n<li>Logon yksityiskohdat<\/li>\n<\/ul>","protected":false},"excerpt":{"rendered":"<p>Entdecken Sie den Inbegriff von Eleganz mit unserer exklusiven blauen Bluse von Vika Gazinskaya. Diese Tunika ist aus feinster 100%iger Baumwolle gefertigt und besticht durch ihr k\u00fcnstlerisches Flair, das jede Garderobe erg\u00e4nzt. Sie ist mit aufwendigen Details und dem ikonischen Logo der Designerin verziert und ist ein vielseitiges St\u00fcck, das ein Statement setzt. Material: 100% [&hellip;]<\/p>","protected":false},"featured_media":128814,"template":"","meta":[],"product_brand":[1905],"product_cat":[1637,1623,1714],"product_tag":[],"class_list":{"0":"post-128821","1":"product","2":"type-product","3":"status-publish","4":"has-post-thumbnail","6":"product_brand-vika-gazinskaya","7":"product_cat-frauen-kleidung","8":"product_cat-kleidung","9":"product_cat-oberteile-t-shirts","11":"first","12":"instock","13":"sale","14":"taxable","15":"shipping-taxable","16":"purchasable","17":"product-type-variable"},"_links":{"self":[{"href":"https:\/\/tpmadalina42.supserv.cozmoslabs.com\/fi\/wp-json\/wp\/v2\/product\/128821","targetHints":{"allow":["GET"]}}],"collection":[{"href":"https:\/\/tpmadalina42.supserv.cozmoslabs.com\/fi\/wp-json\/wp\/v2\/product"}],"about":[{"href":"https:\/\/tpmadalina42.supserv.cozmoslabs.com\/fi\/wp-json\/wp\/v2\/types\/product"}],"wp:featuredmedia":[{"embeddable":true,"href":"https:\/\/tpmadalina42.supserv.cozmoslabs.com\/fi\/wp-json\/wp\/v2\/media\/128814"}],"wp:attachment":[{"href":"https:\/\/tpmadalina42.supserv.cozmoslabs.com\/fi\/wp-json\/wp\/v2\/media?parent=128821"}],"wp:term":[{"taxonomy":"product_brand","embeddable":true,"href":"https:\/\/tpmadalina42.supserv.cozmoslabs.com\/fi\/wp-json\/wp\/v2\/product_brand?post=128821"},{"taxonomy":"product_cat","embeddable":true,"href":"https:\/\/tpmadalina42.supserv.cozmoslabs.com\/fi\/wp-json\/wp\/v2\/product_cat?post=128821"},{"taxonomy":"product_tag","embeddable":true,"href":"https:\/\/tpmadalina42.supserv.cozmoslabs.com\/fi\/wp-json\/wp\/v2\/product_tag?post=128821"}],"curies":[{"name":"wp","href":"https:\/\/api.w.org\/{rel}","templated":true}]}}