{"id":129387,"date":"2024-07-23T09:47:46","date_gmt":"2024-07-23T16:47:46","guid":{"rendered":"https:\/\/glandine.com\/product\/ermanno-scervino-eleganter-off-white-pullover-aus-einer-alpaka-wollmischung\/"},"modified":"2024-11-29T13:09:33","modified_gmt":"2024-11-29T12:09:33","slug":"ermanno-scervino-eleganter-off-white-pullover-aus-einer-alpaka-wollmischung","status":"publish","type":"product","link":"https:\/\/tpmadalina42.supserv.cozmoslabs.com\/fi\/tuote-2\/ermanno-scervino-eleganter-off-white-pullover-aus-einer-alpaka-wollmischung\/","title":{"rendered":"Ermanno Scervino Elegant Off-White villapaita alpakan ja villan sekoituksesta"},"content":{"rendered":"<p>Steigen Sie ein in Luxus und Stil mit diesem makellosen Ermanno Scervino Cropped Sweater. Gefertigt aus einer exquisiten Mischung aus Alpaka und Wolle, verspricht dieser Pullover nicht nur W\u00e4rme, sondern auch einen Hauch von Raffinesse f\u00fcr Ihre Garderobe. Perfekt f\u00fcr alle, die Eleganz und hochwertige Stoffe zu sch\u00e4tzen wissen. Mit seinem charmanten Knopfverschluss und den dezenten Logodetails ist dieser cremefarbene Pullover ein vielseitiges Kleidungsst\u00fcck, das zu jedem Anlass getragen werden kann.<\/p>\n<ul>\n<li>Material: 20% Alpaka, 45% Wolle, 35% Polyamid<\/li>\n<li>Farbe: Off-White<\/li>\n<li>Malli: lyhennetty villapaita<\/li>\n<li>Napin sulkeminen<\/li>\n<li>Logon yksityiskohdat<\/li>\n<li>Alkuper\u00e4maa: IT<\/li>\n<\/ul>","protected":false},"excerpt":{"rendered":"<p>Steigen Sie ein in Luxus und Stil mit diesem makellosen Ermanno Scervino Cropped Sweater. Gefertigt aus einer exquisiten Mischung aus Alpaka und Wolle, verspricht dieser Pullover nicht nur W\u00e4rme, sondern auch einen Hauch von Raffinesse f\u00fcr Ihre Garderobe. Perfekt f\u00fcr alle, die Eleganz und hochwertige Stoffe zu sch\u00e4tzen wissen. Mit seinem charmanten Knopfverschluss und den [&hellip;]<\/p>","protected":false},"featured_media":129380,"template":"","meta":[],"product_brand":[1831],"product_cat":[1637,1623],"product_tag":[],"class_list":{"0":"post-129387","1":"product","2":"type-product","3":"status-publish","4":"has-post-thumbnail","6":"product_brand-ermanno-scervino","7":"product_cat-frauen-kleidung","8":"product_cat-kleidung","10":"first","11":"instock","12":"sale","13":"taxable","14":"shipping-taxable","15":"purchasable","16":"product-type-variable"},"_links":{"self":[{"href":"https:\/\/tpmadalina42.supserv.cozmoslabs.com\/fi\/wp-json\/wp\/v2\/product\/129387","targetHints":{"allow":["GET"]}}],"collection":[{"href":"https:\/\/tpmadalina42.supserv.cozmoslabs.com\/fi\/wp-json\/wp\/v2\/product"}],"about":[{"href":"https:\/\/tpmadalina42.supserv.cozmoslabs.com\/fi\/wp-json\/wp\/v2\/types\/product"}],"wp:featuredmedia":[{"embeddable":true,"href":"https:\/\/tpmadalina42.supserv.cozmoslabs.com\/fi\/wp-json\/wp\/v2\/media\/129380"}],"wp:attachment":[{"href":"https:\/\/tpmadalina42.supserv.cozmoslabs.com\/fi\/wp-json\/wp\/v2\/media?parent=129387"}],"wp:term":[{"taxonomy":"product_brand","embeddable":true,"href":"https:\/\/tpmadalina42.supserv.cozmoslabs.com\/fi\/wp-json\/wp\/v2\/product_brand?post=129387"},{"taxonomy":"product_cat","embeddable":true,"href":"https:\/\/tpmadalina42.supserv.cozmoslabs.com\/fi\/wp-json\/wp\/v2\/product_cat?post=129387"},{"taxonomy":"product_tag","embeddable":true,"href":"https:\/\/tpmadalina42.supserv.cozmoslabs.com\/fi\/wp-json\/wp\/v2\/product_tag?post=129387"}],"curies":[{"name":"wp","href":"https:\/\/api.w.org\/{rel}","templated":true}]}}