{"id":129437,"date":"2024-07-23T09:49:21","date_gmt":"2024-07-23T16:49:21","guid":{"rendered":"https:\/\/glandine.com\/product\/kaale-suktae-elegante-cropped-artisan-jacke\/"},"modified":"2024-11-29T13:10:21","modified_gmt":"2024-11-29T12:10:21","slug":"kaale-suktae-elegante-cropped-artisan-jacke","status":"publish","type":"product","link":"https:\/\/tpmadalina42.supserv.cozmoslabs.com\/fi\/tuote-2\/kaale-suktae-elegante-cropped-artisan-jacke\/","title":{"rendered":"KAALE SUKTAE Tyylik\u00e4s leikattu k\u00e4sity\u00f6l\u00e4istakki"},"content":{"rendered":"<p>Entdecken Sie die Verk\u00f6rperung von Raffinesse mit dieser atemberaubenden <strong>KAALE SUKTAE<\/strong> Cropped Jacket, ein Zeugnis f\u00fcr \u00fcberlegene Handwerkskunst und k\u00fcnstlerisches Design. Perfekt neu mit Etiketten und aus einer Mischung, die sowohl Komfort als auch Stil bietet, ist dieses St\u00fcck sicher eine gesch\u00e4tzte Erg\u00e4nzung zu Ihrer Garderobe zu werden.<\/p>\n<ul>\n<li>Material: 79% Viskose, 12% Nylon, 9% Polyester<\/li>\n<li>V\u00e4ri: Musta<\/li>\n<li>Alkuper\u00e4maa: IT<\/li>\n<li>Modell: Cropped Jacket mit Rei\u00dfverschluss und eleganten Details<\/li>\n<li>Stylischer Frontrei\u00dfverschluss und zwei Brusttaschen f\u00fcr Funktionalit\u00e4t und Flair<\/li>\n<\/ul>","protected":false},"excerpt":{"rendered":"<p>Entdecken Sie die Verk\u00f6rperung von Raffinesse mit dieser atemberaubenden KAALE SUKTAE Cropped Jacket, ein Zeugnis f\u00fcr \u00fcberlegene Handwerkskunst und k\u00fcnstlerisches Design. Perfekt neu mit Etiketten und aus einer Mischung, die sowohl Komfort als auch Stil bietet, ist dieses St\u00fcck sicher eine gesch\u00e4tzte Erg\u00e4nzung zu Ihrer Garderobe zu werden. Material: 79% Viskose, 12% Nylon, 9% Polyester [&hellip;]<\/p>","protected":false},"featured_media":129429,"template":"","meta":[],"product_brand":[1920],"product_cat":[1637,1670,1623],"product_tag":[],"class_list":{"0":"post-129437","1":"product","2":"type-product","3":"status-publish","4":"has-post-thumbnail","6":"product_brand-kaale-suktae","7":"product_cat-frauen-kleidung","8":"product_cat-jacken-maentel","9":"product_cat-kleidung","11":"first","12":"instock","13":"sale","14":"taxable","15":"shipping-taxable","16":"purchasable","17":"product-type-variable"},"_links":{"self":[{"href":"https:\/\/tpmadalina42.supserv.cozmoslabs.com\/fi\/wp-json\/wp\/v2\/product\/129437","targetHints":{"allow":["GET"]}}],"collection":[{"href":"https:\/\/tpmadalina42.supserv.cozmoslabs.com\/fi\/wp-json\/wp\/v2\/product"}],"about":[{"href":"https:\/\/tpmadalina42.supserv.cozmoslabs.com\/fi\/wp-json\/wp\/v2\/types\/product"}],"wp:featuredmedia":[{"embeddable":true,"href":"https:\/\/tpmadalina42.supserv.cozmoslabs.com\/fi\/wp-json\/wp\/v2\/media\/129429"}],"wp:attachment":[{"href":"https:\/\/tpmadalina42.supserv.cozmoslabs.com\/fi\/wp-json\/wp\/v2\/media?parent=129437"}],"wp:term":[{"taxonomy":"product_brand","embeddable":true,"href":"https:\/\/tpmadalina42.supserv.cozmoslabs.com\/fi\/wp-json\/wp\/v2\/product_brand?post=129437"},{"taxonomy":"product_cat","embeddable":true,"href":"https:\/\/tpmadalina42.supserv.cozmoslabs.com\/fi\/wp-json\/wp\/v2\/product_cat?post=129437"},{"taxonomy":"product_tag","embeddable":true,"href":"https:\/\/tpmadalina42.supserv.cozmoslabs.com\/fi\/wp-json\/wp\/v2\/product_tag?post=129437"}],"curies":[{"name":"wp","href":"https:\/\/api.w.org\/{rel}","templated":true}]}}