{"id":129479,"date":"2024-07-23T09:50:49","date_gmt":"2024-07-23T16:50:49","guid":{"rendered":"https:\/\/glandine.com\/product\/masha-ma-elegantes-traegerloses-schwarzes-kleid\/"},"modified":"2024-11-29T13:11:02","modified_gmt":"2024-11-29T12:11:02","slug":"masha-ma-elegantes-traegerloses-schwarzes-kleid","status":"publish","type":"product","link":"https:\/\/tpmadalina42.supserv.cozmoslabs.com\/fi\/tuote-2\/masha-ma-elegantes-traegerloses-schwarzes-kleid\/","title":{"rendered":"Masha Ma Elegantti olkaimeton musta mekko"},"content":{"rendered":"<p>Erleben Sie den Inbegriff von Eleganz mit diesem atemberaubenden tr\u00e4gerlosen schwarzen Kleid von Masha Ma, neu mit Etiketten. Das perfekt geschneiderte Kleid ist knielang und hat einen exquisiten Rei\u00dfverschluss auf der R\u00fcckseite. Es ist die ideale Wahl f\u00fcr alle, die Raffinesse und einen Hauch von Glamour zu sch\u00e4tzen wissen.<\/p>\n<ul>\n<li>Material: 38% Schurwolle, 54% Viskose, 8% Nylon<\/li>\n<li>V\u00e4ri: Musta<\/li>\n<li>Alkuper\u00e4maa: SE<\/li>\n<li>Logon yksityiskohdat<\/li>\n<li>\u00c4rmellos<\/li>\n<li>Knielang<\/li>\n<li>Vetoketju takana<\/li>\n<\/ul>","protected":false},"excerpt":{"rendered":"<p>Erleben Sie den Inbegriff von Eleganz mit diesem atemberaubenden tr\u00e4gerlosen schwarzen Kleid von Masha Ma, neu mit Etiketten. Das perfekt geschneiderte Kleid ist knielang und hat einen exquisiten Rei\u00dfverschluss auf der R\u00fcckseite. Es ist die ideale Wahl f\u00fcr alle, die Raffinesse und einen Hauch von Glamour zu sch\u00e4tzen wissen. Material: 38% Schurwolle, 54% Viskose, 8% [&hellip;]<\/p>","protected":false},"featured_media":129471,"template":"","meta":[],"product_brand":[1921],"product_cat":[1637,1659,1623],"product_tag":[],"class_list":{"0":"post-129479","1":"product","2":"type-product","3":"status-publish","4":"has-post-thumbnail","6":"product_brand-masha-ma","7":"product_cat-frauen-kleidung","8":"product_cat-kleider","9":"product_cat-kleidung","11":"first","12":"instock","13":"sale","14":"taxable","15":"shipping-taxable","16":"purchasable","17":"product-type-variable"},"_links":{"self":[{"href":"https:\/\/tpmadalina42.supserv.cozmoslabs.com\/fi\/wp-json\/wp\/v2\/product\/129479","targetHints":{"allow":["GET"]}}],"collection":[{"href":"https:\/\/tpmadalina42.supserv.cozmoslabs.com\/fi\/wp-json\/wp\/v2\/product"}],"about":[{"href":"https:\/\/tpmadalina42.supserv.cozmoslabs.com\/fi\/wp-json\/wp\/v2\/types\/product"}],"wp:featuredmedia":[{"embeddable":true,"href":"https:\/\/tpmadalina42.supserv.cozmoslabs.com\/fi\/wp-json\/wp\/v2\/media\/129471"}],"wp:attachment":[{"href":"https:\/\/tpmadalina42.supserv.cozmoslabs.com\/fi\/wp-json\/wp\/v2\/media?parent=129479"}],"wp:term":[{"taxonomy":"product_brand","embeddable":true,"href":"https:\/\/tpmadalina42.supserv.cozmoslabs.com\/fi\/wp-json\/wp\/v2\/product_brand?post=129479"},{"taxonomy":"product_cat","embeddable":true,"href":"https:\/\/tpmadalina42.supserv.cozmoslabs.com\/fi\/wp-json\/wp\/v2\/product_cat?post=129479"},{"taxonomy":"product_tag","embeddable":true,"href":"https:\/\/tpmadalina42.supserv.cozmoslabs.com\/fi\/wp-json\/wp\/v2\/product_tag?post=129479"}],"curies":[{"name":"wp","href":"https:\/\/api.w.org\/{rel}","templated":true}]}}