{"id":129656,"date":"2024-07-23T09:56:59","date_gmt":"2024-07-23T16:56:59","guid":{"rendered":"https:\/\/glandine.com\/product\/alice-palmer-exklusiver-strickrock-in-schickem-multicolor\/"},"modified":"2024-11-29T13:14:06","modified_gmt":"2024-11-29T12:14:06","slug":"alice-palmer-exklusiver-strickrock-in-schickem-multicolor","status":"publish","type":"product","link":"https:\/\/tpmadalina42.supserv.cozmoslabs.com\/fi\/tuote-2\/alice-palmer-exklusiver-strickrock-in-schickem-multicolor\/","title":{"rendered":"Alice Palmer Exklusiver Strickrock in schickem Multicolor"},"content":{"rendered":"<p>G\u00f6nnen Sie sich die Eleganz einer Alice Palmer Kreation mit diesem exquisiten Strickrock, brandneu mit Etiketten. Dieses St\u00fcck ist ein wahres Kunstwerk in einer wundersch\u00f6nen mehrfarbigen Palette, die Ihrer Garderobe eine frische und stilvolle Ausstrahlung verleiht. Perfekt f\u00fcr alle, die ein einzigartiges St\u00fcck aus der High-End-Mode suchen.<\/p>\n<ul>\n<li>Material: Mischung<\/li>\n<li>Alkuper\u00e4maa: IT<\/li>\n<li>V\u00e4ri: Moniv\u00e4rinen<\/li>\n<\/ul>","protected":false},"excerpt":{"rendered":"<p>G\u00f6nnen Sie sich die Eleganz einer Alice Palmer Kreation mit diesem exquisiten Strickrock, brandneu mit Etiketten. Dieses St\u00fcck ist ein wahres Kunstwerk in einer wundersch\u00f6nen mehrfarbigen Palette, die Ihrer Garderobe eine frische und stilvolle Ausstrahlung verleiht. Perfekt f\u00fcr alle, die ein einzigartiges St\u00fcck aus der High-End-Mode suchen. Material: Mischung Herkunftsland: IT Farbe: Multicolor<\/p>","protected":false},"featured_media":129651,"template":"","meta":[],"product_brand":[1925],"product_cat":[1637,1623,1699],"product_tag":[],"class_list":{"0":"post-129656","1":"product","2":"type-product","3":"status-publish","4":"has-post-thumbnail","6":"product_brand-alice-palmer","7":"product_cat-frauen-kleidung","8":"product_cat-kleidung","9":"product_cat-roecke","11":"first","12":"outofstock","13":"taxable","14":"shipping-taxable","15":"product-type-variable"},"_links":{"self":[{"href":"https:\/\/tpmadalina42.supserv.cozmoslabs.com\/fi\/wp-json\/wp\/v2\/product\/129656","targetHints":{"allow":["GET"]}}],"collection":[{"href":"https:\/\/tpmadalina42.supserv.cozmoslabs.com\/fi\/wp-json\/wp\/v2\/product"}],"about":[{"href":"https:\/\/tpmadalina42.supserv.cozmoslabs.com\/fi\/wp-json\/wp\/v2\/types\/product"}],"wp:featuredmedia":[{"embeddable":true,"href":"https:\/\/tpmadalina42.supserv.cozmoslabs.com\/fi\/wp-json\/wp\/v2\/media\/129651"}],"wp:attachment":[{"href":"https:\/\/tpmadalina42.supserv.cozmoslabs.com\/fi\/wp-json\/wp\/v2\/media?parent=129656"}],"wp:term":[{"taxonomy":"product_brand","embeddable":true,"href":"https:\/\/tpmadalina42.supserv.cozmoslabs.com\/fi\/wp-json\/wp\/v2\/product_brand?post=129656"},{"taxonomy":"product_cat","embeddable":true,"href":"https:\/\/tpmadalina42.supserv.cozmoslabs.com\/fi\/wp-json\/wp\/v2\/product_cat?post=129656"},{"taxonomy":"product_tag","embeddable":true,"href":"https:\/\/tpmadalina42.supserv.cozmoslabs.com\/fi\/wp-json\/wp\/v2\/product_tag?post=129656"}],"curies":[{"name":"wp","href":"https:\/\/api.w.org\/{rel}","templated":true}]}}