{"id":129664,"date":"2024-07-23T09:57:22","date_gmt":"2024-07-23T16:57:22","guid":{"rendered":"https:\/\/glandine.com\/product\/alice-palmer-schwarz-weisses-strickkleid-von-artisan\/"},"modified":"2024-11-29T13:14:15","modified_gmt":"2024-11-29T12:14:15","slug":"alice-palmer-schwarz-weisses-strickkleid-von-artisan","status":"publish","type":"product","link":"https:\/\/tpmadalina42.supserv.cozmoslabs.com\/fi\/tuote-2\/alice-palmer-schwarz-weisses-strickkleid-von-artisan\/","title":{"rendered":"Alice Palmer mustavalkoinen neulemekko Artisanilta"},"content":{"rendered":"<p>G\u00f6nnen Sie sich den Inbegriff von Raffinesse mit diesem wundersch\u00f6nen, brandneuen Strickkleid von Alice Palmer. Dieses exklusive St\u00fcck ist ein Zeugnis au\u00dfergew\u00f6hnlicher Handwerkskunst und ein tragbares Kunstwerk, das Ihre Garderobe bereichern wird. Zusammen mit einem schicken beigen Unterkleid ist es perfekt, um Ihren Stil zu unterstreichen.<\/p>\n<ul>\n<li>Material: Rayon<\/li>\n<li>Alkuper\u00e4maa: IT<\/li>\n<li>V\u00e4ri: musta\/valkoinen<\/li>\n<\/ul>","protected":false},"excerpt":{"rendered":"<p>G\u00f6nnen Sie sich den Inbegriff von Raffinesse mit diesem wundersch\u00f6nen, brandneuen Strickkleid von Alice Palmer. Dieses exklusive St\u00fcck ist ein Zeugnis au\u00dfergew\u00f6hnlicher Handwerkskunst und ein tragbares Kunstwerk, das Ihre Garderobe bereichern wird. Zusammen mit einem schicken beigen Unterkleid ist es perfekt, um Ihren Stil zu unterstreichen. Material: Rayon Herkunftsland: IT Farbe: Schwarz\/Wei\u00df<\/p>","protected":false},"featured_media":129659,"template":"","meta":[],"product_brand":[1925],"product_cat":[1637,1659,1623],"product_tag":[],"class_list":{"0":"post-129664","1":"product","2":"type-product","3":"status-publish","4":"has-post-thumbnail","6":"product_brand-alice-palmer","7":"product_cat-frauen-kleidung","8":"product_cat-kleider","9":"product_cat-kleidung","11":"first","12":"instock","13":"sale","14":"taxable","15":"shipping-taxable","16":"purchasable","17":"product-type-variable"},"_links":{"self":[{"href":"https:\/\/tpmadalina42.supserv.cozmoslabs.com\/fi\/wp-json\/wp\/v2\/product\/129664","targetHints":{"allow":["GET"]}}],"collection":[{"href":"https:\/\/tpmadalina42.supserv.cozmoslabs.com\/fi\/wp-json\/wp\/v2\/product"}],"about":[{"href":"https:\/\/tpmadalina42.supserv.cozmoslabs.com\/fi\/wp-json\/wp\/v2\/types\/product"}],"wp:featuredmedia":[{"embeddable":true,"href":"https:\/\/tpmadalina42.supserv.cozmoslabs.com\/fi\/wp-json\/wp\/v2\/media\/129659"}],"wp:attachment":[{"href":"https:\/\/tpmadalina42.supserv.cozmoslabs.com\/fi\/wp-json\/wp\/v2\/media?parent=129664"}],"wp:term":[{"taxonomy":"product_brand","embeddable":true,"href":"https:\/\/tpmadalina42.supserv.cozmoslabs.com\/fi\/wp-json\/wp\/v2\/product_brand?post=129664"},{"taxonomy":"product_cat","embeddable":true,"href":"https:\/\/tpmadalina42.supserv.cozmoslabs.com\/fi\/wp-json\/wp\/v2\/product_cat?post=129664"},{"taxonomy":"product_tag","embeddable":true,"href":"https:\/\/tpmadalina42.supserv.cozmoslabs.com\/fi\/wp-json\/wp\/v2\/product_tag?post=129664"}],"curies":[{"name":"wp","href":"https:\/\/api.w.org\/{rel}","templated":true}]}}