{"id":129713,"date":"2024-07-23T09:59:03","date_gmt":"2024-07-23T16:59:03","guid":{"rendered":"https:\/\/glandine.com\/product\/comeforbreakfast-eleganter-knielanger-faltenrock-in-rosa-und-grau\/"},"modified":"2024-11-29T13:15:00","modified_gmt":"2024-11-29T12:15:00","slug":"comeforbreakfast-eleganter-knielanger-faltenrock-in-rosa-und-grau","status":"publish","type":"product","link":"https:\/\/tpmadalina42.supserv.cozmoslabs.com\/fi\/tuote-2\/comeforbreakfast-eleganter-knielanger-faltenrock-in-rosa-und-grau\/","title":{"rendered":"Comeforbreakfast Tyylik\u00e4s polvipituinen laskoshame vaaleanpunaisena ja harmaana"},"content":{"rendered":"<p>Mit unserem exklusiven, brandneuen Comeforbreakfast Faltenrock pr\u00e4sentieren wir Ihnen den Inbegriff von Raffinesse. Dieses atemberaubende St\u00fcck, das den Stempel h\u00f6chster Handwerkskunst tr\u00e4gt, ist eine Verschmelzung von Kunst und Eleganz, entworfen, um Ihren Stil mit seinem schicken knielangen Schnitt und anmutigen Falten zu akzentuieren. Mit seinen vielseitigen Rosa- und Graut\u00f6nen und dem praktischen Rei\u00dfverschluss am R\u00fccken k\u00f6nnen Sie m\u00fchelos vom B\u00fcro zum Ausgehen \u00fcbergehen. Dieser in Italien gefertigte Rock ist ein Beweis f\u00fcr modisches Design gepaart mit Komfort.<\/p>\n<ul>\n<li>Farbe: Rosa, Grau<\/li>\n<li>Material: 39% Leinen, 32% Nylon, 29% Baumwolle<\/li>\n<li>Alkuper\u00e4maa: Italia<\/li>\n<li>Logon yksityiskohdat<\/li>\n<\/ul>","protected":false},"excerpt":{"rendered":"<p>Mit unserem exklusiven, brandneuen Comeforbreakfast Faltenrock pr\u00e4sentieren wir Ihnen den Inbegriff von Raffinesse. Dieses atemberaubende St\u00fcck, das den Stempel h\u00f6chster Handwerkskunst tr\u00e4gt, ist eine Verschmelzung von Kunst und Eleganz, entworfen, um Ihren Stil mit seinem schicken knielangen Schnitt und anmutigen Falten zu akzentuieren. Mit seinen vielseitigen Rosa- und Graut\u00f6nen und dem praktischen Rei\u00dfverschluss am R\u00fccken [&hellip;]<\/p>","protected":false},"featured_media":129708,"template":"","meta":[],"product_brand":[1926],"product_cat":[1637,1623,1699],"product_tag":[],"class_list":{"0":"post-129713","1":"product","2":"type-product","3":"status-publish","4":"has-post-thumbnail","6":"product_brand-comeforbreakfast","7":"product_cat-frauen-kleidung","8":"product_cat-kleidung","9":"product_cat-roecke","11":"first","12":"instock","13":"sale","14":"taxable","15":"shipping-taxable","16":"purchasable","17":"product-type-variable"},"_links":{"self":[{"href":"https:\/\/tpmadalina42.supserv.cozmoslabs.com\/fi\/wp-json\/wp\/v2\/product\/129713","targetHints":{"allow":["GET"]}}],"collection":[{"href":"https:\/\/tpmadalina42.supserv.cozmoslabs.com\/fi\/wp-json\/wp\/v2\/product"}],"about":[{"href":"https:\/\/tpmadalina42.supserv.cozmoslabs.com\/fi\/wp-json\/wp\/v2\/types\/product"}],"wp:featuredmedia":[{"embeddable":true,"href":"https:\/\/tpmadalina42.supserv.cozmoslabs.com\/fi\/wp-json\/wp\/v2\/media\/129708"}],"wp:attachment":[{"href":"https:\/\/tpmadalina42.supserv.cozmoslabs.com\/fi\/wp-json\/wp\/v2\/media?parent=129713"}],"wp:term":[{"taxonomy":"product_brand","embeddable":true,"href":"https:\/\/tpmadalina42.supserv.cozmoslabs.com\/fi\/wp-json\/wp\/v2\/product_brand?post=129713"},{"taxonomy":"product_cat","embeddable":true,"href":"https:\/\/tpmadalina42.supserv.cozmoslabs.com\/fi\/wp-json\/wp\/v2\/product_cat?post=129713"},{"taxonomy":"product_tag","embeddable":true,"href":"https:\/\/tpmadalina42.supserv.cozmoslabs.com\/fi\/wp-json\/wp\/v2\/product_tag?post=129713"}],"curies":[{"name":"wp","href":"https:\/\/api.w.org\/{rel}","templated":true}]}}