{"id":129764,"date":"2024-07-23T10:00:52","date_gmt":"2024-07-23T17:00:52","guid":{"rendered":"https:\/\/glandine.com\/product\/licia-florio-elegantes-weisses-tee-halstuchkleid\/"},"modified":"2024-11-29T13:15:50","modified_gmt":"2024-11-29T12:15:50","slug":"licia-florio-elegantes-weisses-tee-halstuchkleid","status":"publish","type":"product","link":"https:\/\/tpmadalina42.supserv.cozmoslabs.com\/fi\/tuote-2\/licia-florio-elegantes-weisses-tee-halstuchkleid\/","title":{"rendered":"Licia Florio Elegant White Tea -huivimekko"},"content":{"rendered":"<p>Eleganz und Eleganz mit diesem himmlischen wei\u00dfen Neckholder-Teekleid von Licia Florio. Dieses atemberaubende St\u00fcck, brandneu mit Etiketten, strahlt Exklusivit\u00e4t und italienische Handwerkskunst aus. Der knielange Schnitt und die dezenten Logodetails sorgen f\u00fcr einen Hauch von Anmut, w\u00e4hrend das Material aus 100 % Viskose f\u00fcr einen angenehmen Tragekomfort sorgt &#8211; perfekt f\u00fcr jede anspruchsvolle Veranstaltung. Mit Liebe in Italien hergestellt.<\/p>\n<ul>\n<li>V\u00e4ri: Valkoinen<\/li>\n<li>Materiaali: 100% viskoosi<\/li>\n<li>Alkuper\u00e4maa: SE<\/li>\n<\/ul>","protected":false},"excerpt":{"rendered":"<p>Eleganz und Eleganz mit diesem himmlischen wei\u00dfen Neckholder-Teekleid von Licia Florio. Dieses atemberaubende St\u00fcck, brandneu mit Etiketten, strahlt Exklusivit\u00e4t und italienische Handwerkskunst aus. Der knielange Schnitt und die dezenten Logodetails sorgen f\u00fcr einen Hauch von Anmut, w\u00e4hrend das Material aus 100 % Viskose f\u00fcr einen angenehmen Tragekomfort sorgt &#8211; perfekt f\u00fcr jede anspruchsvolle Veranstaltung. Mit [&hellip;]<\/p>","protected":false},"featured_media":129756,"template":"","meta":[],"product_brand":[1903],"product_cat":[1637,1659,1623],"product_tag":[],"class_list":{"0":"post-129764","1":"product","2":"type-product","3":"status-publish","4":"has-post-thumbnail","6":"product_brand-licia-florio","7":"product_cat-frauen-kleidung","8":"product_cat-kleider","9":"product_cat-kleidung","11":"first","12":"instock","13":"sale","14":"taxable","15":"shipping-taxable","16":"purchasable","17":"product-type-variable"},"_links":{"self":[{"href":"https:\/\/tpmadalina42.supserv.cozmoslabs.com\/fi\/wp-json\/wp\/v2\/product\/129764","targetHints":{"allow":["GET"]}}],"collection":[{"href":"https:\/\/tpmadalina42.supserv.cozmoslabs.com\/fi\/wp-json\/wp\/v2\/product"}],"about":[{"href":"https:\/\/tpmadalina42.supserv.cozmoslabs.com\/fi\/wp-json\/wp\/v2\/types\/product"}],"wp:featuredmedia":[{"embeddable":true,"href":"https:\/\/tpmadalina42.supserv.cozmoslabs.com\/fi\/wp-json\/wp\/v2\/media\/129756"}],"wp:attachment":[{"href":"https:\/\/tpmadalina42.supserv.cozmoslabs.com\/fi\/wp-json\/wp\/v2\/media?parent=129764"}],"wp:term":[{"taxonomy":"product_brand","embeddable":true,"href":"https:\/\/tpmadalina42.supserv.cozmoslabs.com\/fi\/wp-json\/wp\/v2\/product_brand?post=129764"},{"taxonomy":"product_cat","embeddable":true,"href":"https:\/\/tpmadalina42.supserv.cozmoslabs.com\/fi\/wp-json\/wp\/v2\/product_cat?post=129764"},{"taxonomy":"product_tag","embeddable":true,"href":"https:\/\/tpmadalina42.supserv.cozmoslabs.com\/fi\/wp-json\/wp\/v2\/product_tag?post=129764"}],"curies":[{"name":"wp","href":"https:\/\/api.w.org\/{rel}","templated":true}]}}