{"id":129828,"date":"2024-07-23T10:03:08","date_gmt":"2024-07-23T17:03:08","guid":{"rendered":"https:\/\/glandine.com\/product\/dolce-gabbana-elegantes-beigefarbenes-tank-top-bluse\/"},"modified":"2024-11-29T13:17:24","modified_gmt":"2024-11-29T12:17:24","slug":"dolce-gabbana-elegantes-beigefarbenes-tank-top-bluse","status":"publish","type":"product","link":"https:\/\/tpmadalina42.supserv.cozmoslabs.com\/fi\/tuote-2\/dolce-gabbana-elegantes-beigefarbenes-tank-top-bluse\/","title":{"rendered":"Dolce &amp; Gabbana Elegantes beigefarbenes Tank Top Bluse"},"content":{"rendered":"<\/p>\n<p>G\u00f6nnen Sie sich den Inbegriff von italienischem Luxus mit dieser exquisiten beigen Tank-Top-Bluse aus der prestigetr\u00e4chtigen MainLine Dolce &amp; Gabbana-Kollektion. Diese Bluse mit Rundhalsausschnitt ist nicht nur ein luxuri\u00f6ses Kleidungsst\u00fcck, sondern auch ein Statement der Eleganz und ein Hauch von Klasse, der B\u00e4nde spricht, ohne ein Wort zu sagen. Sie ist aus einer hochwertigen Baumwoll-Elastan-Mischung gefertigt und garantiert sowohl Komfort als auch eine schmeichelhafte Passform, die Sie mit ihrem subtilen und doch raffinierten Look auffallen l\u00e4sst. Gefertigt mit der hochwertigen Qualit\u00e4t, die Sie von Dolce &amp; Gabbana erwarten k\u00f6nnen, ist dieses St\u00fcck eine zeitlose Erg\u00e4nzung Ihrer Kollektion.<\/p>\n<p>V\u00e4ri: beige<br \/>\nMaterial: 66% Baumwolle 34% Elastan<br \/>\nAlkuper\u00e4maa: Italia<br \/>\nSehr elegant und sehr luxuri\u00f6s<br \/>\nValmistettu Italiassa<\/p><\/p>","protected":false},"excerpt":{"rendered":"<p>G\u00f6nnen Sie sich den Inbegriff von italienischem Luxus mit dieser exquisiten beigen Tank-Top-Bluse aus der prestigetr\u00e4chtigen MainLine Dolce &amp; Gabbana-Kollektion. Diese Bluse mit Rundhalsausschnitt ist nicht nur ein luxuri\u00f6ses Kleidungsst\u00fcck, sondern auch ein Statement der Eleganz und ein Hauch von Klasse, der B\u00e4nde spricht, ohne ein Wort zu sagen. Sie ist aus einer hochwertigen Baumwoll-Elastan-Mischung [&hellip;]<\/p>","protected":false},"featured_media":129821,"template":"","meta":[],"product_brand":[1620],"product_cat":[1637,1623,1714],"product_tag":[],"class_list":{"0":"post-129828","1":"product","2":"type-product","3":"status-publish","4":"has-post-thumbnail","6":"product_brand-dolce-gabbana","7":"product_cat-frauen-kleidung","8":"product_cat-kleidung","9":"product_cat-oberteile-t-shirts","11":"first","12":"instock","13":"sale","14":"taxable","15":"shipping-taxable","16":"purchasable","17":"product-type-variable"},"_links":{"self":[{"href":"https:\/\/tpmadalina42.supserv.cozmoslabs.com\/fi\/wp-json\/wp\/v2\/product\/129828","targetHints":{"allow":["GET"]}}],"collection":[{"href":"https:\/\/tpmadalina42.supserv.cozmoslabs.com\/fi\/wp-json\/wp\/v2\/product"}],"about":[{"href":"https:\/\/tpmadalina42.supserv.cozmoslabs.com\/fi\/wp-json\/wp\/v2\/types\/product"}],"wp:featuredmedia":[{"embeddable":true,"href":"https:\/\/tpmadalina42.supserv.cozmoslabs.com\/fi\/wp-json\/wp\/v2\/media\/129821"}],"wp:attachment":[{"href":"https:\/\/tpmadalina42.supserv.cozmoslabs.com\/fi\/wp-json\/wp\/v2\/media?parent=129828"}],"wp:term":[{"taxonomy":"product_brand","embeddable":true,"href":"https:\/\/tpmadalina42.supserv.cozmoslabs.com\/fi\/wp-json\/wp\/v2\/product_brand?post=129828"},{"taxonomy":"product_cat","embeddable":true,"href":"https:\/\/tpmadalina42.supserv.cozmoslabs.com\/fi\/wp-json\/wp\/v2\/product_cat?post=129828"},{"taxonomy":"product_tag","embeddable":true,"href":"https:\/\/tpmadalina42.supserv.cozmoslabs.com\/fi\/wp-json\/wp\/v2\/product_tag?post=129828"}],"curies":[{"name":"wp","href":"https:\/\/api.w.org\/{rel}","templated":true}]}}