{"id":129954,"date":"2024-07-23T10:07:19","date_gmt":"2024-07-23T17:07:19","guid":{"rendered":"https:\/\/glandine.com\/product\/dolce-gabbana-elegantes-lila-gestreiftes-baumwoll-nachthemd\/"},"modified":"2024-11-29T13:19:11","modified_gmt":"2024-11-29T12:19:11","slug":"dolce-gabbana-elegantes-lila-gestreiftes-baumwoll-nachthemd","status":"publish","type":"product","link":"https:\/\/tpmadalina42.supserv.cozmoslabs.com\/fi\/tuote-2\/dolce-gabbana-elegantes-lila-gestreiftes-baumwoll-nachthemd\/","title":{"rendered":"Dolce &amp; Gabbana Tyylik\u00e4s purppuraraidallinen puuvillay\u00f6paita"},"content":{"rendered":"<p>Sorgen Sie f\u00fcr eine stilvolle und komfortable Nachtruhe mit diesem luxuri\u00f6sen lila gestreiften Baumwoll-Nachthemd von Dolce &amp; Gabbana. Es ist aus 100 % hochwertiger Baumwolle gefertigt. Die durchgehende Knopfleiste und die klassische Brusttasche zeugen von der Liebe zum Detail und dem Engagement der Marke f\u00fcr Qualit\u00e4t. Das ikonische Logo dient als subtile Anspielung auf die ber\u00fchmte Designermarke. Perfekt, um Ihre n\u00e4chtliche Routine mit italienischer Eleganz zu bereichern.<\/p>\n<ul>\n<li>Materiaali: 100% puuvilla<\/li>\n<li>V\u00e4ri: violetti<\/li>\n<li>Alkuper\u00e4maa: IT<\/li>\n<\/ul>","protected":false},"excerpt":{"rendered":"<p>Sorgen Sie f\u00fcr eine stilvolle und komfortable Nachtruhe mit diesem luxuri\u00f6sen lila gestreiften Baumwoll-Nachthemd von Dolce &amp; Gabbana. Es ist aus 100 % hochwertiger Baumwolle gefertigt. Die durchgehende Knopfleiste und die klassische Brusttasche zeugen von der Liebe zum Detail und dem Engagement der Marke f\u00fcr Qualit\u00e4t. Das ikonische Logo dient als subtile Anspielung auf die [&hellip;]<\/p>","protected":false},"featured_media":129946,"template":"","meta":[],"product_brand":[1620],"product_cat":[1633,1623,1700],"product_tag":[],"class_list":{"0":"post-129954","1":"product","2":"type-product","3":"status-publish","4":"has-post-thumbnail","6":"product_brand-dolce-gabbana","7":"product_cat-maenner-kleidung","8":"product_cat-kleidung","9":"product_cat-nachtwaesche","11":"first","12":"instock","13":"sale","14":"taxable","15":"shipping-taxable","16":"purchasable","17":"product-type-variable"},"_links":{"self":[{"href":"https:\/\/tpmadalina42.supserv.cozmoslabs.com\/fi\/wp-json\/wp\/v2\/product\/129954","targetHints":{"allow":["GET"]}}],"collection":[{"href":"https:\/\/tpmadalina42.supserv.cozmoslabs.com\/fi\/wp-json\/wp\/v2\/product"}],"about":[{"href":"https:\/\/tpmadalina42.supserv.cozmoslabs.com\/fi\/wp-json\/wp\/v2\/types\/product"}],"wp:featuredmedia":[{"embeddable":true,"href":"https:\/\/tpmadalina42.supserv.cozmoslabs.com\/fi\/wp-json\/wp\/v2\/media\/129946"}],"wp:attachment":[{"href":"https:\/\/tpmadalina42.supserv.cozmoslabs.com\/fi\/wp-json\/wp\/v2\/media?parent=129954"}],"wp:term":[{"taxonomy":"product_brand","embeddable":true,"href":"https:\/\/tpmadalina42.supserv.cozmoslabs.com\/fi\/wp-json\/wp\/v2\/product_brand?post=129954"},{"taxonomy":"product_cat","embeddable":true,"href":"https:\/\/tpmadalina42.supserv.cozmoslabs.com\/fi\/wp-json\/wp\/v2\/product_cat?post=129954"},{"taxonomy":"product_tag","embeddable":true,"href":"https:\/\/tpmadalina42.supserv.cozmoslabs.com\/fi\/wp-json\/wp\/v2\/product_tag?post=129954"}],"curies":[{"name":"wp","href":"https:\/\/api.w.org\/{rel}","templated":true}]}}