{"id":129998,"date":"2024-07-23T10:08:45","date_gmt":"2024-07-23T17:08:45","guid":{"rendered":"https:\/\/glandine.com\/product\/ermanno-scervino-schicke-blaue-shorts-mit-mittlerer-taille\/"},"modified":"2024-11-29T13:19:48","modified_gmt":"2024-11-29T12:19:48","slug":"ermanno-scervino-schicke-blaue-shorts-mit-mittlerer-taille","status":"publish","type":"product","link":"https:\/\/tpmadalina42.supserv.cozmoslabs.com\/fi\/tuote-2\/ermanno-scervino-schicke-blaue-shorts-mit-mittlerer-taille\/","title":{"rendered":"Ermanno Scervino Chic siniset shortsit keskipitk\u00e4ll\u00e4 vy\u00f6t\u00e4r\u00f6ll\u00e4"},"content":{"rendered":"<p>Starten Sie stilvoll in die Saison mit diesen schicken Shorts von <strong>Ermanno Scervino<\/strong>. Diese brandneuen Shorts sind perfekt f\u00fcr einen raffinierten und dennoch l\u00e4ssigen Look und werden mit Etikett geliefert, um die Echtheit zu gew\u00e4hrleisten. Die Shorts sind so geschnitten, dass sie \u00fcber den Knien und auf halber Taille bequem sitzen. Sie sind aus hochwertigem 100%igem Polyester gefertigt, was sowohl Komfort als auch Haltbarkeit garantiert. Der Hosenschlitz mit Rei\u00dfverschluss und die dezenten Logodetails sorgen f\u00fcr einen Hauch von Eleganz. Hergestellt in italienischer Handwerkskunst, die eine tadellose Verarbeitung garantiert.<\/p>\n<ul>\n<li>Materiaali: 100% polyesteri<\/li>\n<li>Alkuper\u00e4maa: Italia<\/li>\n<li>V\u00e4ri: Sininen<\/li>\n<\/ul>","protected":false},"excerpt":{"rendered":"<p>Starten Sie stilvoll in die Saison mit diesen schicken Shorts von Ermanno Scervino. Diese brandneuen Shorts sind perfekt f\u00fcr einen raffinierten und dennoch l\u00e4ssigen Look und werden mit Etikett geliefert, um die Echtheit zu gew\u00e4hrleisten. Die Shorts sind so geschnitten, dass sie \u00fcber den Knien und auf halber Taille bequem sitzen. Sie sind aus hochwertigem [&hellip;]<\/p>","protected":false},"featured_media":129991,"template":"","meta":[],"product_brand":[1831],"product_cat":[1637,1623,1698],"product_tag":[],"class_list":{"0":"post-129998","1":"product","2":"type-product","3":"status-publish","4":"has-post-thumbnail","6":"product_brand-ermanno-scervino","7":"product_cat-frauen-kleidung","8":"product_cat-kleidung","9":"product_cat-kurze-hosen-frauen-kleidung","11":"first","12":"instock","13":"sale","14":"taxable","15":"shipping-taxable","16":"purchasable","17":"product-type-variable"},"_links":{"self":[{"href":"https:\/\/tpmadalina42.supserv.cozmoslabs.com\/fi\/wp-json\/wp\/v2\/product\/129998","targetHints":{"allow":["GET"]}}],"collection":[{"href":"https:\/\/tpmadalina42.supserv.cozmoslabs.com\/fi\/wp-json\/wp\/v2\/product"}],"about":[{"href":"https:\/\/tpmadalina42.supserv.cozmoslabs.com\/fi\/wp-json\/wp\/v2\/types\/product"}],"wp:featuredmedia":[{"embeddable":true,"href":"https:\/\/tpmadalina42.supserv.cozmoslabs.com\/fi\/wp-json\/wp\/v2\/media\/129991"}],"wp:attachment":[{"href":"https:\/\/tpmadalina42.supserv.cozmoslabs.com\/fi\/wp-json\/wp\/v2\/media?parent=129998"}],"wp:term":[{"taxonomy":"product_brand","embeddable":true,"href":"https:\/\/tpmadalina42.supserv.cozmoslabs.com\/fi\/wp-json\/wp\/v2\/product_brand?post=129998"},{"taxonomy":"product_cat","embeddable":true,"href":"https:\/\/tpmadalina42.supserv.cozmoslabs.com\/fi\/wp-json\/wp\/v2\/product_cat?post=129998"},{"taxonomy":"product_tag","embeddable":true,"href":"https:\/\/tpmadalina42.supserv.cozmoslabs.com\/fi\/wp-json\/wp\/v2\/product_tag?post=129998"}],"curies":[{"name":"wp","href":"https:\/\/api.w.org\/{rel}","templated":true}]}}