{"id":130221,"date":"2024-07-23T10:16:47","date_gmt":"2024-07-23T17:16:47","guid":{"rendered":"https:\/\/glandine.com\/product\/acht-beige-straight-fit-baumwolljeans-fuer-maenner\/"},"modified":"2024-11-29T13:23:02","modified_gmt":"2024-11-29T12:23:02","slug":"acht-beige-straight-fit-baumwolljeans-fuer-maenner","status":"publish","type":"product","link":"https:\/\/tpmadalina42.supserv.cozmoslabs.com\/fi\/tuote-2\/acht-beige-straight-fit-baumwolljeans-fuer-maenner\/","title":{"rendered":"Kahdeksan beigen suoran istuvuuden puuvillafarkkua miehille"},"content":{"rendered":"<p>Pirist\u00e4 vaatekaappiasi n\u00e4ill\u00e4 moitteettomilla, suoraan istuvilla farkuilla <strong>Acht<\/strong> p\u00e4\u00e4ll\u00e4. N\u00e4m\u00e4 farkut ovat osoitus italialaisesta k\u00e4sity\u00f6st\u00e4, ja ne sopivat t\u00e4ydellisesti tyylikk\u00e4\u00e4seen ja moderniin ilmeeseen. Neutraalin beigen v\u00e4rins\u00e4 ansiosta ne tarjoavat monipuolisen muotoilun sek\u00e4 arki- ett\u00e4 puolimuotoiseen pukeutumiseen. Ne on valmistettu korkealaatuisesta puuvillasta ja ne lupaavat mukavuutta ja kest\u00e4vyytt\u00e4. Klassisen nappikiinnityksen ja hienovaraisten logoyksityiskohtien ansiosta n\u00e4m\u00e4 farkut ovat pakollisia laatua ja tyyli\u00e4 arvostavalle modernille miehelle.<\/p>\n<ul>\n<li>V\u00e4ri: beige<\/li>\n<li>Materiaali: puuvilla<\/li>\n<li>Alkuper\u00e4maa: IT<\/li>\n<\/ul>","protected":false},"excerpt":{"rendered":"<p>Peppen Sie Ihre Garderobe mit dieser tadellosen Straight-Fit-Jeans von Acht auf. Diese Jeans ist ein Zeugnis italienischer Handwerkskunst und perfekt f\u00fcr einen eleganten und modernen Look. Mit ihrer neutralen beigen Farbe bieten sie ein vielseitiges Styling sowohl f\u00fcr legere als auch f\u00fcr semi-formale Kleidung. Sie sind aus hochwertiger Baumwolle gefertigt und versprechen Komfort und Langlebigkeit. [&hellip;]<\/p>","protected":false},"featured_media":130214,"template":"","meta":[],"product_brand":[1928],"product_cat":[1633,1671,1623],"product_tag":[],"class_list":{"0":"post-130221","1":"product","2":"type-product","3":"status-publish","4":"has-post-thumbnail","6":"product_brand-acht","7":"product_cat-maenner-kleidung","8":"product_cat-jeans-hosen","9":"product_cat-kleidung","11":"first","12":"instock","13":"sale","14":"taxable","15":"shipping-taxable","16":"purchasable","17":"product-type-variable"},"_links":{"self":[{"href":"https:\/\/tpmadalina42.supserv.cozmoslabs.com\/fi\/wp-json\/wp\/v2\/product\/130221","targetHints":{"allow":["GET"]}}],"collection":[{"href":"https:\/\/tpmadalina42.supserv.cozmoslabs.com\/fi\/wp-json\/wp\/v2\/product"}],"about":[{"href":"https:\/\/tpmadalina42.supserv.cozmoslabs.com\/fi\/wp-json\/wp\/v2\/types\/product"}],"wp:featuredmedia":[{"embeddable":true,"href":"https:\/\/tpmadalina42.supserv.cozmoslabs.com\/fi\/wp-json\/wp\/v2\/media\/130214"}],"wp:attachment":[{"href":"https:\/\/tpmadalina42.supserv.cozmoslabs.com\/fi\/wp-json\/wp\/v2\/media?parent=130221"}],"wp:term":[{"taxonomy":"product_brand","embeddable":true,"href":"https:\/\/tpmadalina42.supserv.cozmoslabs.com\/fi\/wp-json\/wp\/v2\/product_brand?post=130221"},{"taxonomy":"product_cat","embeddable":true,"href":"https:\/\/tpmadalina42.supserv.cozmoslabs.com\/fi\/wp-json\/wp\/v2\/product_cat?post=130221"},{"taxonomy":"product_tag","embeddable":true,"href":"https:\/\/tpmadalina42.supserv.cozmoslabs.com\/fi\/wp-json\/wp\/v2\/product_tag?post=130221"}],"curies":[{"name":"wp","href":"https:\/\/api.w.org\/{rel}","templated":true}]}}