{"id":130526,"date":"2024-07-23T10:27:18","date_gmt":"2024-07-23T17:27:18","guid":{"rendered":"https:\/\/glandine.com\/product\/dolce-gabbana-eleganter-knielanger-mantel-aus-braunem-waschbaerfell\/"},"modified":"2024-11-29T13:29:14","modified_gmt":"2024-11-29T12:29:14","slug":"dolce-gabbana-eleganter-knielanger-mantel-aus-braunem-waschbaerfell","status":"publish","type":"product","link":"https:\/\/tpmadalina42.supserv.cozmoslabs.com\/fi\/tuote-2\/dolce-gabbana-eleganter-knielanger-mantel-aus-braunem-waschbaerfell\/","title":{"rendered":"Dolce &amp; Gabbana Elegantti polvipituinen takki ruskeasta pesukarhun turkiksesta."},"content":{"rendered":"<p>G\u00f6nnen Sie sich den Inbegriff von Luxus mit diesem atemberaubenden knielangen Mantel von dem gesch\u00e4tzten Dolce &amp; Gabbana. Geschm\u00fcckt mit pr\u00e4chtigem braunem Waschb\u00e4rfell, ist dieses exquisite St\u00fcck brandneu mit Etiketten und verspricht unvergleichliche Handwerkskunst. Das elegante Design verf\u00fcgt \u00fcber ein Innenfutter aus schwarzer Seide f\u00fcr einen zus\u00e4tzlichen Hauch von Eleganz, einen Druckknopfverschluss f\u00fcr hohen Tragekomfort und zwei praktische Vordertaschen. Dieser in Italien gefertigte Mantel ist perfekt f\u00fcr alle, die auf der Suche nach High-End-Mode und Exklusivit\u00e4t sind, und spiegelt wahre stilistische Finesse wider. Erg\u00e4nzen Sie Ihre Garderobe mit diesem auff\u00e4lligen Mantel von Dolce &amp; Gabbana und h\u00fcllen Sie sich in Raffinesse.<\/p>\n<ul>\n<li>Modell: Knielanger Mantel<\/li>\n<li>V\u00e4ri: Ruskea<\/li>\n<li>Material: 100% Waschb\u00e4rfell<\/li>\n<li>Futter: 100% Seide<\/li>\n<li>Alkuper\u00e4maa: Italia<\/li>\n<li>Logon yksityiskohdat<\/li>\n<\/ul>","protected":false},"excerpt":{"rendered":"<p>G\u00f6nnen Sie sich den Inbegriff von Luxus mit diesem atemberaubenden knielangen Mantel von dem gesch\u00e4tzten Dolce &amp; Gabbana. Geschm\u00fcckt mit pr\u00e4chtigem braunem Waschb\u00e4rfell, ist dieses exquisite St\u00fcck brandneu mit Etiketten und verspricht unvergleichliche Handwerkskunst. Das elegante Design verf\u00fcgt \u00fcber ein Innenfutter aus schwarzer Seide f\u00fcr einen zus\u00e4tzlichen Hauch von Eleganz, einen Druckknopfverschluss f\u00fcr hohen Tragekomfort [&hellip;]<\/p>","protected":false},"featured_media":130518,"template":"","meta":[],"product_brand":[1620],"product_cat":[1637,1670,1623],"product_tag":[],"class_list":{"0":"post-130526","1":"product","2":"type-product","3":"status-publish","4":"has-post-thumbnail","6":"product_brand-dolce-gabbana","7":"product_cat-frauen-kleidung","8":"product_cat-jacken-maentel","9":"product_cat-kleidung","11":"first","12":"instock","13":"sale","14":"taxable","15":"shipping-taxable","16":"purchasable","17":"product-type-variable"},"_links":{"self":[{"href":"https:\/\/tpmadalina42.supserv.cozmoslabs.com\/fi\/wp-json\/wp\/v2\/product\/130526","targetHints":{"allow":["GET"]}}],"collection":[{"href":"https:\/\/tpmadalina42.supserv.cozmoslabs.com\/fi\/wp-json\/wp\/v2\/product"}],"about":[{"href":"https:\/\/tpmadalina42.supserv.cozmoslabs.com\/fi\/wp-json\/wp\/v2\/types\/product"}],"wp:featuredmedia":[{"embeddable":true,"href":"https:\/\/tpmadalina42.supserv.cozmoslabs.com\/fi\/wp-json\/wp\/v2\/media\/130518"}],"wp:attachment":[{"href":"https:\/\/tpmadalina42.supserv.cozmoslabs.com\/fi\/wp-json\/wp\/v2\/media?parent=130526"}],"wp:term":[{"taxonomy":"product_brand","embeddable":true,"href":"https:\/\/tpmadalina42.supserv.cozmoslabs.com\/fi\/wp-json\/wp\/v2\/product_brand?post=130526"},{"taxonomy":"product_cat","embeddable":true,"href":"https:\/\/tpmadalina42.supserv.cozmoslabs.com\/fi\/wp-json\/wp\/v2\/product_cat?post=130526"},{"taxonomy":"product_tag","embeddable":true,"href":"https:\/\/tpmadalina42.supserv.cozmoslabs.com\/fi\/wp-json\/wp\/v2\/product_tag?post=130526"}],"curies":[{"name":"wp","href":"https:\/\/api.w.org\/{rel}","templated":true}]}}