{"id":130536,"date":"2024-07-23T10:27:36","date_gmt":"2024-07-23T17:27:36","guid":{"rendered":"https:\/\/glandine.com\/product\/dolce-gabbana-schicke-schwarze-capri-hose-mit-rosa-seitenstreifen\/"},"modified":"2024-11-29T13:29:22","modified_gmt":"2024-11-29T12:29:22","slug":"dolce-gabbana-schicke-schwarze-capri-hose-mit-rosa-seitenstreifen","status":"publish","type":"product","link":"https:\/\/tpmadalina42.supserv.cozmoslabs.com\/fi\/tuote-2\/dolce-gabbana-schicke-schwarze-capri-hose-mit-rosa-seitenstreifen\/","title":{"rendered":"Dolce &amp; Gabbana Schicke schwarze Capri-Hose mit rosa Seitenstreifen"},"content":{"rendered":"<p>Mit dieser Caprihose <strong>Kirjailija: Dolce &amp; Gabbana<\/strong> wird Ihre Garderobe zum Inbegriff von Eleganz. Perfekt, um Ihrer Garderobe einen Hauch von italienischem Luxus zu verleihen. Die schwarzen, gerade geschnittenen Caprihosen bieten einen auff\u00e4lligen Kontrast mit rosa Seitenstreifen, der Ihrem Ensemble einen verspielten und dennoch raffinierten Twist verleiht. Die Hose ist mit einem komfortablen Stretchanteil ausgestattet und wurde mit viel Liebe zum Detail gefertigt &#8211; ein Beweis f\u00fcr hohe Handwerkskunst. Die Hose, die mit einem Knopf und einem Rei\u00dfverschluss auf der Vorderseite geschlossen werden kann, strahlt Exklusivit\u00e4t aus und ist ein echter Hingucker, egal ob Sie im B\u00fcro oder beim Ausgehen sind.<\/p>\n<p>Die in Italien gefertigten Hosen versprechen sowohl Stil als auch Komfort.<\/p>\n<ul>\n<li>V\u00e4ri: Musta<\/li>\n<li>Material: 46% AC, 3% Elastan, 51% Viskose<\/li>\n<li>Alkuper\u00e4maa: Italia<\/li>\n<\/ul>","protected":false},"excerpt":{"rendered":"<p>Mit dieser Caprihose von Dolce &amp; Gabbana wird Ihre Garderobe zum Inbegriff von Eleganz. Perfekt, um Ihrer Garderobe einen Hauch von italienischem Luxus zu verleihen. Die schwarzen, gerade geschnittenen Caprihosen bieten einen auff\u00e4lligen Kontrast mit rosa Seitenstreifen, der Ihrem Ensemble einen verspielten und dennoch raffinierten Twist verleiht. Die Hose ist mit einem komfortablen Stretchanteil ausgestattet [&hellip;]<\/p>","protected":false},"featured_media":130529,"template":"","meta":[],"product_brand":[1620],"product_cat":[1637,1686,1623],"product_tag":[],"class_list":{"0":"post-130536","1":"product","2":"type-product","3":"status-publish","4":"has-post-thumbnail","6":"product_brand-dolce-gabbana","7":"product_cat-frauen-kleidung","8":"product_cat-jeans-hosen-frauen-kleidung","9":"product_cat-kleidung","11":"first","12":"instock","13":"sale","14":"taxable","15":"shipping-taxable","16":"purchasable","17":"product-type-variable"},"_links":{"self":[{"href":"https:\/\/tpmadalina42.supserv.cozmoslabs.com\/fi\/wp-json\/wp\/v2\/product\/130536","targetHints":{"allow":["GET"]}}],"collection":[{"href":"https:\/\/tpmadalina42.supserv.cozmoslabs.com\/fi\/wp-json\/wp\/v2\/product"}],"about":[{"href":"https:\/\/tpmadalina42.supserv.cozmoslabs.com\/fi\/wp-json\/wp\/v2\/types\/product"}],"wp:featuredmedia":[{"embeddable":true,"href":"https:\/\/tpmadalina42.supserv.cozmoslabs.com\/fi\/wp-json\/wp\/v2\/media\/130529"}],"wp:attachment":[{"href":"https:\/\/tpmadalina42.supserv.cozmoslabs.com\/fi\/wp-json\/wp\/v2\/media?parent=130536"}],"wp:term":[{"taxonomy":"product_brand","embeddable":true,"href":"https:\/\/tpmadalina42.supserv.cozmoslabs.com\/fi\/wp-json\/wp\/v2\/product_brand?post=130536"},{"taxonomy":"product_cat","embeddable":true,"href":"https:\/\/tpmadalina42.supserv.cozmoslabs.com\/fi\/wp-json\/wp\/v2\/product_cat?post=130536"},{"taxonomy":"product_tag","embeddable":true,"href":"https:\/\/tpmadalina42.supserv.cozmoslabs.com\/fi\/wp-json\/wp\/v2\/product_tag?post=130536"}],"curies":[{"name":"wp","href":"https:\/\/api.w.org\/{rel}","templated":true}]}}