{"id":130836,"date":"2024-07-23T10:37:41","date_gmt":"2024-07-23T17:37:41","guid":{"rendered":"https:\/\/glandine.com\/product\/dolce-gabbana-elegante-dunkelblaue-trenchcoat-jacke\/"},"modified":"2024-11-29T13:35:09","modified_gmt":"2024-11-29T12:35:09","slug":"dolce-gabbana-elegante-dunkelblaue-trenchcoat-jacke","status":"publish","type":"product","link":"https:\/\/tpmadalina42.supserv.cozmoslabs.com\/fi\/tuote-2\/dolce-gabbana-elegante-dunkelblaue-trenchcoat-jacke\/","title":{"rendered":"Dolce &amp; Gabbana Elegante dunkelblaue Trenchcoat-Jacke"},"content":{"rendered":"<p>G\u00f6nnen Sie sich den Inbegriff italienischer Handwerkskunst mit dieser Manteljacke <strong>Kirjailija: Dolce &amp; Gabbana<\/strong>, ein St\u00fcck, das Raffinesse ausstrahlt. Dieses luxuri\u00f6se Kleidungsst\u00fcck ist nicht nur ein Grundnahrungsmittel f\u00fcr den Kleiderschrank, sondern auch ein Statement. Der atemberaubende dunkelblaue Farbton wird durch den Glanz der goldenen Kn\u00f6pfe von Knight Lion erg\u00e4nzt. Das Design des Mantels bietet funktionale Eleganz mit zwei Vordertaschen und zus\u00e4tzlichen Innentaschen, w\u00e4hrend das unverwechselbare Futter mit Bananenblattdruck f\u00fcr einen eleganten Touch sorgt. Der Mantel wurde in Italien sorgf\u00e4ltig geschneidert, was seine Authentizit\u00e4t und erstklassige Qualit\u00e4t unterstreicht.<\/p>\n<ul>\n<li>Materiaali: 97% puuvilla, 3% elastaani.<\/li>\n<li>V\u00e4ri: Sininen<\/li>\n<li>Alkuper\u00e4maa: IT<\/li>\n<\/ul>","protected":false},"excerpt":{"rendered":"<p>G\u00f6nnen Sie sich den Inbegriff italienischer Handwerkskunst mit dieser Manteljacke von Dolce &amp; Gabbana, ein St\u00fcck, das Raffinesse ausstrahlt. Dieses luxuri\u00f6se Kleidungsst\u00fcck ist nicht nur ein Grundnahrungsmittel f\u00fcr den Kleiderschrank, sondern auch ein Statement. Der atemberaubende dunkelblaue Farbton wird durch den Glanz der goldenen Kn\u00f6pfe von Knight Lion erg\u00e4nzt. Das Design des Mantels bietet funktionale [&hellip;]<\/p>","protected":false},"featured_media":130832,"template":"","meta":[],"product_brand":[1620],"product_cat":[1653,1633,1623],"product_tag":[],"class_list":{"0":"post-130836","1":"product","2":"type-product","3":"status-publish","4":"has-post-thumbnail","6":"product_brand-dolce-gabbana","7":"product_cat-blazers","8":"product_cat-maenner-kleidung","9":"product_cat-kleidung","11":"first","12":"instock","13":"sale","14":"taxable","15":"shipping-taxable","16":"purchasable","17":"product-type-variable"},"_links":{"self":[{"href":"https:\/\/tpmadalina42.supserv.cozmoslabs.com\/fi\/wp-json\/wp\/v2\/product\/130836","targetHints":{"allow":["GET"]}}],"collection":[{"href":"https:\/\/tpmadalina42.supserv.cozmoslabs.com\/fi\/wp-json\/wp\/v2\/product"}],"about":[{"href":"https:\/\/tpmadalina42.supserv.cozmoslabs.com\/fi\/wp-json\/wp\/v2\/types\/product"}],"wp:featuredmedia":[{"embeddable":true,"href":"https:\/\/tpmadalina42.supserv.cozmoslabs.com\/fi\/wp-json\/wp\/v2\/media\/130832"}],"wp:attachment":[{"href":"https:\/\/tpmadalina42.supserv.cozmoslabs.com\/fi\/wp-json\/wp\/v2\/media?parent=130836"}],"wp:term":[{"taxonomy":"product_brand","embeddable":true,"href":"https:\/\/tpmadalina42.supserv.cozmoslabs.com\/fi\/wp-json\/wp\/v2\/product_brand?post=130836"},{"taxonomy":"product_cat","embeddable":true,"href":"https:\/\/tpmadalina42.supserv.cozmoslabs.com\/fi\/wp-json\/wp\/v2\/product_cat?post=130836"},{"taxonomy":"product_tag","embeddable":true,"href":"https:\/\/tpmadalina42.supserv.cozmoslabs.com\/fi\/wp-json\/wp\/v2\/product_tag?post=130836"}],"curies":[{"name":"wp","href":"https:\/\/api.w.org\/{rel}","templated":true}]}}