{"id":131111,"date":"2024-07-23T10:51:25","date_gmt":"2024-07-23T17:51:25","guid":{"rendered":"https:\/\/glandine.com\/product\/billionaire-italian-couture-eleganter-rosa-baumwoll-sweatdress-luxus-komfort\/"},"modified":"2024-11-29T13:40:46","modified_gmt":"2024-11-29T12:40:46","slug":"billionaire-italian-couture-eleganter-rosa-baumwoll-sweatdress-luxus-komfort","status":"publish","type":"product","link":"https:\/\/tpmadalina42.supserv.cozmoslabs.com\/fi\/tuote-2\/billionaire-italian-couture-eleganter-rosa-baumwoll-sweatdress-luxus-komfort\/","title":{"rendered":"Miljard\u00f6\u00f6ri Italian Couture Elegant Pink Cotton collegepaita Luxury Comfort"},"content":{"rendered":"<p>T\u00e4m\u00e4 tyylik\u00e4s <strong>Billionaire Italian Couture<\/strong> Sweatsuit on ylellisyyden ja tyylin ruumiillistuma. T\u00e4m\u00e4 intohimolla Italiassa kauniissa vaaleanpunaisessa s\u00e4vyss\u00e4 valmistettu collegepuku on t\u00e4ydellinen antamaan julkilausuman samalla kun nautit vertaansa vailla olevasta mukavuudesta. Nauti tuotemerkin yksityiskohdista ilmenev\u00e4st\u00e4 huomiosta ja laadukkaasta k\u00e4sity\u00f6st\u00e4 jokaisessa saumassa.<\/p>\n<ul>\n<li>Materiaali: puuvilla<\/li>\n<li>Alkuper\u00e4maa: Italia<\/li>\n<li>V\u00e4ri: Pinkki<\/li>\n<li>Huppari, jossa kuviollinen vuori ja s\u00e4\u00e4dett\u00e4v\u00e4t kiristysny\u00f6rit<\/li>\n<li>Mukava 2-suuntainen vetoketju, resorihihansuut ja helma<\/li>\n<li>Yhteensopivissa housuissa joustava, s\u00e4\u00e4dett\u00e4v\u00e4 vy\u00f6t\u00e4r\u00f6nauha ja sivutaskut<\/li>\n<li>Ikoninen logomerkki lis\u00e4\u00e4 ripauksen eksklusiivisuutta<\/li>\n<\/ul>","protected":false},"excerpt":{"rendered":"<p>Dieser schicke Billionaire Italian Couture Sweatsuit ist der Inbegriff von Luxus und Stil. Dieser mit Leidenschaft in Italien gefertigte Sweatsuit in einem wundersch\u00f6nen rosa Farbton ist perfekt, um ein Statement abzugeben und gleichzeitig unvergleichlichen Komfort zu genie\u00dfen. Genie\u00dfen Sie die Liebe zum Detail, die sich in den Markenzeichen und der hochwertigen Handwerkskunst in jeder Naht [&hellip;]<\/p>","protected":false},"featured_media":131103,"template":"","meta":[],"product_brand":[1948],"product_cat":[1633,1707,1623],"product_tag":[],"class_list":{"0":"post-131111","1":"product","2":"type-product","3":"status-publish","4":"has-post-thumbnail","6":"product_brand-billionaire-italian-couture","7":"product_cat-maenner-kleidung","8":"product_cat-jogginganzuege","9":"product_cat-kleidung","11":"first","12":"instock","13":"sale","14":"taxable","15":"shipping-taxable","16":"purchasable","17":"product-type-variable"},"_links":{"self":[{"href":"https:\/\/tpmadalina42.supserv.cozmoslabs.com\/fi\/wp-json\/wp\/v2\/product\/131111","targetHints":{"allow":["GET"]}}],"collection":[{"href":"https:\/\/tpmadalina42.supserv.cozmoslabs.com\/fi\/wp-json\/wp\/v2\/product"}],"about":[{"href":"https:\/\/tpmadalina42.supserv.cozmoslabs.com\/fi\/wp-json\/wp\/v2\/types\/product"}],"wp:featuredmedia":[{"embeddable":true,"href":"https:\/\/tpmadalina42.supserv.cozmoslabs.com\/fi\/wp-json\/wp\/v2\/media\/131103"}],"wp:attachment":[{"href":"https:\/\/tpmadalina42.supserv.cozmoslabs.com\/fi\/wp-json\/wp\/v2\/media?parent=131111"}],"wp:term":[{"taxonomy":"product_brand","embeddable":true,"href":"https:\/\/tpmadalina42.supserv.cozmoslabs.com\/fi\/wp-json\/wp\/v2\/product_brand?post=131111"},{"taxonomy":"product_cat","embeddable":true,"href":"https:\/\/tpmadalina42.supserv.cozmoslabs.com\/fi\/wp-json\/wp\/v2\/product_cat?post=131111"},{"taxonomy":"product_tag","embeddable":true,"href":"https:\/\/tpmadalina42.supserv.cozmoslabs.com\/fi\/wp-json\/wp\/v2\/product_tag?post=131111"}],"curies":[{"name":"wp","href":"https:\/\/api.w.org\/{rel}","templated":true}]}}