{"id":132392,"date":"2024-07-23T12:00:27","date_gmt":"2024-07-23T19:00:27","guid":{"rendered":"https:\/\/glandine.com\/product\/dolce-gabbana-elegante-bordeaux-wingtip-derby-schuhe\/"},"modified":"2024-11-29T14:04:14","modified_gmt":"2024-11-29T13:04:14","slug":"dolce-gabbana-elegante-bordeaux-wingtip-derby-schuhe","status":"publish","type":"product","link":"https:\/\/tpmadalina42.supserv.cozmoslabs.com\/fi\/tuote-2\/dolce-gabbana-elegante-bordeaux-wingtip-derby-schuhe\/","title":{"rendered":"Dolce &amp; Gabbana tyylikk\u00e4\u00e4t Bordeaux Wingtip Derby -keng\u00e4t"},"content":{"rendered":"<p>Treten Sie mit diesen atemberaubenden bordeauxfarbenen Derby-Schuhen von <b>Dolce &amp; Gabbana<\/b> in die Welt der Raffinesse ein. Perfekt f\u00fcr formelle Anl\u00e4sse, diese Schuhe r\u00fchmen tadellose Handwerkskunst, ein schlankes Design und au\u00dfergew\u00f6hnlichen Komfort. Die in Italien gefertigten Schuhe verf\u00fcgen \u00fcber eine Leder- und Gummisohle, die f\u00fcr Langlebigkeit und ein erstklassiges Gef\u00fchl sorgen. Die raffinierten Details und das ikonische Logo der Marke verleihen Ihrer Kleidung einen exklusiven Touch. Entfesseln Sie Ihren Stil und erh\u00f6hen Sie Ihr Schuhspiel mit diesen luxuri\u00f6sen Schuhen.<\/p>\n<ul>\n<li>V\u00e4ri: Bordeaux<\/li>\n<li>Materiaali: 100% nahka<\/li>\n<li>Alkuper\u00e4maa: IT<\/li>\n<li>Logon yksityiskohdat<\/li>\n<li>Valmistettu Italiassa<\/li>\n<\/ul>","protected":false},"excerpt":{"rendered":"<p>Treten Sie mit diesen atemberaubenden bordeauxfarbenen Derby-Schuhen von Dolce &amp; Gabbana in die Welt der Raffinesse ein. Perfekt f\u00fcr formelle Anl\u00e4sse, diese Schuhe r\u00fchmen tadellose Handwerkskunst, ein schlankes Design und au\u00dfergew\u00f6hnlichen Komfort. Die in Italien gefertigten Schuhe verf\u00fcgen \u00fcber eine Leder- und Gummisohle, die f\u00fcr Langlebigkeit und ein erstklassiges Gef\u00fchl sorgen. Die raffinierten Details und [&hellip;]<\/p>","protected":false},"featured_media":132385,"template":"","meta":[],"product_brand":[1620],"product_cat":[1661,1634,1624],"product_tag":[],"class_list":{"0":"post-132392","1":"product","2":"type-product","3":"status-publish","4":"has-post-thumbnail","6":"product_brand-dolce-gabbana","7":"product_cat-formal","8":"product_cat-maenner-schuhe","9":"product_cat-schuhe","11":"first","12":"instock","13":"sale","14":"taxable","15":"shipping-taxable","16":"purchasable","17":"product-type-variable"},"_links":{"self":[{"href":"https:\/\/tpmadalina42.supserv.cozmoslabs.com\/fi\/wp-json\/wp\/v2\/product\/132392","targetHints":{"allow":["GET"]}}],"collection":[{"href":"https:\/\/tpmadalina42.supserv.cozmoslabs.com\/fi\/wp-json\/wp\/v2\/product"}],"about":[{"href":"https:\/\/tpmadalina42.supserv.cozmoslabs.com\/fi\/wp-json\/wp\/v2\/types\/product"}],"wp:featuredmedia":[{"embeddable":true,"href":"https:\/\/tpmadalina42.supserv.cozmoslabs.com\/fi\/wp-json\/wp\/v2\/media\/132385"}],"wp:attachment":[{"href":"https:\/\/tpmadalina42.supserv.cozmoslabs.com\/fi\/wp-json\/wp\/v2\/media?parent=132392"}],"wp:term":[{"taxonomy":"product_brand","embeddable":true,"href":"https:\/\/tpmadalina42.supserv.cozmoslabs.com\/fi\/wp-json\/wp\/v2\/product_brand?post=132392"},{"taxonomy":"product_cat","embeddable":true,"href":"https:\/\/tpmadalina42.supserv.cozmoslabs.com\/fi\/wp-json\/wp\/v2\/product_cat?post=132392"},{"taxonomy":"product_tag","embeddable":true,"href":"https:\/\/tpmadalina42.supserv.cozmoslabs.com\/fi\/wp-json\/wp\/v2\/product_tag?post=132392"}],"curies":[{"name":"wp","href":"https:\/\/api.w.org\/{rel}","templated":true}]}}