{"id":133755,"date":"2024-07-23T13:01:45","date_gmt":"2024-07-23T20:01:45","guid":{"rendered":"https:\/\/glandine.com\/product\/dolce-gabbana-eleganter-blazer-aus-schwarzer-wolle-fuer-formelle-anlaesse\/"},"modified":"2024-11-29T14:16:25","modified_gmt":"2024-11-29T13:16:25","slug":"dolce-gabbana-eleganter-blazer-aus-schwarzer-wolle-fuer-formelle-anlaesse","status":"publish","type":"product","link":"https:\/\/tpmadalina42.supserv.cozmoslabs.com\/fi\/tuote-2\/dolce-gabbana-eleganter-blazer-aus-schwarzer-wolle-fuer-formelle-anlaesse\/","title":{"rendered":"Dolce &amp; Gabbana Eleganter Blazer aus schwarzer Wolle f\u00fcr formelle Anl\u00e4sse"},"content":{"rendered":"<p>Treten Sie ins Rampenlicht mit der Opulenz des sorgf\u00e4ltig geschneiderten schwarzen Wollblazers von Dolce &amp; Gabbana. Die einreihige Jacke strahlt mit ihrer schmalen Passform Raffinesse aus und sorgt f\u00fcr eine schlanke Silhouette bei jedem formellen Anlass.<\/p>\n<ul>\n<li>V\u00e4ri: Musta<\/li>\n<li>Modell: Einreihige formelle Jacke Blazermantel<\/li>\n<li>Materiaali: 100% villa<\/li>\n<li>Innenfutter: 50% Viskose 50% Acetat<\/li>\n<li>Istuvuus: Kapea istuvuus<\/li>\n<li>Verschluss: Drei Kn\u00f6pfe vorne<\/li>\n<li>Taschen: Drei Vordertaschen, Drei Innentaschen<\/li>\n<li>Zus\u00e4tzliche Details: Logo-Details<\/li>\n<li>Alkuper\u00e4maa: Valmistettu Italiassa<\/li>\n<\/ul>","protected":false},"excerpt":{"rendered":"<p>Treten Sie ins Rampenlicht mit der Opulenz des sorgf\u00e4ltig geschneiderten schwarzen Wollblazers von Dolce &amp; Gabbana. Die einreihige Jacke strahlt mit ihrer schmalen Passform Raffinesse aus und sorgt f\u00fcr eine schlanke Silhouette bei jedem formellen Anlass. Farbe: Schwarz Modell: Einreihige formelle Jacke Blazermantel Material: 100% Wolle Innenfutter: 50% Viskose 50% Acetat Passform: Schmale Passform Verschluss: [&hellip;]<\/p>","protected":false},"featured_media":133750,"template":"","meta":[],"product_brand":[1620],"product_cat":[1653,1633,1623],"product_tag":[],"class_list":{"0":"post-133755","1":"product","2":"type-product","3":"status-publish","4":"has-post-thumbnail","6":"product_brand-dolce-gabbana","7":"product_cat-blazers","8":"product_cat-maenner-kleidung","9":"product_cat-kleidung","11":"first","12":"instock","13":"sale","14":"taxable","15":"shipping-taxable","16":"purchasable","17":"product-type-variable"},"_links":{"self":[{"href":"https:\/\/tpmadalina42.supserv.cozmoslabs.com\/fi\/wp-json\/wp\/v2\/product\/133755","targetHints":{"allow":["GET"]}}],"collection":[{"href":"https:\/\/tpmadalina42.supserv.cozmoslabs.com\/fi\/wp-json\/wp\/v2\/product"}],"about":[{"href":"https:\/\/tpmadalina42.supserv.cozmoslabs.com\/fi\/wp-json\/wp\/v2\/types\/product"}],"wp:featuredmedia":[{"embeddable":true,"href":"https:\/\/tpmadalina42.supserv.cozmoslabs.com\/fi\/wp-json\/wp\/v2\/media\/133750"}],"wp:attachment":[{"href":"https:\/\/tpmadalina42.supserv.cozmoslabs.com\/fi\/wp-json\/wp\/v2\/media?parent=133755"}],"wp:term":[{"taxonomy":"product_brand","embeddable":true,"href":"https:\/\/tpmadalina42.supserv.cozmoslabs.com\/fi\/wp-json\/wp\/v2\/product_brand?post=133755"},{"taxonomy":"product_cat","embeddable":true,"href":"https:\/\/tpmadalina42.supserv.cozmoslabs.com\/fi\/wp-json\/wp\/v2\/product_cat?post=133755"},{"taxonomy":"product_tag","embeddable":true,"href":"https:\/\/tpmadalina42.supserv.cozmoslabs.com\/fi\/wp-json\/wp\/v2\/product_tag?post=133755"}],"curies":[{"name":"wp","href":"https:\/\/api.w.org\/{rel}","templated":true}]}}