{"id":133862,"date":"2024-07-23T13:08:44","date_gmt":"2024-07-23T20:08:44","guid":{"rendered":"https:\/\/glandine.com\/product\/costume-national-eleganter-grauer-baumwollschal-fuer-maenner\/"},"modified":"2024-11-29T14:17:44","modified_gmt":"2024-11-29T13:17:44","slug":"costume-national-eleganter-grauer-baumwollschal-fuer-maenner","status":"publish","type":"product","link":"https:\/\/tpmadalina42.supserv.cozmoslabs.com\/fi\/tuote-2\/costume-national-eleganter-grauer-baumwollschal-fuer-maenner\/","title":{"rendered":"Costume National Elegant harmaa puuvillahuivi miehille"},"content":{"rendered":"<p>G\u00f6nnen Sie sich den Luxus von Costume National mit diesem exquisiten Herrenschal, brandneu und markiert, um authentisches Flair und unvergleichliche Qualit\u00e4t zu gew\u00e4hrleisten. In Italien aus feinster 100%iger Baumwolle gefertigt, ist dieser schlichte graue Schal eine zeitlose Erg\u00e4nzung f\u00fcr jede Garderobe, mit dezenten Logodetails f\u00fcr einen Hauch von Eleganz.<\/p>\n<ul>\n<li>Materiaali: 100% puuvilla<\/li>\n<li>V\u00e4ri: Harmaa<\/li>\n<li>Alkuper\u00e4maa: Italia<\/li>\n<li>Gr\u00f6\u00dfe: 38cm x 170cm<\/li>\n<\/ul>","protected":false},"excerpt":{"rendered":"<p>G\u00f6nnen Sie sich den Luxus von Costume National mit diesem exquisiten Herrenschal, brandneu und markiert, um authentisches Flair und unvergleichliche Qualit\u00e4t zu gew\u00e4hrleisten. In Italien aus feinster 100%iger Baumwolle gefertigt, ist dieser schlichte graue Schal eine zeitlose Erg\u00e4nzung f\u00fcr jede Garderobe, mit dezenten Logodetails f\u00fcr einen Hauch von Eleganz. Material: 100% Baumwolle Farbe: Grau Herkunftsland: [&hellip;]<\/p>","protected":false},"featured_media":133856,"template":"","meta":[],"product_brand":[1790],"product_cat":[1621,1631,1693],"product_tag":[],"class_list":{"0":"post-133862","1":"product","2":"type-product","3":"status-publish","4":"has-post-thumbnail","6":"product_brand-costume-national","7":"product_cat-accessoire","8":"product_cat-maenner-zubehoer","9":"product_cat-schals","11":"first","12":"instock","13":"sale","14":"taxable","15":"shipping-taxable","16":"purchasable","17":"product-type-simple"},"_links":{"self":[{"href":"https:\/\/tpmadalina42.supserv.cozmoslabs.com\/fi\/wp-json\/wp\/v2\/product\/133862","targetHints":{"allow":["GET"]}}],"collection":[{"href":"https:\/\/tpmadalina42.supserv.cozmoslabs.com\/fi\/wp-json\/wp\/v2\/product"}],"about":[{"href":"https:\/\/tpmadalina42.supserv.cozmoslabs.com\/fi\/wp-json\/wp\/v2\/types\/product"}],"wp:featuredmedia":[{"embeddable":true,"href":"https:\/\/tpmadalina42.supserv.cozmoslabs.com\/fi\/wp-json\/wp\/v2\/media\/133856"}],"wp:attachment":[{"href":"https:\/\/tpmadalina42.supserv.cozmoslabs.com\/fi\/wp-json\/wp\/v2\/media?parent=133862"}],"wp:term":[{"taxonomy":"product_brand","embeddable":true,"href":"https:\/\/tpmadalina42.supserv.cozmoslabs.com\/fi\/wp-json\/wp\/v2\/product_brand?post=133862"},{"taxonomy":"product_cat","embeddable":true,"href":"https:\/\/tpmadalina42.supserv.cozmoslabs.com\/fi\/wp-json\/wp\/v2\/product_cat?post=133862"},{"taxonomy":"product_tag","embeddable":true,"href":"https:\/\/tpmadalina42.supserv.cozmoslabs.com\/fi\/wp-json\/wp\/v2\/product_tag?post=133862"}],"curies":[{"name":"wp","href":"https:\/\/api.w.org\/{rel}","templated":true}]}}