{"id":133953,"date":"2024-07-23T13:12:41","date_gmt":"2024-07-23T20:12:41","guid":{"rendered":"https:\/\/glandine.com\/product\/dolce-gabbana-elegantes-umhaengetuch-aus-alpakafell-in-beige\/"},"modified":"2024-11-29T14:18:35","modified_gmt":"2024-11-29T13:18:35","slug":"dolce-gabbana-elegantes-umhaengetuch-aus-alpakafell-in-beige","status":"publish","type":"product","link":"https:\/\/tpmadalina42.supserv.cozmoslabs.com\/fi\/tuote-2\/dolce-gabbana-elegantes-umhaengetuch-aus-alpakafell-in-beige\/","title":{"rendered":"Dolce &amp; Gabbana Elegantes Umh\u00e4ngetuch aus Alpakafell in Beige"},"content":{"rendered":"<p>G\u00f6nnen Sie sich den Inbegriff von Luxus mit diesem atemberaubenden Beige Alpaka Pelz Shoulder Wrap von Dolce &amp; Gabbana. Perfekt entworfen, um Ihrem Ensemble einen Hauch von Raffinesse und W\u00e4rme zu verleihen, wird dieser exquisite Schulterumhang mit zwei eleganten Kn\u00f6pfen geschlossen und verf\u00fcgt \u00fcber die erkennbaren Logodetails, die Authentizit\u00e4t und unvergleichlichen Stil garantieren. Seine Seltenheit und Exklusivit\u00e4t machen es zu einem begehrenswerten Accessoire f\u00fcr jeden Modekenner.<\/p>\n<ul>\n<li>V\u00e4ri: beige<\/li>\n<li>Material: 100% Lammfell<\/li>\n<li>Alkuper\u00e4maa: IT<\/li>\n<li>Zwei-Knopf-Verschluss<\/li>\n<li>Logon yksityiskohdat<\/li>\n<\/ul>","protected":false},"excerpt":{"rendered":"<p>G\u00f6nnen Sie sich den Inbegriff von Luxus mit diesem atemberaubenden Beige Alpaka Pelz Shoulder Wrap von Dolce &amp; Gabbana. Perfekt entworfen, um Ihrem Ensemble einen Hauch von Raffinesse und W\u00e4rme zu verleihen, wird dieser exquisite Schulterumhang mit zwei eleganten Kn\u00f6pfen geschlossen und verf\u00fcgt \u00fcber die erkennbaren Logodetails, die Authentizit\u00e4t und unvergleichlichen Stil garantieren. Seine Seltenheit [&hellip;]<\/p>","protected":false},"featured_media":133945,"template":"","meta":[],"product_brand":[1620],"product_cat":[1621,1632,1694],"product_tag":[],"class_list":{"0":"post-133953","1":"product","2":"type-product","3":"status-publish","4":"has-post-thumbnail","6":"product_brand-dolce-gabbana","7":"product_cat-accessoire","8":"product_cat-frauen-zubehoer","9":"product_cat-schals-frauen-zubehoer","11":"first","12":"instock","13":"sale","14":"taxable","15":"shipping-taxable","16":"purchasable","17":"product-type-variable"},"_links":{"self":[{"href":"https:\/\/tpmadalina42.supserv.cozmoslabs.com\/fi\/wp-json\/wp\/v2\/product\/133953","targetHints":{"allow":["GET"]}}],"collection":[{"href":"https:\/\/tpmadalina42.supserv.cozmoslabs.com\/fi\/wp-json\/wp\/v2\/product"}],"about":[{"href":"https:\/\/tpmadalina42.supserv.cozmoslabs.com\/fi\/wp-json\/wp\/v2\/types\/product"}],"wp:featuredmedia":[{"embeddable":true,"href":"https:\/\/tpmadalina42.supserv.cozmoslabs.com\/fi\/wp-json\/wp\/v2\/media\/133945"}],"wp:attachment":[{"href":"https:\/\/tpmadalina42.supserv.cozmoslabs.com\/fi\/wp-json\/wp\/v2\/media?parent=133953"}],"wp:term":[{"taxonomy":"product_brand","embeddable":true,"href":"https:\/\/tpmadalina42.supserv.cozmoslabs.com\/fi\/wp-json\/wp\/v2\/product_brand?post=133953"},{"taxonomy":"product_cat","embeddable":true,"href":"https:\/\/tpmadalina42.supserv.cozmoslabs.com\/fi\/wp-json\/wp\/v2\/product_cat?post=133953"},{"taxonomy":"product_tag","embeddable":true,"href":"https:\/\/tpmadalina42.supserv.cozmoslabs.com\/fi\/wp-json\/wp\/v2\/product_tag?post=133953"}],"curies":[{"name":"wp","href":"https:\/\/api.w.org\/{rel}","templated":true}]}}