{"id":134134,"date":"2024-07-23T13:19:01","date_gmt":"2024-07-23T20:19:01","guid":{"rendered":"https:\/\/glandine.com\/product\/bencivenga-elegantes-graues-gestreiftes-kleid-blazer-anzug-set\/"},"modified":"2024-11-29T14:20:27","modified_gmt":"2024-11-29T13:20:27","slug":"bencivenga-elegantes-graues-gestreiftes-kleid-blazer-anzug-set","status":"publish","type":"product","link":"https:\/\/tpmadalina42.supserv.cozmoslabs.com\/fi\/tuote-2\/bencivenga-elegantes-graues-gestreiftes-kleid-blazer-anzug-set\/","title":{"rendered":"BENCIVENGA Elegant harmaa raidallinen mekko &amp; bleiseripukusarja"},"content":{"rendered":"<p>Verstr\u00f6men Sie Eleganz mit diesem Set aus Kleid und Blazer von BENCIVENGA, einem Zeugnis feiner italienischer Handwerkskunst. Dieses grau gestreifte Ensemble ist eine perfekte Mischung aus klassischem Charme und moderner Weiblichkeit. Es wurde sorgf\u00e4ltig aus einer hochwertigen Baumwollmischung mit einem Hauch von Elastan f\u00fcr einen angenehmen Stretch gefertigt. Ob es sich um ein Business-Event oder ein schickes Treffen handelt, dieses knielange Etuikleid gepaart mit seinem raffinierten, passenden Blazer sorgt f\u00fcr einen tadellosen und polierten Look, der Bewunderung hervorruft. Genie\u00dfen Sie den Luxus von BENCIVENGA mit diesem herrlichen Set, das Stil und Raffinesse definiert.<\/p>\n<ul>\n<li>V\u00e4ri: Harmaa<\/li>\n<li>Material: 95% Baumwolle, 5% Elasthan (Stretch)<\/li>\n<li>Alkuper\u00e4maa: Italia<\/li>\n<li>Merkmale: Rei\u00dfverschluss am R\u00fccken, Vollst\u00e4ndig gef\u00fcttert, Logo-Details<\/li>\n<\/ul>","protected":false},"excerpt":{"rendered":"<p>Verstr\u00f6men Sie Eleganz mit diesem Set aus Kleid und Blazer von BENCIVENGA, einem Zeugnis feiner italienischer Handwerkskunst. Dieses grau gestreifte Ensemble ist eine perfekte Mischung aus klassischem Charme und moderner Weiblichkeit. Es wurde sorgf\u00e4ltig aus einer hochwertigen Baumwollmischung mit einem Hauch von Elastan f\u00fcr einen angenehmen Stretch gefertigt. Ob es sich um ein Business-Event oder [&hellip;]<\/p>","protected":false},"featured_media":134126,"template":"","meta":[],"product_brand":[2017],"product_cat":[1706,1637,1659,1623],"product_tag":[],"class_list":{"0":"post-134134","1":"product","2":"type-product","3":"status-publish","4":"has-post-thumbnail","6":"product_brand-bencivenga","7":"product_cat-anzuege-blazer","8":"product_cat-frauen-kleidung","9":"product_cat-kleider","10":"product_cat-kleidung","12":"first","13":"instock","14":"sale","15":"taxable","16":"shipping-taxable","17":"purchasable","18":"product-type-variable"},"_links":{"self":[{"href":"https:\/\/tpmadalina42.supserv.cozmoslabs.com\/fi\/wp-json\/wp\/v2\/product\/134134","targetHints":{"allow":["GET"]}}],"collection":[{"href":"https:\/\/tpmadalina42.supserv.cozmoslabs.com\/fi\/wp-json\/wp\/v2\/product"}],"about":[{"href":"https:\/\/tpmadalina42.supserv.cozmoslabs.com\/fi\/wp-json\/wp\/v2\/types\/product"}],"wp:featuredmedia":[{"embeddable":true,"href":"https:\/\/tpmadalina42.supserv.cozmoslabs.com\/fi\/wp-json\/wp\/v2\/media\/134126"}],"wp:attachment":[{"href":"https:\/\/tpmadalina42.supserv.cozmoslabs.com\/fi\/wp-json\/wp\/v2\/media?parent=134134"}],"wp:term":[{"taxonomy":"product_brand","embeddable":true,"href":"https:\/\/tpmadalina42.supserv.cozmoslabs.com\/fi\/wp-json\/wp\/v2\/product_brand?post=134134"},{"taxonomy":"product_cat","embeddable":true,"href":"https:\/\/tpmadalina42.supserv.cozmoslabs.com\/fi\/wp-json\/wp\/v2\/product_cat?post=134134"},{"taxonomy":"product_tag","embeddable":true,"href":"https:\/\/tpmadalina42.supserv.cozmoslabs.com\/fi\/wp-json\/wp\/v2\/product_tag?post=134134"}],"curies":[{"name":"wp","href":"https:\/\/api.w.org\/{rel}","templated":true}]}}