{"id":134236,"date":"2024-07-23T13:22:35","date_gmt":"2024-07-23T20:22:35","guid":{"rendered":"https:\/\/glandine.com\/product\/exte-eleganter-zweiteiliger-schwarzer-rock-anzug\/"},"modified":"2024-11-29T14:21:38","modified_gmt":"2024-11-29T13:21:38","slug":"exte-eleganter-zweiteiliger-schwarzer-rock-anzug","status":"publish","type":"product","link":"https:\/\/tpmadalina42.supserv.cozmoslabs.com\/fi\/tuote-2\/exte-eleganter-zweiteiliger-schwarzer-rock-anzug\/","title":{"rendered":"Exte Elegant kaksiosainen musta hamepuku"},"content":{"rendered":"<p>Betreten Sie den Raum mit Selbstvertrauen in diesem makellosen Exte-Rockanzug. Dieser zweiteilige Anzug in schlichtem Schwarz mit dezenten blauen Akzenten ist perfekt f\u00fcr modische Berufst\u00e4tige. Der elegante Anzug hat einen Hakenverschluss an der Jacke und einen glatten R\u00fcckenrei\u00dfverschluss am Rock. Jedes Teil spiegelt die unvergleichliche Handwerkskunst made in Italy wider, die daf\u00fcr sorgt, dass Sie nicht nur gut aussehen, sondern sich auch wohlf\u00fchlen in einem hochwertigen Material.<\/p>\n<ul>\n<li>Materiaali: 100% polyesteri<\/li>\n<li>Vuori: 62% viskoosi, 38% polyesteri<\/li>\n<li>V\u00e4ri: musta ja sininen<\/li>\n<li>Alkuper\u00e4maa: Italia<\/li>\n<li>Logon yksityiskohdat<\/li>\n<\/ul>","protected":false},"excerpt":{"rendered":"<p>Betreten Sie den Raum mit Selbstvertrauen in diesem makellosen Exte-Rockanzug. Dieser zweiteilige Anzug in schlichtem Schwarz mit dezenten blauen Akzenten ist perfekt f\u00fcr modische Berufst\u00e4tige. Der elegante Anzug hat einen Hakenverschluss an der Jacke und einen glatten R\u00fcckenrei\u00dfverschluss am Rock. Jedes Teil spiegelt die unvergleichliche Handwerkskunst made in Italy wider, die daf\u00fcr sorgt, dass Sie [&hellip;]<\/p>","protected":false},"featured_media":134228,"template":"","meta":[],"product_brand":[2019],"product_cat":[1706,1637,1623],"product_tag":[],"class_list":{"0":"post-134236","1":"product","2":"type-product","3":"status-publish","4":"has-post-thumbnail","6":"product_brand-exte","7":"product_cat-anzuege-blazer","8":"product_cat-frauen-kleidung","9":"product_cat-kleidung","11":"first","12":"instock","13":"sale","14":"taxable","15":"shipping-taxable","16":"purchasable","17":"product-type-variable"},"_links":{"self":[{"href":"https:\/\/tpmadalina42.supserv.cozmoslabs.com\/fi\/wp-json\/wp\/v2\/product\/134236","targetHints":{"allow":["GET"]}}],"collection":[{"href":"https:\/\/tpmadalina42.supserv.cozmoslabs.com\/fi\/wp-json\/wp\/v2\/product"}],"about":[{"href":"https:\/\/tpmadalina42.supserv.cozmoslabs.com\/fi\/wp-json\/wp\/v2\/types\/product"}],"wp:featuredmedia":[{"embeddable":true,"href":"https:\/\/tpmadalina42.supserv.cozmoslabs.com\/fi\/wp-json\/wp\/v2\/media\/134228"}],"wp:attachment":[{"href":"https:\/\/tpmadalina42.supserv.cozmoslabs.com\/fi\/wp-json\/wp\/v2\/media?parent=134236"}],"wp:term":[{"taxonomy":"product_brand","embeddable":true,"href":"https:\/\/tpmadalina42.supserv.cozmoslabs.com\/fi\/wp-json\/wp\/v2\/product_brand?post=134236"},{"taxonomy":"product_cat","embeddable":true,"href":"https:\/\/tpmadalina42.supserv.cozmoslabs.com\/fi\/wp-json\/wp\/v2\/product_cat?post=134236"},{"taxonomy":"product_tag","embeddable":true,"href":"https:\/\/tpmadalina42.supserv.cozmoslabs.com\/fi\/wp-json\/wp\/v2\/product_tag?post=134236"}],"curies":[{"name":"wp","href":"https:\/\/api.w.org\/{rel}","templated":true}]}}