{"id":134348,"date":"2024-07-23T13:26:17","date_gmt":"2024-07-23T20:26:17","guid":{"rendered":"https:\/\/glandine.com\/product\/exte-elegante-blazerjacke-mit-goldenen-knoepfen-in-grau\/"},"modified":"2024-11-29T14:22:55","modified_gmt":"2024-11-29T13:22:55","slug":"exte-elegante-blazerjacke-mit-goldenen-knoepfen-in-grau","status":"publish","type":"product","link":"https:\/\/tpmadalina42.supserv.cozmoslabs.com\/fi\/tuote-2\/exte-elegante-blazerjacke-mit-goldenen-knoepfen-in-grau\/","title":{"rendered":"Exte Tyylik\u00e4s bleiseritakki, jossa on kultaiset napit, harmaa v\u00e4ri"},"content":{"rendered":"<p>Die graue Blazerjacke von Exte ist eine umwerfende Erg\u00e4nzung Ihrer Garderobe, die Eleganz und Modernit\u00e4t nahtlos miteinander verbindet. Die elegante Jacke, brandneu mit Etikett, sorgt mit ihren goldenen Kn\u00f6pfen und der schmeichelhaften Silhouette f\u00fcr ein modisches Statement. Die in Italien gefertigte Jacke steht f\u00fcr tadellose Handwerkskunst und Stil.<\/p>\n<ul>\n<li>Marke: Exte<\/li>\n<li>V\u00e4ri: Harmaa<\/li>\n<li>Material: 64% Polyester, 34% Viskose, 3% Elasthan<\/li>\n<li>Vuori: 62% viskoosi, 38% polyesteri<\/li>\n<li>Alkuper\u00e4maa: Italia<\/li>\n<li>Verschluss: Zwei-Knopf-Verschluss<\/li>\n<li>Details: Logo, goldene Kn\u00f6pfe<\/li>\n<\/ul>","protected":false},"excerpt":{"rendered":"<p>Die graue Blazerjacke von Exte ist eine umwerfende Erg\u00e4nzung Ihrer Garderobe, die Eleganz und Modernit\u00e4t nahtlos miteinander verbindet. Die elegante Jacke, brandneu mit Etikett, sorgt mit ihren goldenen Kn\u00f6pfen und der schmeichelhaften Silhouette f\u00fcr ein modisches Statement. Die in Italien gefertigte Jacke steht f\u00fcr tadellose Handwerkskunst und Stil. Marke: Exte Farbe: Gray Material: 64% Polyester, [&hellip;]<\/p>","protected":false},"featured_media":134342,"template":"","meta":[],"product_brand":[2019],"product_cat":[1637,1670,1623],"product_tag":[],"class_list":{"0":"post-134348","1":"product","2":"type-product","3":"status-publish","4":"has-post-thumbnail","6":"product_brand-exte","7":"product_cat-frauen-kleidung","8":"product_cat-jacken-maentel","9":"product_cat-kleidung","11":"first","12":"instock","13":"sale","14":"taxable","15":"shipping-taxable","16":"purchasable","17":"product-type-variable"},"_links":{"self":[{"href":"https:\/\/tpmadalina42.supserv.cozmoslabs.com\/fi\/wp-json\/wp\/v2\/product\/134348","targetHints":{"allow":["GET"]}}],"collection":[{"href":"https:\/\/tpmadalina42.supserv.cozmoslabs.com\/fi\/wp-json\/wp\/v2\/product"}],"about":[{"href":"https:\/\/tpmadalina42.supserv.cozmoslabs.com\/fi\/wp-json\/wp\/v2\/types\/product"}],"wp:featuredmedia":[{"embeddable":true,"href":"https:\/\/tpmadalina42.supserv.cozmoslabs.com\/fi\/wp-json\/wp\/v2\/media\/134342"}],"wp:attachment":[{"href":"https:\/\/tpmadalina42.supserv.cozmoslabs.com\/fi\/wp-json\/wp\/v2\/media?parent=134348"}],"wp:term":[{"taxonomy":"product_brand","embeddable":true,"href":"https:\/\/tpmadalina42.supserv.cozmoslabs.com\/fi\/wp-json\/wp\/v2\/product_brand?post=134348"},{"taxonomy":"product_cat","embeddable":true,"href":"https:\/\/tpmadalina42.supserv.cozmoslabs.com\/fi\/wp-json\/wp\/v2\/product_cat?post=134348"},{"taxonomy":"product_tag","embeddable":true,"href":"https:\/\/tpmadalina42.supserv.cozmoslabs.com\/fi\/wp-json\/wp\/v2\/product_tag?post=134348"}],"curies":[{"name":"wp","href":"https:\/\/api.w.org\/{rel}","templated":true}]}}