{"id":134382,"date":"2024-07-23T13:27:25","date_gmt":"2024-07-23T20:27:25","guid":{"rendered":"https:\/\/glandine.com\/product\/exte-schicker-schwarz-blauer-rock-aus-baumwollmischung\/"},"modified":"2024-11-29T14:23:14","modified_gmt":"2024-11-29T13:23:14","slug":"exte-schicker-schwarz-blauer-rock-aus-baumwollmischung","status":"publish","type":"product","link":"https:\/\/tpmadalina42.supserv.cozmoslabs.com\/fi\/tuote-2\/exte-schicker-schwarz-blauer-rock-aus-baumwollmischung\/","title":{"rendered":"Exte Schicker schwarz-blauer Rock aus Baumwollmischung"},"content":{"rendered":"<p>Mit diesem exquisiten, gerade geschnittenen Rock von Exte, der \u00fcber dem Knie sitzt und Raffinesse ausstrahlt, sind Sie stilvoll unterwegs. Der Rock ist aus einer hochwertigen Baumwoll-Elastan-Mischung gefertigt, die f\u00fcr Komfort und eine schmeichelhafte Silhouette sorgt. Perfekt f\u00fcr eine Vielzahl von Looks, von l\u00e4ssigen Tageslooks bis hin zu eleganten Abendroben. Ein dezenter seitlicher Rei\u00dfverschluss sorgt f\u00fcr einen nahtlosen Look und die dezente Eleganz der Logodetails runden das Design ab.<\/p>\n<ul>\n<li>Materiaali: 97% puuvilla, 3% elastaani.<\/li>\n<li>V\u00e4ri: musta ja sininen<\/li>\n<li>Alkuper\u00e4maa: IT<\/li>\n<li>Seitlicher Rei\u00dfverschluss<\/li>\n<li>Logon yksityiskohdat<\/li>\n<\/ul>","protected":false},"excerpt":{"rendered":"<p>Mit diesem exquisiten, gerade geschnittenen Rock von Exte, der \u00fcber dem Knie sitzt und Raffinesse ausstrahlt, sind Sie stilvoll unterwegs. Der Rock ist aus einer hochwertigen Baumwoll-Elastan-Mischung gefertigt, die f\u00fcr Komfort und eine schmeichelhafte Silhouette sorgt. Perfekt f\u00fcr eine Vielzahl von Looks, von l\u00e4ssigen Tageslooks bis hin zu eleganten Abendroben. Ein dezenter seitlicher Rei\u00dfverschluss sorgt [&hellip;]<\/p>","protected":false},"featured_media":134375,"template":"","meta":[],"product_brand":[2019],"product_cat":[1637,1623,1699],"product_tag":[],"class_list":{"0":"post-134382","1":"product","2":"type-product","3":"status-publish","4":"has-post-thumbnail","6":"product_brand-exte","7":"product_cat-frauen-kleidung","8":"product_cat-kleidung","9":"product_cat-roecke","11":"first","12":"instock","13":"sale","14":"taxable","15":"shipping-taxable","16":"purchasable","17":"product-type-variable"},"_links":{"self":[{"href":"https:\/\/tpmadalina42.supserv.cozmoslabs.com\/fi\/wp-json\/wp\/v2\/product\/134382","targetHints":{"allow":["GET"]}}],"collection":[{"href":"https:\/\/tpmadalina42.supserv.cozmoslabs.com\/fi\/wp-json\/wp\/v2\/product"}],"about":[{"href":"https:\/\/tpmadalina42.supserv.cozmoslabs.com\/fi\/wp-json\/wp\/v2\/types\/product"}],"wp:featuredmedia":[{"embeddable":true,"href":"https:\/\/tpmadalina42.supserv.cozmoslabs.com\/fi\/wp-json\/wp\/v2\/media\/134375"}],"wp:attachment":[{"href":"https:\/\/tpmadalina42.supserv.cozmoslabs.com\/fi\/wp-json\/wp\/v2\/media?parent=134382"}],"wp:term":[{"taxonomy":"product_brand","embeddable":true,"href":"https:\/\/tpmadalina42.supserv.cozmoslabs.com\/fi\/wp-json\/wp\/v2\/product_brand?post=134382"},{"taxonomy":"product_cat","embeddable":true,"href":"https:\/\/tpmadalina42.supserv.cozmoslabs.com\/fi\/wp-json\/wp\/v2\/product_cat?post=134382"},{"taxonomy":"product_tag","embeddable":true,"href":"https:\/\/tpmadalina42.supserv.cozmoslabs.com\/fi\/wp-json\/wp\/v2\/product_tag?post=134382"}],"curies":[{"name":"wp","href":"https:\/\/api.w.org\/{rel}","templated":true}]}}