{"id":134522,"date":"2024-07-23T13:32:21","date_gmt":"2024-07-23T20:32:21","guid":{"rendered":"https:\/\/glandine.com\/product\/cora-groppo-elegante-bluse-mit-rollkragen-in-grau-und-blau\/"},"modified":"2024-11-29T14:24:37","modified_gmt":"2024-11-29T13:24:37","slug":"cora-groppo-elegante-bluse-mit-rollkragen-in-grau-und-blau","status":"publish","type":"product","link":"https:\/\/tpmadalina42.supserv.cozmoslabs.com\/fi\/tuote-2\/cora-groppo-elegante-bluse-mit-rollkragen-in-grau-und-blau\/","title":{"rendered":"CORA GROPPO Elegante Bluse mit Rollkragen in Grau und Blau"},"content":{"rendered":"<p>Steigern Sie Ihren Stil mit dieser exquisiten Neckholder-Bluse von CORA GROPPO. Dieses brandneue, mit dem Etikett versehene Oberteil ist nicht nur ein Beweis f\u00fcr moderne Eleganz, sondern auch ein vielseitiges St\u00fcck, das Sie mit m\u00fcheloser Anmut von einem legeren Tagesausflug zu einer Abendveranstaltung begleiten kann.<\/p>\n<ul>\n<li>Farbe: Grau und Blau<\/li>\n<li>Material: 82% Polyester, 18% Elasthan<\/li>\n<li>Alkuper\u00e4maa: IT<\/li>\n<\/ul>","protected":false},"excerpt":{"rendered":"<p>Steigern Sie Ihren Stil mit dieser exquisiten Neckholder-Bluse von CORA GROPPO. Dieses brandneue, mit dem Etikett versehene Oberteil ist nicht nur ein Beweis f\u00fcr moderne Eleganz, sondern auch ein vielseitiges St\u00fcck, das Sie mit m\u00fcheloser Anmut von einem legeren Tagesausflug zu einer Abendveranstaltung begleiten kann. Farbe: Grau und Blau Material: 82% Polyester, 18% Elasthan Herkunftsland: [&hellip;]<\/p>","protected":false},"featured_media":134515,"template":"","meta":[],"product_brand":[2021],"product_cat":[1637,1623,1714],"product_tag":[],"class_list":{"0":"post-134522","1":"product","2":"type-product","3":"status-publish","4":"has-post-thumbnail","6":"product_brand-cora-groppo","7":"product_cat-frauen-kleidung","8":"product_cat-kleidung","9":"product_cat-oberteile-t-shirts","11":"first","12":"instock","13":"sale","14":"taxable","15":"shipping-taxable","16":"purchasable","17":"product-type-variable"},"_links":{"self":[{"href":"https:\/\/tpmadalina42.supserv.cozmoslabs.com\/fi\/wp-json\/wp\/v2\/product\/134522","targetHints":{"allow":["GET"]}}],"collection":[{"href":"https:\/\/tpmadalina42.supserv.cozmoslabs.com\/fi\/wp-json\/wp\/v2\/product"}],"about":[{"href":"https:\/\/tpmadalina42.supserv.cozmoslabs.com\/fi\/wp-json\/wp\/v2\/types\/product"}],"wp:featuredmedia":[{"embeddable":true,"href":"https:\/\/tpmadalina42.supserv.cozmoslabs.com\/fi\/wp-json\/wp\/v2\/media\/134515"}],"wp:attachment":[{"href":"https:\/\/tpmadalina42.supserv.cozmoslabs.com\/fi\/wp-json\/wp\/v2\/media?parent=134522"}],"wp:term":[{"taxonomy":"product_brand","embeddable":true,"href":"https:\/\/tpmadalina42.supserv.cozmoslabs.com\/fi\/wp-json\/wp\/v2\/product_brand?post=134522"},{"taxonomy":"product_cat","embeddable":true,"href":"https:\/\/tpmadalina42.supserv.cozmoslabs.com\/fi\/wp-json\/wp\/v2\/product_cat?post=134522"},{"taxonomy":"product_tag","embeddable":true,"href":"https:\/\/tpmadalina42.supserv.cozmoslabs.com\/fi\/wp-json\/wp\/v2\/product_tag?post=134522"}],"curies":[{"name":"wp","href":"https:\/\/api.w.org\/{rel}","templated":true}]}}